{"id":11611,"date":"2017-02-16T12:43:02","date_gmt":"2017-02-16T11:43:02","guid":{"rendered":"https:\/\/www.gymnasium-rhauderfehn.de\/?page_id=11611"},"modified":"2022-08-29T09:29:42","modified_gmt":"2022-08-29T07:29:42","slug":"freiwilliges-oekologisches-jahr-foej","status":"publish","type":"page","link":"https:\/\/www.gymnasium-rhauderfehn.de\/?page_id=11611","title":{"rendered":"Freiwilliges \u00f6kologisches Jahr (F\u00d6J)"},"content":{"rendered":"<p>Seit 2009 ist das Albrecht-Weinberg-Gymnasium Rhauderfehn in Kombination mit dem F\u00f6rderverein \u201eFreunde und F\u00f6rderer des Gymnasiums Rhauderfehn e.V.\u201c anerkannt als Einsatzstelle f\u00fcr das Freiwillige \u00d6kologische Jahr (F\u00d6J). Seitdem haben knapp 30 junge Menschen, darunter drei aus Russland und ein junge Frau aus Norwegen ihr F\u00d6J bei uns abgeleistet.<\/p>\n<p>Diese jungen Menschen haben gr\u00f6\u00dftenteils ein Jahr in Rhauderfehn verbracht und haben am Gymnasium, aber auch an den benachbarten Schulen Unterst\u00fctzungsarbeit geleistet. Sie haben unter anderem AGs angeboten, Sportturniere organisiert, in der Bibliothek mitgearbeitet, eine Kr\u00e4uterschnecke gebaut, bei der Pausengestaltung mitgeholfen und \u00f6kologische Projekte mit angeschoben. In dieser Zeit haben sie sich selbst weiter entwickelt und gleichzeitig die Schulgemeinschaft bereichert.<\/p>\n<p>Gemeinsam mit anderen Freiwilligen, die im Rahmen des European Voluntary Service oder im sozialen Jahr an der Schule t\u00e4tig sind, wohnen sie in der Regel in einer Wohngemeinschaftin direkter Nachbarschaft zum Schulzentrum; die ehemalige Hausmeister-Wohnung hat der Landkreis Leer dem F\u00f6rderverein freundlicherweise zu g\u00fcnstigen Bedingungen \u00fcberlassen.<\/p>\n<p><a href=\"https:\/\/www.gymnasium-rhauderfehn.de\/wp-content\/uploads\/2021\/06\/FOeJ.pdf\">Hier<\/a> gibt es&nbsp;<strong>Informationen rundum den Freiwilligendienst im Allgemeinen und die Einsatzstelle<\/strong> der &#8222;Freunde und F\u00f6rderer des Albrecht-Weinberg-Gymnasiums e.V.&#8220;.<\/p>\n<p>In diesem Jahr machen <strong>Aliia Nazmieva aus St. Petersburg (Russland)&nbsp;<\/strong> und <strong>Thorben Welzel aus Rhauderfehn&nbsp;<\/strong>ihr F\u00d6J bei uns.<\/p>\n<p><a href=\"https:\/\/www.gymnasium-rhauderfehn.de\/wp-content\/uploads\/2022\/08\/Aliia.jpeg\"><img loading=\"lazy\" decoding=\"async\" class=\"size-medium wp-image-19433 alignleft\" src=\"https:\/\/www.gymnasium-rhauderfehn.de\/wp-content\/uploads\/2022\/08\/Aliia-225x300.jpeg\" alt=\"\" width=\"225\" height=\"300\" srcset=\"https:\/\/www.gymnasium-rhauderfehn.de\/wp-content\/uploads\/2022\/08\/Aliia-225x300.jpeg 225w, https:\/\/www.gymnasium-rhauderfehn.de\/wp-content\/uploads\/2022\/08\/Aliia-768x1025.jpeg 768w, https:\/\/www.gymnasium-rhauderfehn.de\/wp-content\/uploads\/2022\/08\/Aliia.jpeg 850w\" sizes=\"auto, (max-width: 225px) 100vw, 225px\" \/><\/a><\/p>\n<p><a href=\"https:\/\/www.gymnasium-rhauderfehn.de\/wp-content\/uploads\/2022\/08\/Thorben.png\"><img loading=\"lazy\" decoding=\"async\" class=\"size-medium wp-image-19432 alignleft\" src=\"https:\/\/www.gymnasium-rhauderfehn.de\/wp-content\/uploads\/2022\/08\/Thorben-215x300.png\" alt=\"\" width=\"215\" height=\"300\" srcset=\"https:\/\/www.gymnasium-rhauderfehn.de\/wp-content\/uploads\/2022\/08\/Thorben-215x300.png 215w, https:\/\/www.gymnasium-rhauderfehn.de\/wp-content\/uploads\/2022\/08\/Thorben.png 393w\" sizes=\"auto, (max-width: 215px) 100vw, 215px\" \/><\/a><\/p>\n<p>&nbsp;<\/p>\n<p>&nbsp;<\/p>\n<p>&nbsp;<\/p>\n<p>&nbsp;<\/p>\n<p>&nbsp;<\/p>\n<p>&nbsp;<\/p>\n<p>&nbsp;<\/p>\n<p>&nbsp;<\/p>\n<p>Ansprechpartnerinnen sind Frau Focken vom F\u00f6rderverein (<a href=\"mailto:foerderverein@gymnasium-rhauderfehn.de\">foerderverein@gymnasium-rhauderfehn.de<\/a>) sowie Frau Janssen (<a href=\"mailto:ulrike.janssen@gymnasium-rhauderfehn.eu\">ulrike.janssen@gymnasium-rhauderfehn.eu<\/a>).<\/p>\n<p style=\"text-align: center;\">&#8212;&#8212;&#8212;&#8212;&#8212;&#8212;&#8212;&#8212;&#8212;&#8212;&#8212;-<\/p>\n<p>Thorben und Aliia haben ein&nbsp;<strong>Interview \u00fcber ihr F\u00d6J<\/strong>&nbsp;gef\u00fchrt:<\/p>\n<p><strong>K\u00f6nnt ihr euch kurz vorstellen?<\/strong><\/p>\n<p><em>Thorben: Ich hei\u00dfe Thorben und komme hier direkt aus Rhauderfehn. Ich interessiere mich sehr f\u00fcr Musik, Spieltheorie und offensichtlicherweise, wie wahrscheinlich viele junge Menschen, f\u00fcr Umweltschutz. Ich hoffe hier in Rhauderfehn helfen und etwas bewegen zu k\u00f6nnen.<\/em><\/p>\n<p><em>Aliia: Mein Name ist Aliia. Ich komme aus Sankt Petersburg. Ich bin sehr neugierig und interessiere mich f\u00fcr viele Themen. Und freue mich darauf, mein F\u00d6J hier in Rhauderfehn zu starten.<\/em><\/p>\n<p><strong><em>Warum hast du dich f\u00fcr ein Freiwilliges \u00d6kologisches Jahr entschieden?<\/em><\/strong><\/p>\n<p><em>Thorben: Ich brauche aktuell noch Zeit, um mich auf mein Studium vorzubereiten,&nbsp;<\/em><em>daher hatte ich generell den Gedanken ein freiwilliges Jahr zu machen. Des Weiteren hat mir mein Erdkunde-Lehrer \u00fcber die Jahre ins Gewissen geredet und ich hoffe, dass ich einen \u00e4hnlichen Effekt haben kann. Zudem macht mir die Klima-Krise Angst und wenn man etwas \u00fcber \u201erichtige\u201c Schritte oder lohnenswerte Lebens\u00e4nderungen lernen kann, dann in einem F\u00d6J.<\/em><\/p>\n<p><em>&nbsp;<\/em><em>Aliia: Es war eine gute Gelegenheit f\u00fcr mich, etwas Neues in einem anderen Land auszuprobieren, andere Menschen und Kultur kennenzulernen und mein Deutsch zu verbessern.<\/em><\/p>\n<p><strong>Was genau ist ein F\u00d6J?<\/strong><\/p>\n<p><em>&nbsp;<\/em><em>T: Ein<\/em><\/p>\n<p><strong><em>F<\/em><\/strong><em>reiwilliges<\/em><\/p>\n<p><strong><em>\u00d6<\/em><\/strong><em>kologisches<\/em><\/p>\n<p><strong><em>J<\/em><\/strong><em>ahr,<\/em><\/p>\n<p><em>also ein Jahr, in dem man als Freiwilliger in irgendeiner Art und Weise naturverbunden oder -gebunden arbeitet. Das kann viele verschiedene Formen annehmen, z.B. die Arbeit \/ Mithilfe an dieser Schule, in der man durch Projekte die \u00f6kologischen Aspekte hervorhebt, oder auch viel direkter, bei der Alfred-T\u00f6pfer-Akademie f\u00fcr Naturschutz, dem Organisator, kann man beispielsweise innerhalb eines F\u00d6Js in deren Garten arbeiten.<\/em><em>&nbsp;<\/em><\/p>\n<p><em>A: Das Freiwillige \u00d6kologische Jahr (F\u00d6J) ist ein \u00f6kologisches Bildungsjahr, das jungen Menschen die Chance gibt, ein Jahr lang im Umwelt- und Naturschutz mitzuarbeiten und sich zu orientieren.<\/em><\/p>\n<p><strong>Warum hast du dich f\u00fcr Arbeit an einer Schule entschieden?<\/strong><\/p>\n<p><em>&nbsp;<\/em><em>T: Im Generellen, weil ich gerne, bevor ich in das Arbeitsleben eintrete bzw. in das \u201eStudentenleben\u201c, gerne noch versuchen m\u00f6chte etwas zu ver\u00e4ndern. Wann hat man sonst im Leben die Chance f\u00fcr so etwas? Und wo kann man direkter Jugendliche treffen und \u201ebeeinflussen\u201c oder ihnen etwas auf dem Weg geben als in der Schule? Au\u00dferdem ist genau diese Schule f\u00fcr mich privat auch ein eher besonderer Ort, da ich hier zur Schule gegangen bin und daher auch viele gute Erinnerungen an sie habe.<\/em><\/p>\n<p><em>&nbsp;<\/em><em>A: Fr\u00fcher, in meinem letzten Job, war ich die Betreuerin unserer Praktikanten. Dabei habe ich gemerkt, dass ich gerne mit Jugendlichen arbeite. Sie sind neugierig und offen, stellen manchmal zu viele Fragen, aber es ist interessant.<\/em><\/p>\n<p><em>&nbsp;<\/em><strong>Was sind eure T\u00e4tigkeiten?<\/strong><\/p>\n<p><em>&nbsp;<\/em><em>T: Zum einen \u00fcbernehmen wir die generellen oder \u201enormalen\u201c T\u00e4tigkeiten, die hier in der Schule so anfallen, sprich: wir helfen bei der Schulbuchausleihe, werden bei Bedarf die Corona-Tests austeilen bzw. zuordnen, oder vielleicht neue Raumpl\u00e4ne verteilen, falls sich die Stundenpl\u00e4ne \u00e4ndern. Zum anderen d\u00fcrfen wir auch eigene Projekte starten, durch die wir uns in den \u201enormalen\u201c Unterricht einmischen oder dort aushelfen. Zudem sind wir im Jugendcaf\u00e9 und d\u00fcrfen es beaufsichtigen und dort an der Kasse arbeiten.<\/em><\/p>\n<p><strong>Und nachmittags seid ihr im Jugendcaf\u00e9? Was denkt ihr dar\u00fcber?<\/strong><\/p>\n<p><em>&nbsp;<\/em><em>T: <\/em><em>Das Jugendcaf\u00e9 ist ein sehr sch\u00f6ner Ort und ich bereue es sehr nicht schon fr\u00fcher dort gewesen zu sein, ich mag die Atmosph\u00e4re dort sehr und auch das Konzept gef\u00e4llt mir gut. Es ist einfach toll, weil man sich dort ein wenig entspannen kann und locker mit anderen unterhalten kann. Das Beste oder besser gesagt das Beeindruckendste ist zu beobachten, wie sich zwei gleich f\u00e4hige Kontrahenten beim Tischkicker oder auch beim AirHockey \u201ebek\u00e4mpfen\u201c.&nbsp;<\/em><\/p>\n<p><em>&nbsp;<\/em><em>A:<\/em> <em>Dieses Caf\u00e9 ist ein gro\u00dfartiger Ort f\u00fcr Jugendliche, um interessant Zeit zu verbringen und Spa\u00df zu haben.<\/em><\/p>\n<p><strong>Was erwartet euch au\u00dferdem norm\u0430len Arbeit?<\/strong><\/p>\n<p><em>T:<\/em> <em>Die schon einmal erw\u00e4hnten Projekte in der Schule, aber auch im&nbsp;<\/em><em>Jugendcaf\u00e9, z.B. in Form von Ferienaktionen, und dazu dann noch die&nbsp;<\/em><em>Seminare.<\/em><\/p>\n<p><em>&nbsp;<\/em><strong>Wie genau kann man sich die Seminare vorstellen?<\/strong><\/p>\n<p><em>&nbsp;<\/em><em>A:<\/em> <em>Zu unserem F\u00d6J geh\u00f6ren f\u00fcnf Seminare von jeweils f\u00fcnf Tagen. In den Seminaren werden wir verschiedene Themen ansprechen &#8211; \u00fcber \u00d6kologie, Umweltschutz, Nachhaltige Entwicklung etc. Das Seminar dient dem Wissensaustausch mit anderen F\u00d6J-Teilnehmern und nat\u00fcrlich einer informativen Weiterbildung. Es wird bestimmt spannend sein.<\/em><\/p>\n<p><strong>Plant ihr aktuelle Projekte oder etwas Spezifisches?<\/strong><\/p>\n<p><em>T:<\/em> <em>Wir planen nat\u00fcrlich viel bzw. sammeln Ideen und suchen nach M\u00f6glichkeiten diese m\u00f6glichst realistisch umzusetzen, konnten bisher aber noch nichts wirklich umsetzen, daf\u00fcr haben wir aber noch gen\u00fcgend Zeit. Ob wir wirklich alles geplante oder \u201eertr\u00e4umte\u201c in die Wirklichkeit \u00fcbertragen k\u00f6nnen, steht leider noch in den Sternen.<\/em><\/p>\n<p><em>A: Ich interessiere mich sehr f\u00fcr das Thema &#8222;Erneuerbare Energien&#8220;. Ich w\u00fcrde gerne ein Projekt zu diesem Thema machen.<\/em><\/p>\n<p><em>&nbsp;<\/em><strong>Wo wohnt ihr denn im Moment?<\/strong><\/p>\n<p><em>T:<\/em> <em>Ich wohne gl\u00fccklicher Weise noch Zuhause mit allen Vor- und Nachteilen.&nbsp;<\/em><em>Daf\u00fcr darf ich die Freiwilligenwohnung trotzdem als kleinen Arbeitsplatz nutzen, au\u00dferdem werde ich wahrscheinlich mein Zimmer hier als Erholungsraum nehmen, falls ich mal in der Schule eine \u201ezu lange\u201c Pause habe.<\/em><\/p>\n<p><em>A:<\/em> <em>Ich wohne in der Freiwilligenwohnung.<\/em><\/p>\n<p><em>&nbsp;<\/em><strong>Gef\u00e4llt euch die Freiwilligenwohnung?<\/strong><\/p>\n<p><em>T:<\/em> <em>Ich finde die Freiwilligenwohnung sehr sch\u00f6n, auch wenn der Garten oder&nbsp;<\/em><em>eher die Rasenfl\u00e4che, die dazugeh\u00f6rt, manchmal ziemlich viel Arbeit ist. Daf\u00fcr hat man dann im Umkehrschluss eben diesen Garten, den man f\u00fcr alles verwenden kann. Die Wohnung an sich ist einfach toll f\u00fcr mehrere Bewohner und bietet \u00fcberraschend viel Raum.<\/em><\/p>\n<p><em>A:<\/em> <em>Ich finde die Wohnung auch cool.<\/em> <em>Zum Leben gibt es alles, was man braucht, und richtig viel Platz.<\/em><\/p>\n<p><strong>Was habt ihr nach eurem F\u00d6J vor?<\/strong><\/p>\n<p><em>T:<\/em> <em>Ich m\u00f6chte wahrscheinlich Komposition oder Game Design studieren. Ob das&nbsp;<\/em><em>wirklich klappt oder ob es nicht doch etwas gibt, was mir besser&nbsp;<\/em><em>liegt, finde ich hoffentlich zeitnah heraus.<\/em><\/p>\n<p><em>A:<\/em> <em>Ich plane, meinen Weg im Bereich \u00d6kologie und Umweltschutz weiter zu gehen. Ich bin mir nicht ganz sicher, aber vielleicht setze ich mein Studium in einem Master-Programm in diesem Bereich fort.<\/em><strong>&nbsp;&nbsp;<\/strong><\/p>\n<p><strong>Danke f\u00fcr eure Zeit.<\/strong><\/p>\n<p><em>&nbsp;<\/em><em>\u0422:<\/em><em> Danke f\u00fcr die Fragen!<\/em><\/p>\n<p><em>\u0410: Danke euch allen!<\/em><\/p>\n","protected":false},"excerpt":{"rendered":"<p>Seit 2009 ist das Albrecht-Weinberg-Gymnasium Rhauderfehn in Kombination mit dem F\u00f6rderverein \u201eFreunde und F\u00f6rderer des Gymnasiums Rhauderfehn e.V.\u201c anerkannt als Einsatzstelle f\u00fcr das Freiwillige \u00d6kologische Jahr (F\u00d6J). Seitdem haben knapp 30 junge Menschen, darunter drei [&hellip;]<\/p>\n","protected":false},"author":1,"featured_media":0,"parent":18989,"menu_order":2,"comment_status":"closed","ping_status":"closed","template":"","meta":{"ngg_post_thumbnail":0,"footnotes":""},"class_list":["post-11611","page","type-page","status-publish","hentry"],"_links":{"self":[{"href":"https:\/\/www.gymnasium-rhauderfehn.de\/index.php?rest_route=\/wp\/v2\/pages\/11611","targetHints":{"allow":["GET"]}}],"collection":[{"href":"https:\/\/www.gymnasium-rhauderfehn.de\/index.php?rest_route=\/wp\/v2\/pages"}],"about":[{"href":"https:\/\/www.gymnasium-rhauderfehn.de\/index.php?rest_route=\/wp\/v2\/types\/page"}],"author":[{"embeddable":true,"href":"https:\/\/www.gymnasium-rhauderfehn.de\/index.php?rest_route=\/wp\/v2\/users\/1"}],"replies":[{"embeddable":true,"href":"https:\/\/www.gymnasium-rhauderfehn.de\/index.php?rest_route=%2Fwp%2Fv2%2Fcomments&post=11611"}],"version-history":[{"count":10,"href":"https:\/\/www.gymnasium-rhauderfehn.de\/index.php?rest_route=\/wp\/v2\/pages\/11611\/revisions"}],"predecessor-version":[{"id":19434,"href":"https:\/\/www.gymnasium-rhauderfehn.de\/index.php?rest_route=\/wp\/v2\/pages\/11611\/revisions\/19434"}],"up":[{"embeddable":true,"href":"https:\/\/www.gymnasium-rhauderfehn.de\/index.php?rest_route=\/wp\/v2\/pages\/18989"}],"wp:attachment":[{"href":"https:\/\/www.gymnasium-rhauderfehn.de\/index.php?rest_route=%2Fwp%2Fv2%2Fmedia&parent=11611"}],"curies":[{"name":"wp","href":"https:\/\/api.w.org\/{rel}","templated":true}]}}