{"id":11711,"date":"2017-03-12T19:51:03","date_gmt":"2017-03-12T18:51:03","guid":{"rendered":"https:\/\/www.gymnasium-rhauderfehn.de\/?page_id=11711"},"modified":"2022-04-18T19:21:23","modified_gmt":"2022-04-18T17:21:23","slug":"vielfalt-macht-schule","status":"publish","type":"page","link":"https:\/\/www.gymnasium-rhauderfehn.de\/?page_id=11711","title":{"rendered":"Vielfalt macht Schule"},"content":{"rendered":"<h1>Vielfalt macht Schule<\/h1>\n<p>Seit 2014 ist das Albrecht-Weinberg-Gymnasium Rhauderfehn Mitglied in dem Netzwerk \u201eVielfalt macht Schule\u201c. Dies sind vier Schulen aus verschiedenen Schulformen und unterschiedlichen Regionen Niedersachsens, die sich gegenseitig besuchen, um vor Ort Schulqualit\u00e4t zu sichten, zu evaluieren und die Ergebnisse als kritische Freunde zur\u00fcckzumelden.<br \/>\nDas Netzwerk ist eingebunden in das Kompetenzzentrum f\u00fcr Lehrkr\u00e4ftefortbildung Aurich.<br \/>\nUns ist wichtig, \u00fcber&nbsp;den Tellerrand der eigenen Schulform zu schauen, um einen unverstellten Blick auf unsere Arbeit zu gewinnen und um die nieders\u00e4chsische Bildungslandschaft zu verzahnen. Dies ist uns wichtig, um \u00fcber die Zusammenarbeit mit<\/p>\n<ul>\n<li>der Grundschule den \u00dcbergang Primar- \/ Sekundarbereich zu verbessern<\/li>\n<li>der F\u00f6rderschule gute Wege der Inklusion zu entwickeln<\/li>\n<li>dem Gymnasium zu verstehen, wohin unsere Leistungsspitzen gef\u00fchrt werden m\u00fcssen<\/li>\n<li>der Gesamtschule ein vertieftes Verst\u00e4ndnis der Arbeit mit heterogenen Lerngruppen zu entwickeln.<\/li>\n<\/ul>\n<p>Dar\u00fcber hinaus besch\u00e4ftigen uns alle viele gemeinsame p\u00e4dagogische und schultypische Themen. Wichtig ist uns, dass die Schulen nicht in unmittelbarer Nachbarschaft liegen, um Konkurrenz \u2013 oder Befangenheitssituationen zu vermeiden.<br \/>\nJede Schule entsendet zwei Delegierte: die Schulleiterin \/ den Schulleiter und je nach Thema eine weitere Person.<br \/>\nDie gastgebende Schule legt den Beobachtungsschwerpunkt fest. Themen und Teilnehmende k\u00f6nnen aus dem Bereich Unterricht, Ganztag, Beratung, Schulverwaltung, SV-Arbeit oder Elternarbeit kommen, so dass die ganze Schule beteiligt werden kann. Daher ist es wichtig, \u201eVielfalt-macht-Schule\u201c \u00fcber die jeweiligen Gesamtkonferenzen und Schulvorst\u00e4nde genehmigen zu lassen.<\/p>\n<p>Ein Besuch des Netzwerks umfasst in der Regel zwei Arbeitstage und beinhaltet Hospitationen, Gespr\u00e4che mit Gremien, Personen und Gruppen sowie eine abschlie\u00dfende R\u00fcckmeldung an die gastgebende Schule.<br \/>\nWer Teil der Hospitationen ist und wer das Feedback erf\u00e4hrt, legt die Gastschule fest. Wir besuchen uns als kritische Freunde und geben uns respektvoll, professionell und unaufdringlich ein freundschaftliches Feedback.<br \/>\nIn regelm\u00e4\u00dfigen Abst\u00e4nden wird die Arbeit des Netzwerks von den Teilnehmenden evaluiert.<br \/>\nWeil wir \u00fcberzeugt sind, dass unser Konzept gewinnbringend f\u00fcr alle Beteiligten ist, berichten wir gerne anderen Schulen und Institutionen \u00fcber unsere Erfahrungen.<\/p>\n<p>Teilnehmende Schulen:<\/p>\n<ul>\n<li>\n<h3>Kooperative Gesamtschule Tarmstedt<\/h3>\n<p>Sandra Pohl, Schulleiterin<br \/>\n<a href=\"http:\/\/www.kgs-tarmstedt.de\">www.kgs-tarmstedt.de<\/a><\/li>\n<li>\n<h3>Albrecht-Weinberg-Gymnasium Rhauderfehn<\/h3>\n<p>Ulrike Janssen, Schulleiterin<br \/>\n<a href=\"http:\/\/www.gymnasium-rhauderfehn.de\">www.gymnasium-rhauderfehn.de<\/a><\/li>\n<li>\n<h3>Franz-Mersi-Schule Hannover (F\u00f6rderzentrum Sehen)<\/h3>\n<p>Peter Walkowiak, Schulleiter<br \/>\n<a href=\"http:\/\/www.franz-mersi-schule.de\">www.franz-mersi-schule.de<\/a><\/li>\n<li>\n<h3>Grundschule Heideschule Buchholz<\/h3>\n<p>Corinna Vogt, Schulleiterin<br \/>\n<a href=\"http:\/\/www.heideschule.org\">www.heideschule.org<\/a><\/li>\n<\/ul>\n<p>Lesen Sie hier die Berichte zu den Netzwerktreffen:<\/p>\n<ul>\n<li>Netzwerktreffen an der <a href=\"https:\/\/www.gymnasium-rhauderfehn.de\/?p=10773\">KGS Tarmstedt<\/a>,<\/li>\n<li>Netzwerktreffen in <a href=\"https:\/\/www.gymnasium-rhauderfehn.de\/?p=11642\">Buchholz<\/a>,<\/li>\n<li>Netzwerktreffen an <a href=\"https:\/\/www.gymnasium-rhauderfehn.de\/?p=12599\">unserer Schule.<\/a><\/li>\n<\/ul>\n<p>Im Zusammenhang mit den Kontaktbeschr\u00e4nkungen durch die Corona-Pandemie musste die Netzwerk-Arbeit seit Fr\u00fchjahr 2020 ausgesetzt werden.<\/p>\n","protected":false},"excerpt":{"rendered":"<p>Vielfalt macht Schule Seit 2014 ist das Albrecht-Weinberg-Gymnasium Rhauderfehn Mitglied in dem Netzwerk \u201eVielfalt macht Schule\u201c. Dies sind vier Schulen aus verschiedenen Schulformen und unterschiedlichen Regionen Niedersachsens, die sich gegenseitig besuchen, um vor Ort Schulqualit\u00e4t [&hellip;]<\/p>\n","protected":false},"author":1,"featured_media":0,"parent":18972,"menu_order":3,"comment_status":"closed","ping_status":"closed","template":"","meta":{"ngg_post_thumbnail":0,"footnotes":""},"class_list":["post-11711","page","type-page","status-publish","hentry"],"_links":{"self":[{"href":"https:\/\/www.gymnasium-rhauderfehn.de\/index.php?rest_route=\/wp\/v2\/pages\/11711","targetHints":{"allow":["GET"]}}],"collection":[{"href":"https:\/\/www.gymnasium-rhauderfehn.de\/index.php?rest_route=\/wp\/v2\/pages"}],"about":[{"href":"https:\/\/www.gymnasium-rhauderfehn.de\/index.php?rest_route=\/wp\/v2\/types\/page"}],"author":[{"embeddable":true,"href":"https:\/\/www.gymnasium-rhauderfehn.de\/index.php?rest_route=\/wp\/v2\/users\/1"}],"replies":[{"embeddable":true,"href":"https:\/\/www.gymnasium-rhauderfehn.de\/index.php?rest_route=%2Fwp%2Fv2%2Fcomments&post=11711"}],"version-history":[{"count":10,"href":"https:\/\/www.gymnasium-rhauderfehn.de\/index.php?rest_route=\/wp\/v2\/pages\/11711\/revisions"}],"predecessor-version":[{"id":18689,"href":"https:\/\/www.gymnasium-rhauderfehn.de\/index.php?rest_route=\/wp\/v2\/pages\/11711\/revisions\/18689"}],"up":[{"embeddable":true,"href":"https:\/\/www.gymnasium-rhauderfehn.de\/index.php?rest_route=\/wp\/v2\/pages\/18972"}],"wp:attachment":[{"href":"https:\/\/www.gymnasium-rhauderfehn.de\/index.php?rest_route=%2Fwp%2Fv2%2Fmedia&parent=11711"}],"curies":[{"name":"wp","href":"https:\/\/api.w.org\/{rel}","templated":true}]}}