{"id":17210,"date":"2020-08-25T09:34:59","date_gmt":"2020-08-25T07:34:59","guid":{"rendered":"https:\/\/www.gymnasium-rhauderfehn.de\/?page_id=17210"},"modified":"2022-04-19T12:10:23","modified_gmt":"2022-04-19T10:10:23","slug":"umgang-mit-der-corona-pandemie","status":"publish","type":"page","link":"https:\/\/www.gymnasium-rhauderfehn.de\/?page_id=17210","title":{"rendered":"Umgang mit der Corona Pandemie"},"content":{"rendered":"<p>Liebe Sch\u00fclerinnen und Sch\u00fcler,<\/p>\n<p>liebe Eltern, liebe Erziehungsberechtigte,<\/p>\n<p>ab dem 20.04.2022 ist die Kohorteneinteilung in unserem Schulgeb\u00e4ude aufgehoben. Alle Bereiche des Schulgel\u00e4ndes und alle Eing\u00e4nge d\u00fcrfen wieder kohortenunabh\u00e4ngig genutzt werden. Eine Maskenpflicht besteht nicht mehr, wird aber vom Kultusministerium noch empfohlen.<\/p>\n<p>In der Zeit vom 20.-29.04.2022 besteht eine t\u00e4gliche Testflicht. F\u00fcr den Monat Mai wird eine dreimalige Testung pro Woche empfohlen (siehe Ministerbrief unten auf dieser Seite).<\/p>\n<p>Bitte beachten Sie auch weiterhin s\u00e4mtliche Informationen zum Schulbetrieb unter Corona-Bedingungen, die auf dieser Seite ver\u00f6ffentlicht und per Mail \u00fcber IServ versandt werden.<\/p>\n<p>Die aktuellen Informationen des Kultusministeriums sind au\u00dferdem auch <a href=\"https:\/\/www.mk.niedersachsen.de\/startseite\/aktuelles\/schule-neues-schuljahr-190409.html\">hier<\/a> zu finden<\/p>\n<p><a href=\"https:\/\/www.gymnasium-rhauderfehn.de\/wp-content\/uploads\/2022\/04\/2022-04-14__Brief_an_Eltern_.pdf\">Brief des Kultusministers an die Eltern und Erziehungsberechtigten<\/a><\/p>\n<p><a href=\"https:\/\/www.gymnasium-rhauderfehn.de\/wp-content\/uploads\/2020\/12\/Beratungsangebote_f_r_Sch_lerinnen_und_Sch_ler.pdf\">Beratungsangebot f\u00fcr Sch\u00fclerinnen und Sch\u00fcler<\/a><\/p>\n<p>&nbsp;<\/p>\n<p>&nbsp;<\/p>\n<p>&nbsp;<\/p>\n<p>&nbsp;<\/p>\n","protected":false},"excerpt":{"rendered":"<p>Liebe Sch\u00fclerinnen und Sch\u00fcler, liebe Eltern, liebe Erziehungsberechtigte, ab dem 20.04.2022 ist die Kohorteneinteilung in unserem Schulgeb\u00e4ude aufgehoben. Alle Bereiche des Schulgel\u00e4ndes und alle Eing\u00e4nge d\u00fcrfen wieder kohortenunabh\u00e4ngig genutzt werden. Eine Maskenpflicht besteht nicht mehr, [&hellip;]<\/p>\n","protected":false},"author":1,"featured_media":0,"parent":0,"menu_order":6,"comment_status":"closed","ping_status":"closed","template":"","meta":{"ngg_post_thumbnail":0,"footnotes":""},"class_list":["post-17210","page","type-page","status-publish","hentry"],"_links":{"self":[{"href":"https:\/\/www.gymnasium-rhauderfehn.de\/index.php?rest_route=\/wp\/v2\/pages\/17210","targetHints":{"allow":["GET"]}}],"collection":[{"href":"https:\/\/www.gymnasium-rhauderfehn.de\/index.php?rest_route=\/wp\/v2\/pages"}],"about":[{"href":"https:\/\/www.gymnasium-rhauderfehn.de\/index.php?rest_route=\/wp\/v2\/types\/page"}],"author":[{"embeddable":true,"href":"https:\/\/www.gymnasium-rhauderfehn.de\/index.php?rest_route=\/wp\/v2\/users\/1"}],"replies":[{"embeddable":true,"href":"https:\/\/www.gymnasium-rhauderfehn.de\/index.php?rest_route=%2Fwp%2Fv2%2Fcomments&post=17210"}],"version-history":[{"count":6,"href":"https:\/\/www.gymnasium-rhauderfehn.de\/index.php?rest_route=\/wp\/v2\/pages\/17210\/revisions"}],"predecessor-version":[{"id":19027,"href":"https:\/\/www.gymnasium-rhauderfehn.de\/index.php?rest_route=\/wp\/v2\/pages\/17210\/revisions\/19027"}],"wp:attachment":[{"href":"https:\/\/www.gymnasium-rhauderfehn.de\/index.php?rest_route=%2Fwp%2Fv2%2Fmedia&parent=17210"}],"curies":[{"name":"wp","href":"https:\/\/api.w.org\/{rel}","templated":true}]}}