{"id":17792,"date":"2021-03-06T17:09:28","date_gmt":"2021-03-06T16:09:28","guid":{"rendered":"https:\/\/www.gymnasium-rhauderfehn.de\/?page_id=17792"},"modified":"2022-04-19T01:06:20","modified_gmt":"2022-04-18T23:06:20","slug":"die-geschichte-unserer-schule-mit-albrecht-weinberg","status":"publish","type":"page","link":"https:\/\/www.gymnasium-rhauderfehn.de\/?page_id=17792","title":{"rendered":"Warum dieser Name?"},"content":{"rendered":"<h1>Wie ist das Gymnasium in Kontakt mit Albrecht Weinberg gekommen?<\/h1>\n<p>Im Jahre 2019 feierte der Ort, an dem unserer Schule steht, Rhauderfehn, sein 250 j\u00e4hriges Jubil\u00e4um.\u00a0Im Zuge der Vorbereitungen der Feierlichkeiten ist der Geschichtskurs pers\u00f6nlich mit dem\u00a0j\u00fcdischen Holocaust\u00fcberlebenden Albrecht Weinberg\u00a0 (*1925 in Rhauderfehn) in Verbindung gekommen und auf die Idee gekommen, seine biografische Krise, die mit der politischen Krise des Ortes Rhauderfehn im Nationalsozialismus einhergeht, zu thematisieren.\u00a0Sein pers\u00f6nliches Schicksal, die dunklen Seiten der Geschichte Rhauderfehns, die Zeit des Umdenkens und die Herausforderung des Wiedergutmachens einer anderen Generation sind der rote Faden der Arbeit, die der\u00a0Geschichtskurs ge 419 mit <a href=\"https:\/\/www.gymnasium-rhauderfehn.de\/wp-content\/uploads\/2021\/03\/20210306_Schuelerfriedenspreis.pdf\">dieser Pr\u00e4sentation<\/a> beim Wettbewerb des Sch\u00fclerfriedenspreises beeindruckend einreichte.\u00a0<a href=\"https:\/\/www.gymnasium-rhauderfehn.de\/wp-content\/uploads\/2021\/03\/2019.02.07-GWdBInhalt-.pdf\">In diesem Beitrag<\/a> zum Wettbewerb des Bundespr\u00e4sidenten vom Geschichtskurs ge419 des Gymnasiums Rhauderfehn 2018\/2019 k\u00f6nnen Sie ausf\u00fchrlich zum Leben Weinbergs lesen.<\/p>\n<p>Nachdem sich viele Sch\u00fcler*innen mit Albrecht Weinbergs Leben auseineinandergesetzt haben und nach mehreren Begegnungen des Holocaust-\u00dcberlebenden Albrecht Weinberg mit Sch\u00fclerinnen und Sch\u00fclern des Gymnasiums Rhauderfehn, bei denen er eindrucksvoll und bewegend aus seinem Leben unter der nationalsozialistischen Gewaltherrschaft berichtete, entstand die Idee, dass auch die B\u00fcrgerinnen und B\u00fcrger seines fr\u00fcheren Heimatortes Westrhauderfehns einmal die Gelegenheit erhalten sollten, seine Lebensgeschichte kennen zu lernen. Weinberg, der vor einigen Jahren zum Ehrenb\u00fcrger der Gemeinde Rhauderfehn ernannt wurde, war dazu bereit, sich im vertrauten Rahmen des Gymnasiums von der Geschichtslehrerin Anke Chudzinski-Schubert zu wichtigen Stationen seines Lebens befragen zu lassen. Die Veranstaltung, die am 3. M\u00e4rz 2020, stattfand, wurde von fast 200 Menschen besucht, darunter neben dem B\u00fcrgermeister der Gemeinde Rhauderfehn mehrere Gemeinderatsmitglieder, etliche Eltern und Lehrkr\u00e4fte des Gymnasiums Rhauderfehns und viele weitere interessierte B\u00fcrgerinnen und B\u00fcrger des Overledingerlandes. Dieser eindrucksvolle Abend war ein Meilenstein in der Geschichte des Ortes, aber besonders auch des Gymnasiums Rhauderfehn.<\/p>\n<p>Wenige Monate sp\u00e4ter beschloss der Schulvorstand auf Initiative der Sch\u00fclervertretung, dass die Schule fortan den Namen des Holocaust-\u00dcberlebenden Albrecht Weinberg tragen sollte. Im September stimmte der Kreistag des Landkreises Leer dem Vorschlag der Schule zu, den Namen Albrecht-Weinberg-Gymnasium Rhauderfehn zu f\u00fchren.<\/p>\n<h1>Ehrenabitur f\u00fcr Albrecht Weinberg<\/h1>\n<p><a href=\"https:\/\/www.gymnasium-rhauderfehn.de\/wp-content\/uploads\/2021\/07\/Ehrenabitur.png\"><img loading=\"lazy\" decoding=\"async\" class=\"size-medium wp-image-18312 alignleft\" src=\"https:\/\/www.gymnasium-rhauderfehn.de\/wp-content\/uploads\/2021\/07\/Ehrenabitur-300x292.png\" alt=\"\" width=\"300\" height=\"292\" srcset=\"https:\/\/www.gymnasium-rhauderfehn.de\/wp-content\/uploads\/2021\/07\/Ehrenabitur-300x292.png 300w, https:\/\/www.gymnasium-rhauderfehn.de\/wp-content\/uploads\/2021\/07\/Ehrenabitur.png 591w\" sizes=\"auto, (max-width: 300px) 100vw, 300px\" \/><\/a><\/p>\n<p>Im Rahmen der diesj\u00e4hrigen Abiturfeierlichkeiten an \u201eseinem\u201c Gymnasium wurde dem Namensgeber Albrecht Weinberg am 3. Juli 2021 das Ehrenabitur verliehen.<\/p>\n<p>Herr Weinberg, dem in seiner Jugend ein Schulabschluss aufgrund der mit der Nazi-Gewaltherrschaft einhergehenden Judenverfolgung verwehrt blieb, wurde in bewegenden Reden der Sch\u00fclersprecher Hannah Coordes und Christoph Bollen auf die versp\u00e4tete Zeugnisausgabe vorbereitet. Hannah sagte u.a.:<\/p>\n<p><em>\u201eIn den vergangenen Jahren haben Sie uns Sch\u00fclerinnen und Sch\u00fclern immer wieder Ihre Geschichte erz\u00e4hlt, f\u00fcr uns haben Sie das Grauen, das Ihnen widerfahren ist, erneut durchlebt, um uns etwas beizubringen, das so viel wichtiger ist als viele der schulischen Inhalte: Was es bedeutet, ausgegrenzt und gehasst zu werden, dass Respekt und\u00a0 Achtung vor unseren Mitmenschen wichtiger sind denn je, und vor allem, dass wir eine Stimme haben, die im Angesicht gro\u00dfer Ungerechtigkeit nicht verstummen darf. Ihr Beitrag zu unserer Bildung hat nichts zu tun mit auswendig gelernten Formeln oder der richtigen Rechtschreibung. Ihr Wissen stammt nicht aus B\u00fcchern, sondern ist das Ergebnis einer unglaublichen Lebensgeschichte und heute m\u00f6chten wir Sie f\u00fcr Ihr Engagement und Ihren unerm\u00fcdlichen Einsatz ehren.\u201c <\/em><\/p>\n<p>Christoph unterstrich, wie sich Weinbergs Jugend von der der heutigen Abiturient*innen unterschied:<\/p>\n<p><em>\u201eIm Alter von 11 Jahren wurden wir hier am Gymnasium eingeschult. Im selben Alter musste Albrecht Weinberg auch einen Schulwechsel vollziehen. Nicht weil es auf die n\u00e4chste Schulform ging, sondern weil er als Jude von seiner bisherigen Schule vertrieben wurde und von da an eine Schule f\u00fcr j\u00fcdische Kinder in Leer besuchen musste.<\/em><\/p>\n<p><em>Als Herr Weinberg dann so alt war wie wir, als es f\u00fcr uns in der 8. Klasse auf Klassenfahrt zum Segeln aufs Ijsselmeer oder an die Ostsee ging, wurde er zusammen mit seiner Schwester nach Gro\u00df Breesen ins Arbeitslager deportiert.<\/em><\/p>\n<p><em>Zu dem Zeitpunkt, an dem die ersten von uns mit dem eigenen Auto die Gegend hier auf eigene Faust erkundeten, ging es f\u00fcr Albrecht Weinberg von Berlin aus ins Konzentrationslager.\u201c <\/em><\/p>\n<p>Sodann hob der Sch\u00fclersprecher die besonderen Charakterz\u00fcge Weinbergs hervor, die die Begegnung mit ihm f\u00fcr die heutige Jugend so einzigartig und wertvoll mache: Vers\u00f6hnlichkeit, Offenheit und Humor. Schlie\u00dflich verglich er Herrn Weinberg mit einem \u201elebenden Fossil\u201c:<\/p>\n<p><em>\u201eWenn Sie Ihre Geschichte erz\u00e4hlen, dann machen Sie die vergangene Zeit f\u00fcr uns greifbarer. Es sind nicht nur Texte in unseren Geschichtsb\u00fcchern, die man nach einer Woche wieder vergessen hat. Es sind keine Bilder aus der Zeit des zweiten Weltkrieges, zu denen man keine Verbindung aufbauen kann. Es sind Ihre Geschichten, Ihre Vergangenheit, die Sie uns pr\u00e4sentieren und denen Sie eine Pers\u00f6nlichkeit geben. Sie geben dem Ganzen ein Gesicht und nun tr\u00e4gt seit Neuestem die ganze Schule Ihr Gesicht im Logo. Und f\u00fcr all das, was Sie f\u00fcr unsere Schule getan haben, was Sie f\u00fcr uns als Sch\u00fcler getan haben, m\u00f6chten wir als Schulgemeinschaft uns noch einmal mit dem bedanken, zu dem Sie in Ihrer Jugend nie die M\u00f6glichkeit bekamen: Ihrem Schulabschluss.\u201c\u00a0<\/em><\/p>\n<p>Die Schulleiterin Frau Janssen \u00fcberreichte daraufhin dem sichtlich bewegten Albrecht Weinberg sein Abiturzeugnis, nachdem sie den Zeugnistext verlesen hatte:<\/p>\n<p><a href=\"https:\/\/www.gymnasium-rhauderfehn.de\/wp-content\/uploads\/2021\/07\/Ehrenabitur-Weinberg.png\"><img loading=\"lazy\" decoding=\"async\" class=\"wp-image-18325 size-large aligncenter\" src=\"https:\/\/www.gymnasium-rhauderfehn.de\/wp-content\/uploads\/2021\/07\/Ehrenabitur-Weinberg-1024x680.png\" alt=\"\" width=\"640\" height=\"425\" srcset=\"https:\/\/www.gymnasium-rhauderfehn.de\/wp-content\/uploads\/2021\/07\/Ehrenabitur-Weinberg-1024x680.png 1024w, https:\/\/www.gymnasium-rhauderfehn.de\/wp-content\/uploads\/2021\/07\/Ehrenabitur-Weinberg-300x199.png 300w, https:\/\/www.gymnasium-rhauderfehn.de\/wp-content\/uploads\/2021\/07\/Ehrenabitur-Weinberg-768x510.png 768w, https:\/\/www.gymnasium-rhauderfehn.de\/wp-content\/uploads\/2021\/07\/Ehrenabitur-Weinberg.png 1040w\" sizes=\"auto, (max-width: 640px) 100vw, 640px\" \/><\/a><\/p>\n","protected":false},"excerpt":{"rendered":"<p>Wie ist das Gymnasium in Kontakt mit Albrecht Weinberg gekommen?<\/p>\n<p>Im Jahre 2019 feierte der Ort, an dem unserer Schule steht, Rhauderfehn, sein 250 j\u00e4hriges Jubil\u00e4um.\u00a0Im Zuge der Vorbereitungen der Feierlichkeiten ist der Geschichtskurs pers\u00f6nlich mit dem\u00a0j\u00fcdischen Holocaust\u00fcberlebenden Albrecht Weinberg\u00a0 (*1925 in Rhauderfehn) in Verbindung gekommen und auf die Idee gekommen, seine biografische Krise, die mit der politischen Krise des Ortes Rhauderfehn im Nationalsozialismus einhergeht, zu thematisieren[&#8230;]<\/p>\n","protected":false},"author":1,"featured_media":0,"parent":17784,"menu_order":1,"comment_status":"closed","ping_status":"closed","template":"","meta":{"ngg_post_thumbnail":0,"footnotes":""},"class_list":["post-17792","page","type-page","status-publish","hentry"],"_links":{"self":[{"href":"https:\/\/www.gymnasium-rhauderfehn.de\/index.php?rest_route=\/wp\/v2\/pages\/17792","targetHints":{"allow":["GET"]}}],"collection":[{"href":"https:\/\/www.gymnasium-rhauderfehn.de\/index.php?rest_route=\/wp\/v2\/pages"}],"about":[{"href":"https:\/\/www.gymnasium-rhauderfehn.de\/index.php?rest_route=\/wp\/v2\/types\/page"}],"author":[{"embeddable":true,"href":"https:\/\/www.gymnasium-rhauderfehn.de\/index.php?rest_route=\/wp\/v2\/users\/1"}],"replies":[{"embeddable":true,"href":"https:\/\/www.gymnasium-rhauderfehn.de\/index.php?rest_route=%2Fwp%2Fv2%2Fcomments&post=17792"}],"version-history":[{"count":13,"href":"https:\/\/www.gymnasium-rhauderfehn.de\/index.php?rest_route=\/wp\/v2\/pages\/17792\/revisions"}],"predecessor-version":[{"id":19098,"href":"https:\/\/www.gymnasium-rhauderfehn.de\/index.php?rest_route=\/wp\/v2\/pages\/17792\/revisions\/19098"}],"up":[{"embeddable":true,"href":"https:\/\/www.gymnasium-rhauderfehn.de\/index.php?rest_route=\/wp\/v2\/pages\/17784"}],"wp:attachment":[{"href":"https:\/\/www.gymnasium-rhauderfehn.de\/index.php?rest_route=%2Fwp%2Fv2%2Fmedia&parent=17792"}],"curies":[{"name":"wp","href":"https:\/\/api.w.org\/{rel}","templated":true}]}}