{"id":18947,"date":"2022-04-18T15:06:46","date_gmt":"2022-04-18T13:06:46","guid":{"rendered":"https:\/\/www.gymnasium-rhauderfehn.de\/?page_id=18947"},"modified":"2022-04-21T08:12:24","modified_gmt":"2022-04-21T06:12:24","slug":"seitenstruktur","status":"publish","type":"page","link":"https:\/\/www.gymnasium-rhauderfehn.de\/?page_id=18947","title":{"rendered":"AAA_SEITENSTRUKTUR"},"content":{"rendered":"<p>Bitte alle Seiten, die direkt oder indirekt \u00fcber das Men\u00fc erreichbar sein sollen, dieser Seite unterordnen und \u00fcber die Reihenfolge in die eben gew\u00fcnschte Reihenfolge bringen.&nbsp;<\/p>\n<p>&nbsp;<\/p>\n<p>Gru\u00df, Sabine<\/p>\n","protected":false},"excerpt":{"rendered":"<p>Bitte alle Seiten, die direkt oder indirekt \u00fcber das Men\u00fc erreichbar sein sollen, dieser Seite unterordnen und \u00fcber die Reihenfolge in die eben gew\u00fcnschte Reihenfolge bringen.&nbsp; &nbsp; Gru\u00df, Sabine<\/p>\n","protected":false},"author":42,"featured_media":0,"parent":0,"menu_order":0,"comment_status":"closed","ping_status":"closed","template":"","meta":{"ngg_post_thumbnail":0,"footnotes":""},"class_list":["post-18947","page","type-page","status-publish","hentry"],"_links":{"self":[{"href":"https:\/\/www.gymnasium-rhauderfehn.de\/index.php?rest_route=\/wp\/v2\/pages\/18947","targetHints":{"allow":["GET"]}}],"collection":[{"href":"https:\/\/www.gymnasium-rhauderfehn.de\/index.php?rest_route=\/wp\/v2\/pages"}],"about":[{"href":"https:\/\/www.gymnasium-rhauderfehn.de\/index.php?rest_route=\/wp\/v2\/types\/page"}],"author":[{"embeddable":true,"href":"https:\/\/www.gymnasium-rhauderfehn.de\/index.php?rest_route=\/wp\/v2\/users\/42"}],"replies":[{"embeddable":true,"href":"https:\/\/www.gymnasium-rhauderfehn.de\/index.php?rest_route=%2Fwp%2Fv2%2Fcomments&post=18947"}],"version-history":[{"count":3,"href":"https:\/\/www.gymnasium-rhauderfehn.de\/index.php?rest_route=\/wp\/v2\/pages\/18947\/revisions"}],"predecessor-version":[{"id":18950,"href":"https:\/\/www.gymnasium-rhauderfehn.de\/index.php?rest_route=\/wp\/v2\/pages\/18947\/revisions\/18950"}],"wp:attachment":[{"href":"https:\/\/www.gymnasium-rhauderfehn.de\/index.php?rest_route=%2Fwp%2Fv2%2Fmedia&parent=18947"}],"curies":[{"name":"wp","href":"https:\/\/api.w.org\/{rel}","templated":true}]}}