{"id":18951,"date":"2022-04-18T15:08:56","date_gmt":"2022-04-18T13:08:56","guid":{"rendered":"https:\/\/www.gymnasium-rhauderfehn.de\/?page_id=18951"},"modified":"2023-02-19T18:36:11","modified_gmt":"2023-02-19T17:36:11","slug":"unterricht","status":"publish","type":"page","link":"https:\/\/www.gymnasium-rhauderfehn.de\/?page_id=18951","title":{"rendered":"Unterricht"},"content":{"rendered":"<p>Das Kerngesch\u00e4ft an unserer Schule ist guter Unterricht. In diesem Bereich finden Sie Informationen zu den einzelnen F\u00e4chern, die an unserer Schule unterrichtet werden: die schulinternen Curricula sowie besondere Veranstaltungen oder Projekte. Au\u00dferdem stellen sich die Fachlehrer*innen vor.&nbsp;<\/p>\n<p>W\u00e4hlen Sie \u00fcber den Men\u00fcpunkt &#8222;F\u00e4cher&#8220; am linken Rand die F\u00e4chergruppe und anschlie\u00dfend ein einzelnes Fach aus.&nbsp;<\/p>\n<p>Nachhaltigkeit und Digitalisierung sind beispielhafte Aspekte des Unterrichts am Albrecht-Weinberg-Gymnasium, die im Unterricht s\u00e4mtlicher F\u00e4cher verankert sind. Die Leitlinien dieser Querschnittsaufgaben finden Sie unter dem jeweiligen Men\u00fcpunkt am linken Rand.<\/p>\n<p>Viel Vergn\u00fcgen beim St\u00f6bern!<\/p>\n","protected":false},"excerpt":{"rendered":"<p>Das Kerngesch\u00e4ft an unserer Schule ist guter Unterricht. In diesem Bereich finden Sie Informationen zu den einzelnen F\u00e4chern, die an unserer Schule unterrichtet werden: die schulinternen Curricula sowie besondere Veranstaltungen oder Projekte. Au\u00dferdem stellen sich [&hellip;]<\/p>\n","protected":false},"author":42,"featured_media":0,"parent":18947,"menu_order":1,"comment_status":"closed","ping_status":"closed","template":"","meta":{"ngg_post_thumbnail":0,"footnotes":""},"class_list":["post-18951","page","type-page","status-publish","hentry"],"_links":{"self":[{"href":"https:\/\/www.gymnasium-rhauderfehn.de\/index.php?rest_route=\/wp\/v2\/pages\/18951","targetHints":{"allow":["GET"]}}],"collection":[{"href":"https:\/\/www.gymnasium-rhauderfehn.de\/index.php?rest_route=\/wp\/v2\/pages"}],"about":[{"href":"https:\/\/www.gymnasium-rhauderfehn.de\/index.php?rest_route=\/wp\/v2\/types\/page"}],"author":[{"embeddable":true,"href":"https:\/\/www.gymnasium-rhauderfehn.de\/index.php?rest_route=\/wp\/v2\/users\/42"}],"replies":[{"embeddable":true,"href":"https:\/\/www.gymnasium-rhauderfehn.de\/index.php?rest_route=%2Fwp%2Fv2%2Fcomments&post=18951"}],"version-history":[{"count":8,"href":"https:\/\/www.gymnasium-rhauderfehn.de\/index.php?rest_route=\/wp\/v2\/pages\/18951\/revisions"}],"predecessor-version":[{"id":19813,"href":"https:\/\/www.gymnasium-rhauderfehn.de\/index.php?rest_route=\/wp\/v2\/pages\/18951\/revisions\/19813"}],"up":[{"embeddable":true,"href":"https:\/\/www.gymnasium-rhauderfehn.de\/index.php?rest_route=\/wp\/v2\/pages\/18947"}],"wp:attachment":[{"href":"https:\/\/www.gymnasium-rhauderfehn.de\/index.php?rest_route=%2Fwp%2Fv2%2Fmedia&parent=18951"}],"curies":[{"name":"wp","href":"https:\/\/api.w.org\/{rel}","templated":true}]}}