{"id":18957,"date":"2022-04-18T15:12:52","date_gmt":"2022-04-18T13:12:52","guid":{"rendered":"https:\/\/www.gymnasium-rhauderfehn.de\/?page_id=18957"},"modified":"2023-02-19T18:40:48","modified_gmt":"2023-02-19T17:40:48","slug":"nachhaltigkeit","status":"publish","type":"page","link":"https:\/\/www.gymnasium-rhauderfehn.de\/?page_id=18957","title":{"rendered":"Nachhaltigkeit"},"content":{"rendered":"<p>Nachhaltigkeit ist heute in einer wachsenden Zahl von Lebensbereichen das leitende Prinzip. Wir versuchen dies auch am Albrecht-Weinberg-Gymnasium mehr und mehr zu verankern.<\/p>\n<p>Bildung f\u00fcr nachhaltige Entwicklung (BNE) am Albrecht-Weinberg-Gymnasium Rhauderfehn beinhaltet, die fachspezifischen curricularen Vorgaben insbesondere der F\u00e4cher Erdkunde und Biologie zu erf\u00fcllen und in besonderem Ma\u00dfe die Kernkompetenzen Erkennen, Bewerten und Handeln durch einen f\u00e4cherverbindenden Ansatz zu f\u00f6rdern.<\/p>\n<p>Mit der Gr\u00fcndung des <strong>Teams for Future<\/strong>, einer aus Sch\u00fcler:innen, Lehrer:innen und Eltern des Albrecht-Weinberg-Gymnasiums bestehenden Gruppe, die sich f\u00fcr mehr Nachhaltigkeit im Schulleben engagiert, wird dem <strong>Whole School Approach<\/strong> Rechnung getragen.<\/p>\n<p>Unter den Men\u00fcpunkten &#8222;BNE&#8220; und &#8222;Team for Future&#8220; haben wir unsere Bem\u00fchungen und auch erste Erfolge dargestellt.<\/p>\n","protected":false},"excerpt":{"rendered":"<p>Nachhaltigkeit ist heute in einer wachsenden Zahl von Lebensbereichen das leitende Prinzip. Wir versuchen dies auch am Albrecht-Weinberg-Gymnasium mehr und mehr zu verankern. Bildung f\u00fcr nachhaltige Entwicklung (BNE) am Albrecht-Weinberg-Gymnasium Rhauderfehn beinhaltet, die fachspezifischen curricularen [&hellip;]<\/p>\n","protected":false},"author":42,"featured_media":0,"parent":18951,"menu_order":2,"comment_status":"closed","ping_status":"closed","template":"","meta":{"ngg_post_thumbnail":0,"footnotes":""},"class_list":["post-18957","page","type-page","status-publish","hentry"],"_links":{"self":[{"href":"https:\/\/www.gymnasium-rhauderfehn.de\/index.php?rest_route=\/wp\/v2\/pages\/18957","targetHints":{"allow":["GET"]}}],"collection":[{"href":"https:\/\/www.gymnasium-rhauderfehn.de\/index.php?rest_route=\/wp\/v2\/pages"}],"about":[{"href":"https:\/\/www.gymnasium-rhauderfehn.de\/index.php?rest_route=\/wp\/v2\/types\/page"}],"author":[{"embeddable":true,"href":"https:\/\/www.gymnasium-rhauderfehn.de\/index.php?rest_route=\/wp\/v2\/users\/42"}],"replies":[{"embeddable":true,"href":"https:\/\/www.gymnasium-rhauderfehn.de\/index.php?rest_route=%2Fwp%2Fv2%2Fcomments&post=18957"}],"version-history":[{"count":3,"href":"https:\/\/www.gymnasium-rhauderfehn.de\/index.php?rest_route=\/wp\/v2\/pages\/18957\/revisions"}],"predecessor-version":[{"id":19815,"href":"https:\/\/www.gymnasium-rhauderfehn.de\/index.php?rest_route=\/wp\/v2\/pages\/18957\/revisions\/19815"}],"up":[{"embeddable":true,"href":"https:\/\/www.gymnasium-rhauderfehn.de\/index.php?rest_route=\/wp\/v2\/pages\/18951"}],"wp:attachment":[{"href":"https:\/\/www.gymnasium-rhauderfehn.de\/index.php?rest_route=%2Fwp%2Fv2%2Fmedia&parent=18957"}],"curies":[{"name":"wp","href":"https:\/\/api.w.org\/{rel}","templated":true}]}}