{"id":18963,"date":"2022-04-18T15:15:06","date_gmt":"2022-04-18T13:15:06","guid":{"rendered":"https:\/\/www.gymnasium-rhauderfehn.de\/?page_id=18963"},"modified":"2023-02-14T21:41:09","modified_gmt":"2023-02-14T20:41:09","slug":"gesellschaftswissenschaftliche-faecher","status":"publish","type":"page","link":"https:\/\/www.gymnasium-rhauderfehn.de\/?page_id=18963","title":{"rendered":"Gesellschaftswissenschaftliche F\u00e4cher"},"content":{"rendered":"<p>Zu den gesellschaftswissenschaftlichen F\u00e4chern, die im Gymnasium unterrichtet werden, geh\u00f6ren<\/p>\n<ul>\n<li>Geschichte<\/li>\n<li>Politik-Wirtschaft<\/li>\n<li>Erdkunde<\/li>\n<li>Religion \/ Werte und Normen<\/li>\n<\/ul>\n","protected":false},"excerpt":{"rendered":"<p>Zu den gesellschaftswissenschaftlichen F\u00e4chern, die im Gymnasium unterrichtet werden, geh\u00f6ren Geschichte Politik-Wirtschaft Erdkunde Religion \/ Werte und Normen<\/p>\n","protected":false},"author":42,"featured_media":0,"parent":28,"menu_order":3,"comment_status":"closed","ping_status":"closed","template":"","meta":{"ngg_post_thumbnail":0,"footnotes":""},"class_list":["post-18963","page","type-page","status-publish","hentry"],"_links":{"self":[{"href":"https:\/\/www.gymnasium-rhauderfehn.de\/index.php?rest_route=\/wp\/v2\/pages\/18963","targetHints":{"allow":["GET"]}}],"collection":[{"href":"https:\/\/www.gymnasium-rhauderfehn.de\/index.php?rest_route=\/wp\/v2\/pages"}],"about":[{"href":"https:\/\/www.gymnasium-rhauderfehn.de\/index.php?rest_route=\/wp\/v2\/types\/page"}],"author":[{"embeddable":true,"href":"https:\/\/www.gymnasium-rhauderfehn.de\/index.php?rest_route=\/wp\/v2\/users\/42"}],"replies":[{"embeddable":true,"href":"https:\/\/www.gymnasium-rhauderfehn.de\/index.php?rest_route=%2Fwp%2Fv2%2Fcomments&post=18963"}],"version-history":[{"count":5,"href":"https:\/\/www.gymnasium-rhauderfehn.de\/index.php?rest_route=\/wp\/v2\/pages\/18963\/revisions"}],"predecessor-version":[{"id":19794,"href":"https:\/\/www.gymnasium-rhauderfehn.de\/index.php?rest_route=\/wp\/v2\/pages\/18963\/revisions\/19794"}],"up":[{"embeddable":true,"href":"https:\/\/www.gymnasium-rhauderfehn.de\/index.php?rest_route=\/wp\/v2\/pages\/28"}],"wp:attachment":[{"href":"https:\/\/www.gymnasium-rhauderfehn.de\/index.php?rest_route=%2Fwp%2Fv2%2Fmedia&parent=18963"}],"curies":[{"name":"wp","href":"https:\/\/api.w.org\/{rel}","templated":true}]}}