{"id":18980,"date":"2022-04-18T15:40:26","date_gmt":"2022-04-18T13:40:26","guid":{"rendered":"https:\/\/www.gymnasium-rhauderfehn.de\/?page_id=18980"},"modified":"2025-04-13T12:10:46","modified_gmt":"2025-04-13T10:10:46","slug":"ganztag","status":"publish","type":"page","link":"https:\/\/www.gymnasium-rhauderfehn.de\/?page_id=18980","title":{"rendered":"Ganztag"},"content":{"rendered":"<p>Das Albrecht-Weinberg-Gymnasium Rhauderfehn ist eine teilgebundene Ganztagsschule. Das bedeutet, dass jede\/r Sch\u00fcler\/in der Sekundarstufe 1 mindestens eine Ganztagsveranstaltung besucht.<\/p>\n<p>Klassische Bestandteile des\u00a0Ganztagsangebots\u00a0sind<\/p>\n<ul>\n<li>Mittagsverpflegung,<\/li>\n<li>Hausaufgabenbetreuung<\/li>\n<li>F\u00f6rderunterricht und<\/li>\n<li>Arbeitsgemeinschaften<\/li>\n<\/ul>\n<p>Das\u00a0Mittagessen\u00a0wird im Schulzentrum Rhauderfehn von der\u00a0Lebenshilfe\u00a0Leer\u00a0zubereitet und geliefert.<\/p>\n<p>Eine\u00a0Hausaufgabenbetreuung\u00a0ist grunds\u00e4tzlich m\u00f6glich, und zwar f\u00fcr einzelne Wochentage (Mo-Do) oder auch durchgehend. Die Hausaufgabenbetreuung findet in der 7. und 8. Stunde statt, wir betreuen die Sch\u00fclerInnen bis zur Busabfahrtszeit.\u00a0Das Anmeldeformular erhalten Sie im Sekretariat oder bei den KlassenlehrerInnen.<\/p>\n<table width=\"644\">\n<tbody>\n<tr>\n<td width=\"33\"><strong>Nr.<\/strong><\/td>\n<td width=\"383\"><strong>AG<\/strong><\/td>\n<td width=\"229\"><strong>Leitung<\/strong><\/td>\n<\/tr>\n<tr>\n<td width=\"33\">1<\/td>\n<td width=\"383\">Erste Hilfe<\/td>\n<td width=\"229\">M. Ga\u00dfner<\/td>\n<\/tr>\n<tr>\n<td width=\"33\">2<\/td>\n<td width=\"383\">Freies Zeichnen<\/td>\n<td width=\"229\">N. Sch\u00e4fer<\/td>\n<\/tr>\n<tr>\n<td width=\"33\">3<\/td>\n<td width=\"383\">Bigband<\/td>\n<td width=\"229\">H.-J. Trum<\/td>\n<\/tr>\n<tr>\n<td width=\"33\">4<\/td>\n<td width=\"383\">Concert-Band<\/td>\n<td width=\"229\">B. Andresen<\/td>\n<\/tr>\n<tr>\n<td width=\"33\">5<\/td>\n<td width=\"383\">Fu\u00dfball I<\/td>\n<td width=\"229\">J. M\u00fclder<\/td>\n<\/tr>\n<tr>\n<td width=\"33\">6<\/td>\n<td width=\"383\">Fu\u00dfball II<\/td>\n<td width=\"229\">J. M\u00fclder<\/td>\n<\/tr>\n<tr>\n<td width=\"33\">7<\/td>\n<td width=\"383\">Fu\u00dfball III<\/td>\n<td width=\"229\">J. M\u00fclder<\/td>\n<\/tr>\n<tr>\n<td width=\"33\">8<\/td>\n<td width=\"383\">Gesellschaftsspiele<\/td>\n<td width=\"229\">K. Hallerbach<\/td>\n<\/tr>\n<tr>\n<td width=\"33\">9<\/td>\n<td width=\"383\">Informatik<\/td>\n<td width=\"229\">C. Mettin<\/td>\n<\/tr>\n<tr>\n<td>10<\/td>\n<td>Basketball<\/td>\n<td>J. Middendorf<\/td>\n<\/tr>\n<tr>\n<td width=\"33\">12<\/td>\n<td width=\"383\">Kleine Sportspiele<\/td>\n<td width=\"229\">M. Stegmann<\/td>\n<\/tr>\n<tr>\n<td width=\"33\">13<\/td>\n<td width=\"383\">Kochen I<\/td>\n<td width=\"229\">C. Remars<\/td>\n<\/tr>\n<tr>\n<td width=\"33\">14<\/td>\n<td width=\"383\">Kochen II<\/td>\n<td width=\"229\">C. Remars<\/td>\n<\/tr>\n<tr>\n<td width=\"33\">15<\/td>\n<td width=\"383\">Kreatives Gestalten<\/td>\n<td width=\"229\">S. Krebes<\/td>\n<\/tr>\n<tr>\n<td width=\"33\">16<\/td>\n<td width=\"383\">Programmieren<\/td>\n<td width=\"229\">B. Block<\/td>\n<\/tr>\n<tr>\n<td width=\"33\">17<\/td>\n<td width=\"383\">Scratch<\/td>\n<td width=\"229\">I. Vreedenborg<\/td>\n<\/tr>\n<tr>\n<td width=\"33\">18<\/td>\n<td width=\"383\">Theater<\/td>\n<td width=\"229\">A. Votel<\/td>\n<\/tr>\n<tr>\n<td width=\"33\">19<\/td>\n<td width=\"383\">Volleyball<\/td>\n<td width=\"229\">L. Ontijd<\/td>\n<\/tr>\n<tr>\n<td width=\"33\">20<\/td>\n<td width=\"383\">Yoga<\/td>\n<td width=\"229\">B. M\u00f6bius<\/td>\n<\/tr>\n<tr>\n<td width=\"33\">21<\/td>\n<td width=\"383\">Schach<\/td>\n<td width=\"229\">\n<p style=\"text-align: left;\">T. Marents<\/p>\n<\/td>\n<\/tr>\n<\/tbody>\n<\/table>\n","protected":false},"excerpt":{"rendered":"<p>Das Albrecht-Weinberg-Gymnasium Rhauderfehn ist eine teilgebundene Ganztagsschule. Das bedeutet, dass jede\/r Sch\u00fcler\/in der Sekundarstufe 1 mindestens eine Ganztagsveranstaltung besucht. Klassische Bestandteile des\u00a0Ganztagsangebots\u00a0sind Mittagsverpflegung, Hausaufgabenbetreuung F\u00f6rderunterricht und Arbeitsgemeinschaften Das\u00a0Mittagessen\u00a0wird im Schulzentrum Rhauderfehn von der\u00a0Lebenshilfe\u00a0Leer\u00a0zubereitet und geliefert. [&hellip;]<\/p>\n","protected":false},"author":42,"featured_media":0,"parent":18970,"menu_order":2,"comment_status":"closed","ping_status":"closed","template":"","meta":{"ngg_post_thumbnail":0,"footnotes":""},"class_list":["post-18980","page","type-page","status-publish","hentry"],"_links":{"self":[{"href":"https:\/\/www.gymnasium-rhauderfehn.de\/index.php?rest_route=\/wp\/v2\/pages\/18980","targetHints":{"allow":["GET"]}}],"collection":[{"href":"https:\/\/www.gymnasium-rhauderfehn.de\/index.php?rest_route=\/wp\/v2\/pages"}],"about":[{"href":"https:\/\/www.gymnasium-rhauderfehn.de\/index.php?rest_route=\/wp\/v2\/types\/page"}],"author":[{"embeddable":true,"href":"https:\/\/www.gymnasium-rhauderfehn.de\/index.php?rest_route=\/wp\/v2\/users\/42"}],"replies":[{"embeddable":true,"href":"https:\/\/www.gymnasium-rhauderfehn.de\/index.php?rest_route=%2Fwp%2Fv2%2Fcomments&post=18980"}],"version-history":[{"count":6,"href":"https:\/\/www.gymnasium-rhauderfehn.de\/index.php?rest_route=\/wp\/v2\/pages\/18980\/revisions"}],"predecessor-version":[{"id":21538,"href":"https:\/\/www.gymnasium-rhauderfehn.de\/index.php?rest_route=\/wp\/v2\/pages\/18980\/revisions\/21538"}],"up":[{"embeddable":true,"href":"https:\/\/www.gymnasium-rhauderfehn.de\/index.php?rest_route=\/wp\/v2\/pages\/18970"}],"wp:attachment":[{"href":"https:\/\/www.gymnasium-rhauderfehn.de\/index.php?rest_route=%2Fwp%2Fv2%2Fmedia&parent=18980"}],"curies":[{"name":"wp","href":"https:\/\/api.w.org\/{rel}","templated":true}]}}