{"id":18987,"date":"2022-04-18T19:09:21","date_gmt":"2022-04-18T17:09:21","guid":{"rendered":"https:\/\/www.gymnasium-rhauderfehn.de\/?page_id=18987"},"modified":"2022-04-21T08:27:04","modified_gmt":"2022-04-21T06:27:04","slug":"sportfreundliche-schule","status":"publish","type":"page","link":"https:\/\/www.gymnasium-rhauderfehn.de\/?page_id=18987","title":{"rendered":"Sportfreundliche Schule"},"content":{"rendered":"<figure id=\"attachment_19116\" aria-describedby=\"caption-attachment-19116\" style=\"width: 300px\" class=\"wp-caption alignleft\"><a href=\"https:\/\/www.gymnasium-rhauderfehn.de\/wp-content\/uploads\/2022\/04\/20220420_Sportfreundliche-Schule_4.jpg\"><img loading=\"lazy\" decoding=\"async\" class=\"wp-image-19116 size-medium\" src=\"https:\/\/www.gymnasium-rhauderfehn.de\/wp-content\/uploads\/2022\/04\/20220420_Sportfreundliche-Schule_4-300x200.jpg\" alt=\"\" width=\"300\" height=\"200\" srcset=\"https:\/\/www.gymnasium-rhauderfehn.de\/wp-content\/uploads\/2022\/04\/20220420_Sportfreundliche-Schule_4-300x200.jpg 300w, https:\/\/www.gymnasium-rhauderfehn.de\/wp-content\/uploads\/2022\/04\/20220420_Sportfreundliche-Schule_4-1024x682.jpg 1024w, https:\/\/www.gymnasium-rhauderfehn.de\/wp-content\/uploads\/2022\/04\/20220420_Sportfreundliche-Schule_4-768x512.jpg 768w, https:\/\/www.gymnasium-rhauderfehn.de\/wp-content\/uploads\/2022\/04\/20220420_Sportfreundliche-Schule_4.jpg 1280w\" sizes=\"auto, (max-width: 300px) 100vw, 300px\" \/><\/a><figcaption id=\"caption-attachment-19116\" class=\"wp-caption-text\">Zertifizierung 2018<\/figcaption><\/figure>\n<p>Schon seit der Gr\u00fcndung unseres Gymnasiums engagiert sich unsere Schule besonders im Bereich Gesundheit und Sport. Sport und Fitness wurden in unser Schulprogramm mit dem Ziel aufgenommen mit <span lang=\"de-DE\">vielf\u00e4ltigen Bewegungsangeboten und gesunder Ern\u00e4hrung die Entwicklung von Kindern und Jugendlichen an unserer Schule zu f\u00f6rdern.<\/span><\/p>\n<p><span lang=\"de-DE\">Am 16.07.2014 wurde unsere Schule auf unsere Bewerbung hin zum ersten Mal von dem nieders\u00e4chsischen Kultusministerium als \u201eSportfreundliche Schule\u201c zertifiziert.<\/span><\/p>\n<p><span lang=\"de-DE\">Neben der Festschreibung des sportlichen Schwerpunkts im Schulprogramm setzen wir das Kerncurriculum Sport im schuleigenen Arbeitsplan um, pflegen Kooperationen mit Sportvereinen, f\u00fchren eigene Jahrgangsturniere in Zusammenarbeit mit den benachbarten Schulen durch und nehmen regelm\u00e4\u00dfig an Wettk\u00e4mpfen \u201eJugend trainiert f\u00fcr Olympia\u201c im Bereich Fu\u00dfball und Handball teil.<\/span><\/p>\n<p lang=\"de-DE\">In unserem Ganztagsangebot spielen die Sport-AGs eine wichtige Rolle. Auf dem Schulhof zeugen die Basketballk\u00f6rbe, der Kletterw\u00fcrfel und der Bauwagen mit den Pausensportger\u00e4ten f\u00fcr die Spiel- und Sportm\u00f6glichkeiten in den Pausen. Erg\u00e4nzt werden diese Pausensportangebote durch die Sportpausen f\u00fcr die 5. und 6. Jahrg\u00e4nge, bei denen FSJler oder F\u00d6Jler in den gro\u00dfen Pausen zusammen mit Sportlehrkr\u00e4ften die Sporthallen zum Spielen \u00f6ffnen.<\/p>\n<p lang=\"de-DE\">In den Jahrg\u00e4ngen 5 und 7 gehen unsere Sch\u00fcler:innen jeweils f\u00fcr ein halbes Schuljahr zum Schulschwimmen und verbessern auf diese Weise ihre Schwimmfertigkeiten.<\/p>\n<p><span lang=\"de-DE\">In den \u00e4lteren Jahrg\u00e4ngen haben wir schon mehrfach im Ganztagsangebot die Ausbildung zum Schulsportassistenen, die Juleica-Ausbildung und in der Oberstufe Sport als 5. Abiturpr\u00fcfungsfach angeboten.<\/span><\/p>\n<p lang=\"de-DE\">Im Jahr 2018 wurden wir zum zweiten Mal zertifiziert und m\u00f6chten auch langfristig eine sportfreundliche Schule bleiben.<\/p>\n<figure id=\"attachment_19112\" aria-describedby=\"caption-attachment-19112\" style=\"width: 225px\" class=\"wp-caption alignleft\"><a href=\"https:\/\/www.gymnasium-rhauderfehn.de\/wp-content\/uploads\/2022\/04\/20220420_Sport_1-scaled.jpg\"><img loading=\"lazy\" decoding=\"async\" class=\"wp-image-19112 size-medium\" src=\"https:\/\/www.gymnasium-rhauderfehn.de\/wp-content\/uploads\/2022\/04\/20220420_Sport_1-225x300.jpg\" alt=\"\" width=\"225\" height=\"300\" srcset=\"https:\/\/www.gymnasium-rhauderfehn.de\/wp-content\/uploads\/2022\/04\/20220420_Sport_1-225x300.jpg 225w, https:\/\/www.gymnasium-rhauderfehn.de\/wp-content\/uploads\/2022\/04\/20220420_Sport_1-768x1024.jpg 768w, https:\/\/www.gymnasium-rhauderfehn.de\/wp-content\/uploads\/2022\/04\/20220420_Sport_1-1152x1536.jpg 1152w, https:\/\/www.gymnasium-rhauderfehn.de\/wp-content\/uploads\/2022\/04\/20220420_Sport_1-1536x2048.jpg 1536w, https:\/\/www.gymnasium-rhauderfehn.de\/wp-content\/uploads\/2022\/04\/20220420_Sport_1-scaled.jpg 1920w\" sizes=\"auto, (max-width: 225px) 100vw, 225px\" \/><\/a><figcaption id=\"caption-attachment-19112\" class=\"wp-caption-text\">Kooperation mit dem Yachtclub Papenburg<\/figcaption><\/figure>\n<figure id=\"attachment_19113\" aria-describedby=\"caption-attachment-19113\" style=\"width: 300px\" class=\"wp-caption alignleft\"><a href=\"https:\/\/www.gymnasium-rhauderfehn.de\/wp-content\/uploads\/2022\/04\/20220420_Sport_Handball_3-scaled.jpg\"><img loading=\"lazy\" decoding=\"async\" class=\"wp-image-19113 size-medium\" src=\"https:\/\/www.gymnasium-rhauderfehn.de\/wp-content\/uploads\/2022\/04\/20220420_Sport_Handball_3-300x225.jpg\" alt=\"\" width=\"300\" height=\"225\" srcset=\"https:\/\/www.gymnasium-rhauderfehn.de\/wp-content\/uploads\/2022\/04\/20220420_Sport_Handball_3-300x225.jpg 300w, https:\/\/www.gymnasium-rhauderfehn.de\/wp-content\/uploads\/2022\/04\/20220420_Sport_Handball_3-1024x768.jpg 1024w, https:\/\/www.gymnasium-rhauderfehn.de\/wp-content\/uploads\/2022\/04\/20220420_Sport_Handball_3-768x576.jpg 768w, https:\/\/www.gymnasium-rhauderfehn.de\/wp-content\/uploads\/2022\/04\/20220420_Sport_Handball_3-1536x1152.jpg 1536w, https:\/\/www.gymnasium-rhauderfehn.de\/wp-content\/uploads\/2022\/04\/20220420_Sport_Handball_3-2048x1536.jpg 2048w\" sizes=\"auto, (max-width: 300px) 100vw, 300px\" \/><\/a><figcaption id=\"caption-attachment-19113\" class=\"wp-caption-text\">Jugend trainiert f\u00fcr Olympia (Handball WKII M\u00e4dchen, 2. Platz)<\/figcaption><\/figure>\n<figure id=\"attachment_19114\" aria-describedby=\"caption-attachment-19114\" style=\"width: 300px\" class=\"wp-caption alignleft\"><a href=\"https:\/\/www.gymnasium-rhauderfehn.de\/wp-content\/uploads\/2022\/04\/20220420_Sport_Lehrerteam_2.jpg\"><img loading=\"lazy\" decoding=\"async\" class=\"wp-image-19114 size-medium\" src=\"https:\/\/www.gymnasium-rhauderfehn.de\/wp-content\/uploads\/2022\/04\/20220420_Sport_Lehrerteam_2-300x225.jpg\" alt=\"\" width=\"300\" height=\"225\" srcset=\"https:\/\/www.gymnasium-rhauderfehn.de\/wp-content\/uploads\/2022\/04\/20220420_Sport_Lehrerteam_2-300x225.jpg 300w, https:\/\/www.gymnasium-rhauderfehn.de\/wp-content\/uploads\/2022\/04\/20220420_Sport_Lehrerteam_2.jpg 640w\" sizes=\"auto, (max-width: 300px) 100vw, 300px\" \/><\/a><figcaption id=\"caption-attachment-19114\" class=\"wp-caption-text\">Lehrerteam beim Nikolausturnier Fu\u00dfball<\/figcaption><\/figure>\n<figure id=\"attachment_19115\" aria-describedby=\"caption-attachment-19115\" style=\"width: 300px\" class=\"wp-caption alignleft\"><a href=\"https:\/\/www.gymnasium-rhauderfehn.de\/wp-content\/uploads\/2022\/04\/20220420_Sport_Pausensport_5.jpg\"><img loading=\"lazy\" decoding=\"async\" class=\"wp-image-19115 size-medium\" src=\"https:\/\/www.gymnasium-rhauderfehn.de\/wp-content\/uploads\/2022\/04\/20220420_Sport_Pausensport_5-300x225.jpg\" alt=\"\" width=\"300\" height=\"225\" srcset=\"https:\/\/www.gymnasium-rhauderfehn.de\/wp-content\/uploads\/2022\/04\/20220420_Sport_Pausensport_5-300x225.jpg 300w, https:\/\/www.gymnasium-rhauderfehn.de\/wp-content\/uploads\/2022\/04\/20220420_Sport_Pausensport_5-1024x768.jpg 1024w, https:\/\/www.gymnasium-rhauderfehn.de\/wp-content\/uploads\/2022\/04\/20220420_Sport_Pausensport_5-768x576.jpg 768w, https:\/\/www.gymnasium-rhauderfehn.de\/wp-content\/uploads\/2022\/04\/20220420_Sport_Pausensport_5-1536x1152.jpg 1536w, https:\/\/www.gymnasium-rhauderfehn.de\/wp-content\/uploads\/2022\/04\/20220420_Sport_Pausensport_5.jpg 2048w\" sizes=\"auto, (max-width: 300px) 100vw, 300px\" \/><\/a><figcaption id=\"caption-attachment-19115\" class=\"wp-caption-text\">Pausensport<\/figcaption><\/figure>\n","protected":false},"excerpt":{"rendered":"<p>Schon seit der Gr\u00fcndung unseres Gymnasiums engagiert sich unsere Schule besonders im Bereich Gesundheit und Sport. Sport und Fitness wurden in unser Schulprogramm mit dem Ziel aufgenommen mit vielf\u00e4ltigen Bewegungsangeboten und gesunder Ern\u00e4hrung die Entwicklung [&hellip;]<\/p>\n","protected":false},"author":42,"featured_media":0,"parent":18980,"menu_order":7,"comment_status":"closed","ping_status":"closed","template":"","meta":{"ngg_post_thumbnail":0,"footnotes":""},"class_list":["post-18987","page","type-page","status-publish","hentry"],"_links":{"self":[{"href":"https:\/\/www.gymnasium-rhauderfehn.de\/index.php?rest_route=\/wp\/v2\/pages\/18987","targetHints":{"allow":["GET"]}}],"collection":[{"href":"https:\/\/www.gymnasium-rhauderfehn.de\/index.php?rest_route=\/wp\/v2\/pages"}],"about":[{"href":"https:\/\/www.gymnasium-rhauderfehn.de\/index.php?rest_route=\/wp\/v2\/types\/page"}],"author":[{"embeddable":true,"href":"https:\/\/www.gymnasium-rhauderfehn.de\/index.php?rest_route=\/wp\/v2\/users\/42"}],"replies":[{"embeddable":true,"href":"https:\/\/www.gymnasium-rhauderfehn.de\/index.php?rest_route=%2Fwp%2Fv2%2Fcomments&post=18987"}],"version-history":[{"count":7,"href":"https:\/\/www.gymnasium-rhauderfehn.de\/index.php?rest_route=\/wp\/v2\/pages\/18987\/revisions"}],"predecessor-version":[{"id":19129,"href":"https:\/\/www.gymnasium-rhauderfehn.de\/index.php?rest_route=\/wp\/v2\/pages\/18987\/revisions\/19129"}],"up":[{"embeddable":true,"href":"https:\/\/www.gymnasium-rhauderfehn.de\/index.php?rest_route=\/wp\/v2\/pages\/18980"}],"wp:attachment":[{"href":"https:\/\/www.gymnasium-rhauderfehn.de\/index.php?rest_route=%2Fwp%2Fv2%2Fmedia&parent=18987"}],"curies":[{"name":"wp","href":"https:\/\/api.w.org\/{rel}","templated":true}]}}