{"id":18989,"date":"2022-04-18T19:11:59","date_gmt":"2022-04-18T17:11:59","guid":{"rendered":"https:\/\/www.gymnasium-rhauderfehn.de\/?page_id=18989"},"modified":"2023-02-19T18:55:05","modified_gmt":"2023-02-19T17:55:05","slug":"freiwilligendienste","status":"publish","type":"page","link":"https:\/\/www.gymnasium-rhauderfehn.de\/?page_id=18989","title":{"rendered":"Freiwilligendienste"},"content":{"rendered":"<p>Wir sind dankbar f\u00fcr die Unterst\u00fctzung zahlreicher Aktivit\u00e4ten unseres Schullebens durch die Freiwilligendienstler*innen, die jeweils f\u00fcr ein Schuljahr bei uns sind.<\/p>\n<p>Das Albrecht-Weinberg-Gymnasium ist Einsatzstelle f\u00fcr das <strong>Freiwillige Soziale Jahr im Bereich Sport (FSJ-Sport)<\/strong><\/p>\n<p>Der &#8222;Verein der Freunde und F\u00f6rderer des Albrecht-Weinberg-Gymnasiums e.V.&#8220; ist Einsatzstelle f\u00fcr das <strong>Freiwillige \u00d6kologische Jahr (F\u00d6J)<\/strong>. Au\u00dfergew\u00f6hnlich ist au\u00dferdem, dass der F\u00f6rderverein auch vom <strong>Europ\u00e4ischen Solidarit\u00e4ts-Korps<\/strong>&nbsp;<strong>(ESK)<\/strong> akkreditiert wurde, so dass auch junge Menschen aus europ\u00e4ischen L\u00e4ndern f\u00fcr ein Jahr zu uns kommen k\u00f6nnen.&nbsp;<\/p>\n<p>W\u00e4hrend die Schulgemeinschaft in vielfacher Weise vom Engagement und Knowhow der Freiwilligendienstler*innen profitiert, k\u00f6nnen diese ihre Zeit bei uns nutzen, um sich beruflich zu orientieren und pers\u00f6nlich weiterzuentwickeln.&nbsp;<\/p>\n","protected":false},"excerpt":{"rendered":"<p>Wir sind dankbar f\u00fcr die Unterst\u00fctzung zahlreicher Aktivit\u00e4ten unseres Schullebens durch die Freiwilligendienstler*innen, die jeweils f\u00fcr ein Schuljahr bei uns sind. Das Albrecht-Weinberg-Gymnasium ist Einsatzstelle f\u00fcr das Freiwillige Soziale Jahr im Bereich Sport (FSJ-Sport) Der [&hellip;]<\/p>\n","protected":false},"author":42,"featured_media":0,"parent":18970,"menu_order":4,"comment_status":"closed","ping_status":"closed","template":"","meta":{"ngg_post_thumbnail":0,"footnotes":""},"class_list":["post-18989","page","type-page","status-publish","hentry"],"_links":{"self":[{"href":"https:\/\/www.gymnasium-rhauderfehn.de\/index.php?rest_route=\/wp\/v2\/pages\/18989","targetHints":{"allow":["GET"]}}],"collection":[{"href":"https:\/\/www.gymnasium-rhauderfehn.de\/index.php?rest_route=\/wp\/v2\/pages"}],"about":[{"href":"https:\/\/www.gymnasium-rhauderfehn.de\/index.php?rest_route=\/wp\/v2\/types\/page"}],"author":[{"embeddable":true,"href":"https:\/\/www.gymnasium-rhauderfehn.de\/index.php?rest_route=\/wp\/v2\/users\/42"}],"replies":[{"embeddable":true,"href":"https:\/\/www.gymnasium-rhauderfehn.de\/index.php?rest_route=%2Fwp%2Fv2%2Fcomments&post=18989"}],"version-history":[{"count":7,"href":"https:\/\/www.gymnasium-rhauderfehn.de\/index.php?rest_route=\/wp\/v2\/pages\/18989\/revisions"}],"predecessor-version":[{"id":19820,"href":"https:\/\/www.gymnasium-rhauderfehn.de\/index.php?rest_route=\/wp\/v2\/pages\/18989\/revisions\/19820"}],"up":[{"embeddable":true,"href":"https:\/\/www.gymnasium-rhauderfehn.de\/index.php?rest_route=\/wp\/v2\/pages\/18970"}],"wp:attachment":[{"href":"https:\/\/www.gymnasium-rhauderfehn.de\/index.php?rest_route=%2Fwp%2Fv2%2Fmedia&parent=18989"}],"curies":[{"name":"wp","href":"https:\/\/api.w.org\/{rel}","templated":true}]}}