{"id":19002,"date":"2022-04-18T19:59:25","date_gmt":"2022-04-18T17:59:25","guid":{"rendered":"https:\/\/www.gymnasium-rhauderfehn.de\/?page_id=19002"},"modified":"2022-11-16T23:37:33","modified_gmt":"2022-11-16T22:37:33","slug":"mobbing-intervention","status":"publish","type":"page","link":"https:\/\/www.gymnasium-rhauderfehn.de\/?page_id=19002","title":{"rendered":"Mobbing Intervention"},"content":{"rendered":"<h2>Mobbing-Interventions-Team (MIT)<\/h2>\n<p>Mobbing soll an unserer Schule keinen Platz haben! Um Mobbing am Gymnasium Rhauderfehn zu vermeiden oder ggf. zu bek\u00e4mpfen, haben sich drei Kolleginnen zu einem so genannten \u201eMobbing-Interventions-Team\u201c ausbilden lassen. Es besteht aus der Lehrerin Katrin Marinesse, der SV-Beratungslehrerin Wiebke Rademacher und der Beratungslehrerin Niki Sch\u00e4fer. Alle drei stehen im Bereich Mobbing jederzeit als Ansprechpartner*innen per E-Mail oder pers\u00f6nlich zur Verf\u00fcgung.<\/p>\n<p>Die Mitglieder des MIT beraten sich w\u00f6chentlich \u00fcber Vorf\u00e4lle, planen gemeinsam das Vorgehen gegen Mobbingf\u00e4lle und f\u00fchren auch zusammen (je nach zeitlicher Kapazit\u00e4t in einer sich \u00e4ndernden Zusammensetzung) akute Eins\u00e4tze sowie Pr\u00e4ventionsma\u00dfnahmen durch.<\/p>\n<p>Alle Sch\u00fcler*innen, die Mobbing beobachten oder erleben, sowie deren Eltern oder Lehrer*innen k\u00f6nnen sich an das MIT wenden:<\/p>\n<p><a href=\"mailto: katrin.marinesse@gymnasium-rhauderfehn.eu\">katrin.marinesse@gymnasium-rhauderfehn.eu<\/a><\/p>\n<p><a href=\"mailto:wiebke.rademacher@gymnasium-rhauderfehn.eu\">wiebke.rademacher@gymnasium-rhauderfehn.eu<\/a><\/p>\n<p><a href=\"mailto:niki.schaefer@gymnasium-rhauderfehn.eu\">niki.schaefer@gymnasium-rhauderfehn.eu<\/a><\/p>\n","protected":false},"excerpt":{"rendered":"<p>Mobbing-Interventions-Team (MIT) Mobbing soll an unserer Schule keinen Platz haben! Um Mobbing am Gymnasium Rhauderfehn zu vermeiden oder ggf. zu bek\u00e4mpfen, haben sich drei Kolleginnen zu einem so genannten \u201eMobbing-Interventions-Team\u201c ausbilden lassen. Es besteht aus [&hellip;]<\/p>\n","protected":false},"author":42,"featured_media":0,"parent":18995,"menu_order":2,"comment_status":"closed","ping_status":"closed","template":"","meta":{"ngg_post_thumbnail":0,"footnotes":""},"class_list":["post-19002","page","type-page","status-publish","hentry"],"_links":{"self":[{"href":"https:\/\/www.gymnasium-rhauderfehn.de\/index.php?rest_route=\/wp\/v2\/pages\/19002","targetHints":{"allow":["GET"]}}],"collection":[{"href":"https:\/\/www.gymnasium-rhauderfehn.de\/index.php?rest_route=\/wp\/v2\/pages"}],"about":[{"href":"https:\/\/www.gymnasium-rhauderfehn.de\/index.php?rest_route=\/wp\/v2\/types\/page"}],"author":[{"embeddable":true,"href":"https:\/\/www.gymnasium-rhauderfehn.de\/index.php?rest_route=\/wp\/v2\/users\/42"}],"replies":[{"embeddable":true,"href":"https:\/\/www.gymnasium-rhauderfehn.de\/index.php?rest_route=%2Fwp%2Fv2%2Fcomments&post=19002"}],"version-history":[{"count":3,"href":"https:\/\/www.gymnasium-rhauderfehn.de\/index.php?rest_route=\/wp\/v2\/pages\/19002\/revisions"}],"predecessor-version":[{"id":19611,"href":"https:\/\/www.gymnasium-rhauderfehn.de\/index.php?rest_route=\/wp\/v2\/pages\/19002\/revisions\/19611"}],"up":[{"embeddable":true,"href":"https:\/\/www.gymnasium-rhauderfehn.de\/index.php?rest_route=\/wp\/v2\/pages\/18995"}],"wp:attachment":[{"href":"https:\/\/www.gymnasium-rhauderfehn.de\/index.php?rest_route=%2Fwp%2Fv2%2Fmedia&parent=19002"}],"curies":[{"name":"wp","href":"https:\/\/api.w.org\/{rel}","templated":true}]}}