{"id":19036,"date":"2022-04-18T21:03:44","date_gmt":"2022-04-18T19:03:44","guid":{"rendered":"https:\/\/www.gymnasium-rhauderfehn.de\/?page_id=19036"},"modified":"2025-10-07T18:28:41","modified_gmt":"2025-10-07T16:28:41","slug":"mensa","status":"publish","type":"page","link":"https:\/\/www.gymnasium-rhauderfehn.de\/?page_id=19036","title":{"rendered":"Mensa"},"content":{"rendered":"<h1>Die Mensa im Schulzentrum Rhauderfehn<\/h1>\n<figure id=\"attachment_7249\" aria-describedby=\"caption-attachment-7249\" style=\"width: 250px\" class=\"wp-caption alignleft\"><a href=\"https:\/\/www.gymnasium-rhauderfehn.de\/wp-content\/uploads\/2015\/09\/mensa1.jpg\"><img loading=\"lazy\" decoding=\"async\" class=\"wp-image-7249 size-full\" src=\"https:\/\/www.gymnasium-rhauderfehn.de\/wp-content\/uploads\/2015\/09\/mensa1.jpg\" alt=\"mensa1\" width=\"250\" height=\"166\"><\/a><figcaption id=\"caption-attachment-7249\" class=\"wp-caption-text\">Speisesaal<\/figcaption><\/figure>\n<p>Im gro\u00dfz\u00fcgigen, lichtdurchfluteten Speisesaal des Schulzentrums k\u00f6nnen die Sch\u00fcler*innen aller Schulen an der Werftstra\u00dfe ihre Mittagsmahlzeit einnehmen.<br \/>\nZubereitet und geliefert wird das Essen von der Lebenshife Leer e.V.&nbsp; (<a href=\"http:\/\/www.lebenshilfe-leer.de\">www.lebenshilfe-leer.de<\/a>).<\/p>\n<p>Es gibt drei Men\u00fcs zur Auswahl, darunter ein vegetarisches. Das Mittagessen kostet zurzeit 4,50 EUR. Salatteller gibt es in zwei Gr\u00f6\u00dfen zum Preis von 2,50 EUR oder 3,50 EUR.<\/p>\n<p>&nbsp;<\/p>\n<p>&nbsp;<\/p>\n<p>&nbsp;<\/p>\n","protected":false},"excerpt":{"rendered":"<p>Die Mensa im Schulzentrum Rhauderfehn Im gro\u00dfz\u00fcgigen, lichtdurchfluteten Speisesaal des Schulzentrums k\u00f6nnen die Sch\u00fcler*innen aller Schulen an der Werftstra\u00dfe ihre Mittagsmahlzeit einnehmen. Zubereitet und geliefert wird das Essen von der Lebenshife Leer e.V.&nbsp; (www.lebenshilfe-leer.de). Es [&hellip;]<\/p>\n","protected":false},"author":42,"featured_media":0,"parent":34,"menu_order":2,"comment_status":"closed","ping_status":"closed","template":"","meta":{"ngg_post_thumbnail":0,"footnotes":""},"class_list":["post-19036","page","type-page","status-publish","hentry"],"_links":{"self":[{"href":"https:\/\/www.gymnasium-rhauderfehn.de\/index.php?rest_route=\/wp\/v2\/pages\/19036","targetHints":{"allow":["GET"]}}],"collection":[{"href":"https:\/\/www.gymnasium-rhauderfehn.de\/index.php?rest_route=\/wp\/v2\/pages"}],"about":[{"href":"https:\/\/www.gymnasium-rhauderfehn.de\/index.php?rest_route=\/wp\/v2\/types\/page"}],"author":[{"embeddable":true,"href":"https:\/\/www.gymnasium-rhauderfehn.de\/index.php?rest_route=\/wp\/v2\/users\/42"}],"replies":[{"embeddable":true,"href":"https:\/\/www.gymnasium-rhauderfehn.de\/index.php?rest_route=%2Fwp%2Fv2%2Fcomments&post=19036"}],"version-history":[{"count":5,"href":"https:\/\/www.gymnasium-rhauderfehn.de\/index.php?rest_route=\/wp\/v2\/pages\/19036\/revisions"}],"predecessor-version":[{"id":21951,"href":"https:\/\/www.gymnasium-rhauderfehn.de\/index.php?rest_route=\/wp\/v2\/pages\/19036\/revisions\/21951"}],"up":[{"embeddable":true,"href":"https:\/\/www.gymnasium-rhauderfehn.de\/index.php?rest_route=\/wp\/v2\/pages\/34"}],"wp:attachment":[{"href":"https:\/\/www.gymnasium-rhauderfehn.de\/index.php?rest_route=%2Fwp%2Fv2%2Fmedia&parent=19036"}],"curies":[{"name":"wp","href":"https:\/\/api.w.org\/{rel}","templated":true}]}}