{"id":19039,"date":"2022-04-18T21:05:34","date_gmt":"2022-04-18T19:05:34","guid":{"rendered":"https:\/\/www.gymnasium-rhauderfehn.de\/?page_id=19039"},"modified":"2022-04-18T21:08:26","modified_gmt":"2022-04-18T19:08:26","slug":"bestellverfahren","status":"publish","type":"page","link":"https:\/\/www.gymnasium-rhauderfehn.de\/?page_id=19039","title":{"rendered":"Bestellverfahren"},"content":{"rendered":"<p>Das Essen kann jeweils am Vortag bis 12 Uhr \u00fcber den Terminal im Schulgeb\u00e4ude oder \u00fcber das Internet bestellt und storniert werden. Bestellt wird \u00fcber die Website <a href=\"https:\/\/www.meinessen.net\/LKLeer\/Vorbesteller\/Default.aspx\">www.meinessen.net<\/a> (Login gem\u00e4\u00df Mensakarte). Die Chipkarten f\u00fcr die Bestellung gibt es im Sekretariat der Schule. Um diese zu nutzen, muss vorab ein Geldbetrag auf folgendes Konto \u00fcberwiesen werden: Landkreis Leer, DE79 2855 0000 0000 8033 61, Verwendungszweck: Benutzer\/Kartennummer. Alternativ ist ein Aufladen \u00fcber paypal m\u00f6glich.<\/p>\n<p>Weiterhin kann auch am Mensa-Tresen mit Bargeld eine Essensmarke erstanden werden.<\/p>\n<p>F\u00fcr einkommensschwache Familien ist auf Antrag (dieser ist in der Schule erh\u00e4ltlich) eine Reduzierung des Preises auf 1 EUR Eigenanteil m\u00f6glich.<\/p>\n<p>&nbsp;<\/p>\n<p>&nbsp;<\/p>\n<figure id=\"attachment_7250\" aria-describedby=\"caption-attachment-7250\" style=\"width: 250px\" class=\"wp-caption alignright\"><a href=\"https:\/\/www.gymnasium-rhauderfehn.de\/wp-content\/uploads\/2015\/09\/mensa2.jpg\"><img loading=\"lazy\" decoding=\"async\" class=\"wp-image-7250 size-full\" src=\"https:\/\/www.gymnasium-rhauderfehn.de\/wp-content\/uploads\/2015\/09\/mensa2.jpg\" alt=\"mensa2\" width=\"250\" height=\"166\"><\/a><figcaption id=\"caption-attachment-7250\" class=\"wp-caption-text\">Essensausgabe<\/figcaption><\/figure>\n<p>Die Betriebsleiterin unserer Mensa bereitet zus\u00e4tzlich t\u00e4glich ein freiverk\u00e4ufliches Tagesangebot zu.<br \/>\nAuch in den gro\u00dfen Pausen am Vormittag k\u00f6nnen die Sch\u00fcler*innen sich in der Mensa aufhalten; dann werden Snacks und Getr\u00e4nke angeboten.<\/p>\n<p>Sch\u00fcler*innen, die Freistunden haben, k\u00f6nnen diese ebenfalls in der Mensa verbringen, wenn sie nicht die Bibliothek oder das Selbstlernzentrum aufsuchen.<\/p>\n<p>&nbsp;<\/p>\n","protected":false},"excerpt":{"rendered":"<p>Das Essen kann jeweils am Vortag bis 12 Uhr \u00fcber den Terminal im Schulgeb\u00e4ude oder \u00fcber das Internet bestellt und storniert werden. Bestellt wird \u00fcber die Website www.meinessen.net (Login gem\u00e4\u00df Mensakarte). Die Chipkarten f\u00fcr die [&hellip;]<\/p>\n","protected":false},"author":42,"featured_media":0,"parent":19036,"menu_order":1,"comment_status":"closed","ping_status":"closed","template":"","meta":{"ngg_post_thumbnail":0,"footnotes":""},"class_list":["post-19039","page","type-page","status-publish","hentry"],"_links":{"self":[{"href":"https:\/\/www.gymnasium-rhauderfehn.de\/index.php?rest_route=\/wp\/v2\/pages\/19039","targetHints":{"allow":["GET"]}}],"collection":[{"href":"https:\/\/www.gymnasium-rhauderfehn.de\/index.php?rest_route=\/wp\/v2\/pages"}],"about":[{"href":"https:\/\/www.gymnasium-rhauderfehn.de\/index.php?rest_route=\/wp\/v2\/types\/page"}],"author":[{"embeddable":true,"href":"https:\/\/www.gymnasium-rhauderfehn.de\/index.php?rest_route=\/wp\/v2\/users\/42"}],"replies":[{"embeddable":true,"href":"https:\/\/www.gymnasium-rhauderfehn.de\/index.php?rest_route=%2Fwp%2Fv2%2Fcomments&post=19039"}],"version-history":[{"count":2,"href":"https:\/\/www.gymnasium-rhauderfehn.de\/index.php?rest_route=\/wp\/v2\/pages\/19039\/revisions"}],"predecessor-version":[{"id":19049,"href":"https:\/\/www.gymnasium-rhauderfehn.de\/index.php?rest_route=\/wp\/v2\/pages\/19039\/revisions\/19049"}],"up":[{"embeddable":true,"href":"https:\/\/www.gymnasium-rhauderfehn.de\/index.php?rest_route=\/wp\/v2\/pages\/19036"}],"wp:attachment":[{"href":"https:\/\/www.gymnasium-rhauderfehn.de\/index.php?rest_route=%2Fwp%2Fv2%2Fmedia&parent=19039"}],"curies":[{"name":"wp","href":"https:\/\/api.w.org\/{rel}","templated":true}]}}