{"id":19043,"date":"2022-04-18T21:06:20","date_gmt":"2022-04-18T19:06:20","guid":{"rendered":"https:\/\/www.gymnasium-rhauderfehn.de\/?page_id=19043"},"modified":"2022-04-18T21:13:22","modified_gmt":"2022-04-18T19:13:22","slug":"mensaordnung","status":"publish","type":"page","link":"https:\/\/www.gymnasium-rhauderfehn.de\/?page_id=19043","title":{"rendered":"Mensaordnung"},"content":{"rendered":"<ol>\n<li>F\u00fcr uns sind gegenseitige R\u00fccksichtnahme, L\u00e4rmvermeidung sowie H\u00f6flichkeit und Freundlichkeit im Umgang miteinander selbstverst\u00e4ndlich.<\/li>\n<li>Wir achten darauf, dass die Durchg\u00e4nge von Gep\u00e4ck und Kleidung frei bleiben.<\/li>\n<li>Wir gehen mit der Einrichtung sorgf\u00e4ltig und pfleglich um.<\/li>\n<li>Wir stellen uns zur Essensausgabe ordnungsgem\u00e4\u00df an.<\/li>\n<li>Das in der Mensa bestellte Mittagessen wird ausschlie\u00dflich im Mensabereich eingenommen.<\/li>\n<li>In der Mensa ist der Verzehr von Speisen und Getr\u00e4nken, die von zu Hause mitgebracht wurden, erlaubt, solange Platz f\u00fcr alle vorhanden ist. Der Verzehr von geholten oder gelieferten Speisen (Pommes frites, Pizza etc.) ist in der Schule nicht erlaubt.<\/li>\n<li>Wir achten beim Essen auf gutes Benehmen und angemessene Lautst\u00e4rke.<\/li>\n<li>Nach dem Essen stellen wir das Tablett in den daf\u00fcr vorgesehenen Wagen.<\/li>\n<li>Wir hinterlassen unseren Platz sauber und r\u00fccken den Stuhl wieder an den Tisch. Wenn wir St\u00fchle verstellen, bringen wir sie nach Gebrauch zur\u00fcck. Die St\u00fchle aus der Mensa werden nicht nach drau\u00dfen gebracht, weil dadurch die Filzgleiter kaputtgehen.<\/li>\n<li>Geschirr und Besteck d\u00fcrfen nicht aus der Mensa entfernt werden.<\/li>\n<li>M\u00fcll wird in die daf\u00fcr vorgesehenen Beh\u00e4lter geworfen (Abfalltrennung).<\/li>\n<li>Die Anweisungen des Mensa-Teams und der Aufsichten sind zu befolgen. Wir achten auf einen respektvollen Umgang.<\/li>\n<li>Die Kickertische d\u00fcrfen von allen benutzt werden; Kickerb\u00e4lle k\u00f6nnen gegen Ausweis im Sekretariat und im Freiwilligenb\u00fcro ausgeliehen werden. Insbesondere w\u00e4hrend der Mittagspause ist auf angemessene Lautst\u00e4rke zu achten.<\/li>\n<\/ol>\n<p>Link: <a href=\"https:\/\/www.gymnasium-rhauderfehn.de\/wp-content\/uploads\/2022\/03\/Mensaordnung-2.pdf\">Mensaordnung<\/a>.<\/p>\n","protected":false},"excerpt":{"rendered":"<p>F\u00fcr uns sind gegenseitige R\u00fccksichtnahme, L\u00e4rmvermeidung sowie H\u00f6flichkeit und Freundlichkeit im Umgang miteinander selbstverst\u00e4ndlich. Wir achten darauf, dass die Durchg\u00e4nge von Gep\u00e4ck und Kleidung frei bleiben. Wir gehen mit der Einrichtung sorgf\u00e4ltig und pfleglich um. [&hellip;]<\/p>\n","protected":false},"author":42,"featured_media":0,"parent":19036,"menu_order":3,"comment_status":"closed","ping_status":"closed","template":"","meta":{"ngg_post_thumbnail":0,"footnotes":""},"class_list":["post-19043","page","type-page","status-publish","hentry"],"_links":{"self":[{"href":"https:\/\/www.gymnasium-rhauderfehn.de\/index.php?rest_route=\/wp\/v2\/pages\/19043","targetHints":{"allow":["GET"]}}],"collection":[{"href":"https:\/\/www.gymnasium-rhauderfehn.de\/index.php?rest_route=\/wp\/v2\/pages"}],"about":[{"href":"https:\/\/www.gymnasium-rhauderfehn.de\/index.php?rest_route=\/wp\/v2\/types\/page"}],"author":[{"embeddable":true,"href":"https:\/\/www.gymnasium-rhauderfehn.de\/index.php?rest_route=\/wp\/v2\/users\/42"}],"replies":[{"embeddable":true,"href":"https:\/\/www.gymnasium-rhauderfehn.de\/index.php?rest_route=%2Fwp%2Fv2%2Fcomments&post=19043"}],"version-history":[{"count":5,"href":"https:\/\/www.gymnasium-rhauderfehn.de\/index.php?rest_route=\/wp\/v2\/pages\/19043\/revisions"}],"predecessor-version":[{"id":19053,"href":"https:\/\/www.gymnasium-rhauderfehn.de\/index.php?rest_route=\/wp\/v2\/pages\/19043\/revisions\/19053"}],"up":[{"embeddable":true,"href":"https:\/\/www.gymnasium-rhauderfehn.de\/index.php?rest_route=\/wp\/v2\/pages\/19036"}],"wp:attachment":[{"href":"https:\/\/www.gymnasium-rhauderfehn.de\/index.php?rest_route=%2Fwp%2Fv2%2Fmedia&parent=19043"}],"curies":[{"name":"wp","href":"https:\/\/api.w.org\/{rel}","templated":true}]}}