{"id":20527,"date":"2024-04-13T10:27:32","date_gmt":"2024-04-13T08:27:32","guid":{"rendered":"https:\/\/www.gymnasium-rhauderfehn.de\/?page_id=20527"},"modified":"2026-02-16T21:01:31","modified_gmt":"2026-02-16T20:01:31","slug":"schulbuchausleihe-sj-2024-2025","status":"publish","type":"page","link":"https:\/\/www.gymnasium-rhauderfehn.de\/?page_id=20527","title":{"rendered":"Schulbuchausleihe Schuljahr 2025-2026"},"content":{"rendered":"<p>Wenn Ihr Kind im kommenden Schuljahr an der Schulbuchausleihe teilnehmen soll, ist es n\u00f6tig, die Ausleihinformationen zur Kenntnis zu nehmen, das Anmeldeformular vollst\u00e4ndig ausgef\u00fcllt abzugeben sowie das Ausleihentgelt rechtzeitig zu \u00fcberweisen.<\/p>\n<p>Zitat aus dem aktuell g\u00fcltigem Erlass:<\/p>\n<blockquote><p>Wer sich f\u00fcr die Teilnahme entschieden hat, teilt dies der Schule mit und leistet die Zahlung des Entgelts innerhalb der gesetzten Frist. Wer die Frist nicht einh\u00e4lt, ist verpflichtet, alle Lernmittel selbst zu kaufen und daf\u00fcr zu sorgen, dass sie zum Schuljahresanfang vorhanden sind.<\/p><\/blockquote>\n<h1>Schulb\u00fccher, die das Albrecht-Weinberg-Gymnasium Rhauderfehn ausleiht:<a href=\"https:\/\/www.gymnasium-rhauderfehn.de\/wp-content\/uploads\/2019\/05\/B\u00fccher.jpg\"><img loading=\"lazy\" decoding=\"async\" class=\"size-full wp-image-15021 alignright\" src=\"https:\/\/www.gymnasium-rhauderfehn.de\/wp-content\/uploads\/2019\/05\/B\u00fccher.jpg\" alt=\"\" width=\"122\" height=\"110\"><\/a><\/h1>\n<ul>\n<li><a href=\"https:\/\/www.gymnasium-rhauderfehn.de\/wp-content\/uploads\/2025\/04\/Ausleihpaket-Jahrgang-5-2025-2026.pdf\">Lernmittel &#8211; entgeltliche Ausleihe Klasse 5<\/a><\/li>\n<li><a href=\"https:\/\/www.gymnasium-rhauderfehn.de\/wp-content\/uploads\/2025\/04\/Ausleihpaket-Jahrgang-6-2025-2026.pdf\">Lernmittel &#8211; entgeltliche Ausleihe Klasse 6<\/a><\/li>\n<li><a href=\"https:\/\/www.gymnasium-rhauderfehn.de\/wp-content\/uploads\/2025\/04\/Ausleihpaket-Jahrgang-7-2025-2026.pdf\">Lernmittel &#8211; entgeltliche Ausleihe Klasse 7<\/a><\/li>\n<li><a href=\"https:\/\/www.gymnasium-rhauderfehn.de\/wp-content\/uploads\/2025\/04\/Ausleihpaket-Jahrgang-8-2025-2026.pdf\">Lernmittel &#8211; entgeltliche Ausleihe Klasse 8<\/a><\/li>\n<li><a href=\"https:\/\/www.gymnasium-rhauderfehn.de\/wp-content\/uploads\/2025\/04\/Ausleihpaket-Jahrgang-9-2025-2026.pdf\">Lernmittel &#8211; entgeltliche Ausleihe Klasse 9&nbsp;<\/a><\/li>\n<li><a href=\"https:\/\/www.gymnasium-rhauderfehn.de\/wp-content\/uploads\/2025\/04\/Ausleihpaket-Jahrgang-10-2025-2026.pdf\">Lernmittel &#8211; entgeltliche Ausleihe Klasse 10<\/a><\/li>\n<li><a href=\"https:\/\/www.gymnasium-rhauderfehn.de\/wp-content\/uploads\/2025\/05\/Ausleihpaket-Jahrgang-11-2025-2026.pdf\">Lernmittel &#8211; entgeltliche Ausleihe Klasse 11<\/a><\/li>\n<li><a href=\"https:\/\/www.gymnasium-rhauderfehn.de\/wp-content\/uploads\/2025\/05\/Ausleihpaket-Jahrgang-12-2025-2026.pdf\">Lernmittel &#8211; entgeltliche Ausleihe Jahrgang 12<\/a><\/li>\n<li><a href=\"https:\/\/www.gymnasium-rhauderfehn.de\/wp-content\/uploads\/2025\/04\/Ausleihpaket-Jahrgang-13-2025-2026.pdf\">Lernmittel &#8211; entgeltliche Ausleihe Jahrgang 13<\/a><\/li>\n<\/ul>\n<h1>Lehr- und Lernmittel, die von den Eltern gekauft werden m\u00fcssen:<a href=\"https:\/\/www.gymnasium-rhauderfehn.de\/wp-content\/uploads\/2019\/05\/Geld.jpg\"><img loading=\"lazy\" decoding=\"async\" class=\"wp-image-15022 size-full alignright\" src=\"https:\/\/www.gymnasium-rhauderfehn.de\/wp-content\/uploads\/2019\/05\/Geld.jpg\" alt=\"\" width=\"123\" height=\"129\"><\/a><\/h1>\n<ul>\n<li><a href=\"https:\/\/www.gymnasium-rhauderfehn.de\/wp-content\/uploads\/2025\/04\/Elternanschaffungsliste-Jahrgang-5-2025-2026.pdf\">Lehrmittel &#8211; eigene Anschaffung Klasse 5<\/a><\/li>\n<li><a href=\"https:\/\/www.gymnasium-rhauderfehn.de\/wp-content\/uploads\/2025\/04\/Elternanschaffungsliste-Jahrgang-6-2025-2026.pdf\">Lehrmittel &#8211; eigene Anschaffung Klasse 6<\/a><\/li>\n<li><a href=\"https:\/\/www.gymnasium-rhauderfehn.de\/wp-content\/uploads\/2025\/04\/Elternanschaffungsliste-Jahrgang-7-2025-2026.pdf\">Lehrmittel &#8211; eigene Anschaffung Klasse 7<\/a><\/li>\n<li><a href=\"https:\/\/www.gymnasium-rhauderfehn.de\/wp-content\/uploads\/2025\/04\/Elternanschaffungsliste-Jahrgang-8-2025-2026.pdf\">Lehrmittel &#8211; eigene Anschaffung Klasse 8<\/a><\/li>\n<li><a href=\"https:\/\/www.gymnasium-rhauderfehn.de\/wp-content\/uploads\/2025\/04\/Elternanschaffungsliste-Jahrgang-9-2025-2026.pdf\">Lehrmittel &#8211; eigene Anschaffung Klasse 9<\/a><\/li>\n<li><a href=\"https:\/\/www.gymnasium-rhauderfehn.de\/wp-content\/uploads\/2025\/04\/Elternanschaffungsliste-Jahrgang-10-2025-2026.pdf\">Lehrmittel &#8211; eigene Anschaffung Klasse 10<\/a><\/li>\n<li><a href=\"https:\/\/www.gymnasium-rhauderfehn.de\/wp-content\/uploads\/2025\/05\/Elternanschaffungsliste-Jahrgang-11-2025-2026.pdf\">Lehrmittel &#8211; eigene Anschaffung Klasse 11<\/a><\/li>\n<li><a href=\"https:\/\/www.gymnasium-rhauderfehn.de\/wp-content\/uploads\/2025\/05\/Elternanschaffungsliste-Jahrgang-12-2025-2026.pdf\">Lehrmittel &#8211; eigene Anschaffung Jahrgang 12<\/a><\/li>\n<li><a href=\"https:\/\/www.gymnasium-rhauderfehn.de\/wp-content\/uploads\/2025\/04\/Elternanschaffungsliste-Jahrgang-13-2025-2026.pdf\">Lehrmittel &#8211; eigene Anschaffung Jahrgang 13<\/a><\/li>\n<\/ul>\n<h1>Wichtig f\u00fcr Selbstk\u00e4uferInnen, die nicht an der Ausleihe teilnehmen<\/h1>\n<p><span style=\"color: #ff0000;\">In den Ausleihpaketen sind Printplus-Lizenzen enthalten, die nur Schulen\/Lehrkr\u00e4fte erwerben k\u00f6nnen, jedoch nicht Eltern\/Sch\u00fclerInnen. Diese sind kosteng\u00fcnstiger als &#8222;normale&#8220; E-Book-Lizenzen. Auch der Kauf von &#8222;normalen&#8220; E-Book-Lizenzen&nbsp; kann problematisch sein. F\u00fcr die Bestellinformationen zum E-Bookkauf schicken deshalb Selbstk\u00e4ufer, die also nicht an der&nbsp; Schulbuchausleihe teilnehmen wollen,&nbsp; eine Email an britta.fokken@gymnasium-rhauderfehn.eu.<br \/>\n<\/span><\/p>\n<p>&nbsp;<\/p>\n<h1>Anmeldeunterlagen Jahrgang 13:<\/h1>\n<ul>\n<li>Abgabe der Unterlagen im Aufgabenmodul bei Iserv <span style=\"color: #ff0000;\">(Start: 21.04.2025)<\/span> (bei Problemen beim Sekretariat der Oberstufe) bis zum <strong>06.05.2025<\/strong><\/li>\n<li>\u00dcberweisung des Ausleihentgeltes bis zum <strong>06.05.2025 <\/strong>auf das Konto <span style=\"color: #ff0000;\"><strong>DE27 2859 1654 0027 4895 10<\/strong><\/span>&nbsp; bei der Volksbank eG Westrhauderfehn <strong>BIC: GENODEF1WRH, Verwendungszweck: 25EA1326 Name, Vorname des Kindes, aktueller Jahrgang 12<br \/>\n<\/strong><\/li>\n<\/ul>\n<ul>\n<li><a href=\"https:\/\/www.gymnasium-rhauderfehn.de\/wp-content\/uploads\/2025\/04\/Anmeldeformular-Schulbuchausleihe-Klasse-13-2025-2026.pdf\">Anmeldeformular Schulbuchausleihe Klasse 13<\/a><\/li>\n<li><a href=\"https:\/\/www.gymnasium-rhauderfehn.de\/wp-content\/uploads\/2025\/04\/Grundsaetze-Schulbuchausleihe-2025.pdf\">Grunds\u00e4tze f\u00fcr die Schulbuchausleihe<\/a><\/li>\n<li><a href=\"https:\/\/www.gymnasium-rhauderfehn.de\/wp-content\/uploads\/2025\/04\/Naehere-Informationen-zur-Schulbuchausleihe-2025-2026-Jahrgang-13.pdf\">N\u00e4here Informationen zur Schulbuchausleihe 2025\/2026 Jahrgang 13<\/a><\/li>\n<li><a href=\"https:\/\/www.gymnasium-rhauderfehn.de\/wp-content\/uploads\/2025\/04\/Elternanschreiben-Oberstufe-mit-Elternmithilfe-2025.pdf\">Anschreiben an Eltern zur Schulbuchausleihe mit Elternmithilfe<\/a><\/li>\n<\/ul>\n<h1>Anmeldeunterlagen Jahrgang 12:<\/h1>\n<ul>\n<li>Abgabe der Unterlagen im Aufgabenmodul bei Iserv <span style=\"color: #ff0000;\">(Start: 15.05.2025)<\/span> (bei Problemen beim Sekretariat der Oberstufe) bis zum <strong>30.05.2025<\/strong><\/li>\n<li>\u00dcberweisung des Ausleihentgeltes bis zum <strong>30.05.2025 <\/strong>auf das Konto <span style=\"color: #ff0000;\"><strong>DE27 2859 1654 0027 4895 10<\/strong><\/span>&nbsp; bei der Volksbank eG Westrhauderfehn <strong>BIC: GENODEF1WRH, Verwendungszweck: 25EA1226 Name, Vorname des Kindes, aktuelle Klassenbezeichnung 11&#8230;<br \/>\n<\/strong><\/li>\n<\/ul>\n<ul>\n<li><a href=\"https:\/\/www.gymnasium-rhauderfehn.de\/wp-content\/uploads\/2025\/05\/Anmeldeformular-Schulbuchausleihe-Klasse-12-2025-2026.pdf\">Anmeldeformular Schulbuchausleihe Klasse 12<\/a><\/li>\n<li><a href=\"https:\/\/www.gymnasium-rhauderfehn.de\/wp-content\/uploads\/2025\/04\/Grundsaetze-Schulbuchausleihe-2025.pdf\">Grunds\u00e4tze f\u00fcr die Schulbuchausleihe<\/a><\/li>\n<li><a href=\"https:\/\/www.gymnasium-rhauderfehn.de\/wp-content\/uploads\/2025\/04\/Naehere-Informationen-zur-Schulbuchausleihe-2025-2026-Jahrgang-12.pdf\">N\u00e4here Informationen zur Schulbuchausleihe 2025\/2026 Jahrgang 12<\/a><\/li>\n<li><a href=\"https:\/\/www.gymnasium-rhauderfehn.de\/wp-content\/uploads\/2025\/04\/Elternanschreiben-Oberstufe-mit-Elternmithilfe-2025.pdf\">Anschreiben an Eltern zur Schulbuchausleihe mit Elternmithilfe<\/a><\/li>\n<\/ul>\n<h1>Anmeldeunterlagen Jahrgang 11:<\/h1>\n<ul>\n<li>Abgabe der Unterlagen \u00fcber das Aufgabenmodul bei Iserv <span style=\"color: #ff0000;\">(Start: 15.05.2025)<\/span> bis zum <strong>30.05.2025<\/strong><\/li>\n<li>\u00dcberweisung des Ausleihentgeltes bis zum <strong>30.05.2025 <\/strong>auf das Konto <span style=\"color: #ff0000;\"><strong>DE27 2859 1654 0027 4895 10 <\/strong><\/span>bei der Volksbank eG Westrhauderfehn <strong>BIC: GENODEF1WRH, Verwendungszweck: 25EA1126 Name, Vorname des Kindes, aktuelle Klassenbezeichnung (10&#8230;)<br \/>\n<\/strong><\/li>\n<\/ul>\n<ul>\n<li><a href=\"https:\/\/www.gymnasium-rhauderfehn.de\/wp-content\/uploads\/2025\/05\/Anmeldeformular-Schulbuchausleihe-Klasse-11-2025-2026.pdf\">Anmeldeformular Schulbuchausleihe Klasse 11<\/a><\/li>\n<li><a href=\"https:\/\/www.gymnasium-rhauderfehn.de\/wp-content\/uploads\/2025\/04\/Grundsaetze-Schulbuchausleihe-2025.pdf\">Grunds\u00e4tze f\u00fcr die Schulbuchausleihe<\/a><\/li>\n<li><a href=\"https:\/\/www.gymnasium-rhauderfehn.de\/wp-content\/uploads\/2025\/04\/Naehere-Informationen-zur-Schulbuchausleihe-2025-2026-Jahrgang-11.pdf\">N\u00e4here Informationen zur Schulbuchausleihe 2025\/2026 Jahrgang 11<\/a><\/li>\n<li><a href=\"https:\/\/www.gymnasium-rhauderfehn.de\/wp-content\/uploads\/2025\/04\/Elternanschreiben-Oberstufe-mit-Elternmithilfe-2025.pdf\">Anschreiben an Eltern zur Schulbuchausleihe mit Elternmithilfe<\/a><\/li>\n<\/ul>\n<h1>Anmeldeunterlagen Klasse 10:<\/h1>\n<ul>\n<li>Abgabe der Unterlagen \u00fcber das Iserv-Aufgabenmodul bis zum <strong>06.05.2025<\/strong><\/li>\n<li>\u00dcberweisung des Ausleihentgeltes bis zum <strong>06.05.2025 <\/strong>auf das Konto <span style=\"color: #ff0000;\"><strong>DE27 2859 1654 0027 4895 10<\/strong><\/span>&nbsp; bei der Volksbank eG Westrhauderfehn <strong>BIC: GENODEF1WRH, Verwendungszweck 256EA1026 Name, Vorname des Kindes, aktuelle Klassenbezeichnung (9&#8230;)<br \/>\n<\/strong><\/li>\n<\/ul>\n<ul>\n<li><a href=\"https:\/\/www.gymnasium-rhauderfehn.de\/wp-content\/uploads\/2025\/04\/Anmeldeformular-Schulbuchausleihe-Klasse-10-2025-2026.pdf\">Anmeldeformular Schulbuchausleihe Klasse 10<\/a><\/li>\n<li><a href=\"https:\/\/www.gymnasium-rhauderfehn.de\/wp-content\/uploads\/2025\/04\/Grundsaetze-Schulbuchausleihe-2025.pdf\">Grunds\u00e4tze f\u00fcr die Schulbuchausleihe<\/a><\/li>\n<li><a href=\"https:\/\/www.gymnasium-rhauderfehn.de\/wp-content\/uploads\/2025\/04\/Naehere-Informationen-zur-Schulbuchausleihe-2025-2026-Jahrgang-10.pdf\">N\u00e4here Informationen zur Schulbuchausleihe 2025\/2026 Klasse 10<\/a><\/li>\n<li><a href=\"https:\/\/www.gymnasium-rhauderfehn.de\/wp-content\/uploads\/2025\/04\/Elternanschreiben-2025.pdf\">Anschreiben an Eltern zur Schulbuchausleihe mit Wohngeldhinweis<\/a><\/li>\n<\/ul>\n<h1>Anmeldeunterlagen Klasse 9:<\/h1>\n<ul>\n<li>Abgabe der Unterlagen \u00fcber das Iserv-Aufgabenmodul bis zum <strong>06.05.2025<\/strong><\/li>\n<li>\u00dcberweisung des Ausleihentgeltes bis zum <strong>06.05.2025 <\/strong>auf das Konto <span style=\"color: #ff0000;\"><strong>DE27 2859 1654 0027 4895 10<\/strong><\/span>&nbsp; bei der Volksbank eG Westrhauderfehn <strong>BIC: GENODEF1WRH, Verwendungszweck 256EA1026 Name, Vorname des Kindes, aktuelle Klassenbezeichnung (8&#8230;)<br \/>\n<\/strong><\/li>\n<\/ul>\n<ul>\n<li><a href=\"https:\/\/www.gymnasium-rhauderfehn.de\/wp-content\/uploads\/2025\/04\/Anmeldeformular-Schulbuchausleihe-Klasse-9-2025-2026.pdf\">Anmeldeformular Schulbuchausleihe Klasse 9<\/a><\/li>\n<li><a href=\"https:\/\/www.gymnasium-rhauderfehn.de\/wp-content\/uploads\/2025\/04\/Grundsaetze-Schulbuchausleihe-2025.pdf\">Grunds\u00e4tze f\u00fcr die Schulbuchausleihe<\/a><\/li>\n<li><a href=\"https:\/\/www.gymnasium-rhauderfehn.de\/wp-content\/uploads\/2025\/04\/Naehere-Informationen-zur-Schulbuchausleihe-2025-2026-Jahrgang-9.pdf\">N\u00e4here Informationen zur Schulbuchausleihe 2025\/2026 Klasse 9<\/a><\/li>\n<li><a href=\"https:\/\/www.gymnasium-rhauderfehn.de\/wp-content\/uploads\/2025\/04\/Elternanschreiben-2025.pdf\">Anschreiben an Eltern zur Schulbuchausleihe mit Elternmithilfe und Wohngeldhinweis<\/a><\/li>\n<\/ul>\n<h1>Anmeldeunterlagen Klasse 8:<\/h1>\n<ul>\n<li>Abgabe der Unterlagen \u00fcber das Iserv-Aufgabenmodul bis zum <strong>06.05.2025<\/strong><\/li>\n<li>\u00dcberweisung des Ausleihentgeltes bis zum <strong>06.05.2025 <\/strong>auf das Konto <span style=\"color: #ff0000;\"><strong>DE27 2859 1654 0027 4895 10<\/strong><\/span>&nbsp; bei der Volksbank eG Westrhauderfehn <strong>BIC: GENODEF1WRH, Verwendungszweck 256EA1026 Name, Vorname des Kindes, aktuelle Klassenbezeichnung (7&#8230;)<br \/>\n<\/strong><\/li>\n<\/ul>\n<ul>\n<li><a href=\"https:\/\/www.gymnasium-rhauderfehn.de\/wp-content\/uploads\/2025\/04\/Anmeldeformular-Schulbuchausleihe-Klasse-8-2025-2026.pdf\">Anmeldeformular Schulbuchausleihe Klasse 8<\/a><\/li>\n<li><a href=\"https:\/\/www.gymnasium-rhauderfehn.de\/wp-content\/uploads\/2025\/04\/Grundsaetze-Schulbuchausleihe-2025.pdf\">Grunds\u00e4tze f\u00fcr die Schulbuchausleihe<\/a><\/li>\n<li><a href=\"https:\/\/www.gymnasium-rhauderfehn.de\/wp-content\/uploads\/2025\/04\/Naehere-Informationen-zur-Schulbuchausleihe-2025-2026-Jahrgang-8.pdf\">N\u00e4here Informationen zur Schulbuchausleihe 2025\/2026 Klasse 8<\/a><\/li>\n<li><a href=\"https:\/\/www.gymnasium-rhauderfehn.de\/wp-content\/uploads\/2025\/04\/Elternanschreiben-2025.pdf\">Anschreiben an Eltern zur Schulbuchausleihe mit Elternmithilfe und Wohngeldhinweis<\/a><\/li>\n<\/ul>\n<h1>Anmeldeunterlagen Klasse 7:<\/h1>\n<ul>\n<li>Abgabe der Unterlagen \u00fcber das Iserv-Aufgabenmodul bis zum <strong>06.05.2025<\/strong><\/li>\n<li>\u00dcberweisung des Ausleihentgeltes bis zum <strong>06.05.2025 <\/strong>auf das Konto <span style=\"color: #ff0000;\"><strong>DE27 2859 1654 0027 4895 10<\/strong><\/span>&nbsp; bei der Volksbank eG Westrhauderfehn <strong>BIC: GENODEF1WRH, Verwendungszweck 256EA1026 Name, Vorname des Kindes, aktuelle Klassenbezeichnung (6&#8230;)<br \/>\n<\/strong><\/li>\n<\/ul>\n<ul>\n<li><a href=\"https:\/\/www.gymnasium-rhauderfehn.de\/wp-content\/uploads\/2025\/04\/Anmeldeformular-Schulbuchausleihe-Klasse-7-2025-2026.pdf\">Anmeldeformular Schulbuchausleihe Klasse 7<\/a><\/li>\n<li><a href=\"https:\/\/www.gymnasium-rhauderfehn.de\/wp-content\/uploads\/2025\/04\/Grundsaetze-Schulbuchausleihe-2025.pdf\">Grunds\u00e4tze f\u00fcr die Schulbuchausleihe<\/a><\/li>\n<li><a href=\"https:\/\/www.gymnasium-rhauderfehn.de\/wp-content\/uploads\/2025\/04\/Naehere-Informationen-zur-Schulbuchausleihe-2025-2026-Jahrgang-7.pdf\">N\u00e4here Informationen zur Schulbuchausleihe 2025\/2026 Klasse 7<\/a><\/li>\n<li><a href=\"https:\/\/www.gymnasium-rhauderfehn.de\/wp-content\/uploads\/2025\/04\/Elternanschreiben-2025.pdf\">Anschreiben an Eltern zur Schulbuchausleihe mit Wohngeldhinweis<\/a><\/li>\n<\/ul>\n<h1>Anmeldeunterlagen Klasse 6:<\/h1>\n<ul>\n<li>Abgabe der Unterlagen \u00fcber das Iserv-Aufgabenmodul bis zum <strong>06.05.2025<\/strong><strong><br \/>\n<\/strong><\/li>\n<li>\u00dcberweisung des Ausleihentgeltes bis zum <strong>06.05.2025 <\/strong>auf das Konto <span style=\"color: #ff0000;\"><strong>DE27 2859 1654 0027 4895 10<\/strong><\/span>&nbsp; bei der Volksbank eG Westrhauderfehn <strong>BIC: GENODEF1WRH, Verwendungszweck 256EA1026 Name, Vorname des Kindes, aktuelle Klassenbezeichnung (5&#8230;)<br \/>\n<\/strong><\/li>\n<\/ul>\n<ul>\n<li><a href=\"https:\/\/www.gymnasium-rhauderfehn.de\/wp-content\/uploads\/2025\/04\/Anmeldeformular-Schulbuchausleihe-Klasse-6-2025-2026.pdf\">Anmeldeformular Schulbuchausleihe Klasse 6<\/a><\/li>\n<li><a href=\"https:\/\/www.gymnasium-rhauderfehn.de\/wp-content\/uploads\/2025\/04\/Grundsaetze-Schulbuchausleihe-2025.pdf\">Grunds\u00e4tze f\u00fcr die Schulbuchausleihe<\/a><\/li>\n<li><a href=\"https:\/\/www.gymnasium-rhauderfehn.de\/wp-content\/uploads\/2025\/04\/Naehere-Informationen-zur-Schulbuchausleihe-2025-2026-Jahrgang-6.pdf\">N\u00e4here Informationen zur Schulbuchausleihe Jahrgang 6 2025-2026<\/a><\/li>\n<li><a href=\"https:\/\/www.gymnasium-rhauderfehn.de\/wp-content\/uploads\/2025\/04\/Elternanschreiben-2025.pdf\">Anschreiben an Eltern zur Schulbuchausleihe mit&nbsp; Elternmithilfe und Wohngeldhinweis<\/a><\/li>\n<\/ul>\n<h1>Anmeldeunterlagen Klasse 5:<\/h1>\n<ul>\n<li>Abgabe der Unterlagen an das Sekretariat bis zum <strong>31.03.2025&nbsp;<\/strong>als Onlineanmeldung (bitte zum Hauptsekretariat Kontakt aufnehmen!)<\/li>\n<li>\u00dcberweisung des Ausleihentgeltes bis zum <strong>16.04.2025 <\/strong>auf das Konto <strong><span style=\"color: #ff0000;\">DE27 2859 1654 0027 4895 10<\/span>&nbsp;<\/strong> bei der Volksbank eG Westrhauderfehn <strong>BIC: GENODEF1WRH, Verwendungszweck 255EA26 Name, Vorname des Kindes, Klasse 5<br \/>\n<\/strong><\/li>\n<\/ul>\n<ul>\n<li><a href=\"https:\/\/www.gymnasium-rhauderfehn.de\/wp-content\/uploads\/2025\/04\/Online-Anmeldeformular-Schulbuchausleihe-Klasse-5-2025-2026.pdf\">Anmeldeformular Schulbuchausleihe Klasse 5<\/a><\/li>\n<li><a href=\"https:\/\/www.gymnasium-rhauderfehn.de\/wp-content\/uploads\/2025\/04\/Grundsaetze-Schulbuchausleihe-2025.pdf\">Grunds\u00e4tze f\u00fcr die Schulbuchausleihe<\/a><\/li>\n<li><a href=\"https:\/\/www.gymnasium-rhauderfehn.de\/wp-content\/uploads\/2025\/04\/Naehere-Informationen-zum-Ausleihverfahren-von-Lernmitteln-Klasse-5.pdf\">N\u00e4here Informationen zur Schulbuchausleihe 2025\/2026 Klasse 5<\/a><\/li>\n<li><a href=\"https:\/\/www.gymnasium-rhauderfehn.de\/wp-content\/uploads\/2024\/04\/Hinweise-zur-Neuanmeldung-Schulbuchausleihe-2024-2025-Homepage..pdf\">Hinweise f\u00fcr Eltern zur Ausleihanmeldung + Wohngeldproblem<\/a><\/li>\n<\/ul>\n<h1>H\u00e4ufige Fragen:<img loading=\"lazy\" decoding=\"async\" class=\"alignright wp-image-15020 size-full\" src=\"https:\/\/www.gymnasium-rhauderfehn.de\/wp-content\/uploads\/2019\/05\/B\u00fccher-IV.png\" alt=\"\" width=\"91\" height=\"90\"><\/h1>\n<ul>\n<li><a href=\"https:\/\/www.gymnasium-rhauderfehn.de\/wp-content\/uploads\/2022\/05\/Entgeltliche-Ausleihe-von-Lernmitteln-Abmeldung-2022.pdf\">Abmeldung von der Schulbuchausleihe<\/a><\/li>\n<li><a href=\"https:\/\/www.gymnasium-rhauderfehn.de\/wp-content\/uploads\/2016\/04\/Entgeltliche-Ausleihe-von-Lernmitteln-Ersatzpflicht.pdf\">Besch\u00e4<\/a><a href=\"https:\/\/www.gymnasium-rhauderfehn.de\/wp-content\/uploads\/2022\/05\/Entgeltliche-Ausleihe-von-Lernmitteln-Ersatzpflicht.pdf\">digungen von Schulb\u00fcchern\/Ersatzpflicht<\/a><\/li>\n<li><a href=\"https:\/\/www.gymnasium-rhauderfehn.de\/wp-content\/uploads\/2025\/04\/Schulbuchausleihe-in-der-Oberstufe-2025-2026.pdf\">Schulbuchausleihe in der Oberstufe<\/a><\/li>\n<li><a href=\"https:\/\/www.gymnasium-rhauderfehn.de\/wp-content\/uploads\/2022\/05\/Empfehlungen-zum-Einbinden-der-Schulbuecher-2022.pdf\">Empfehlung zum Einbinden der B\u00fccher<\/a><\/li>\n<\/ul>\n","protected":false},"excerpt":{"rendered":"<p>Wenn Ihr Kind im kommenden Schuljahr an der Schulbuchausleihe teilnehmen soll, ist es n\u00f6tig, die Ausleihinformationen zur Kenntnis zu nehmen, das Anmeldeformular vollst\u00e4ndig ausgef\u00fcllt abzugeben sowie das Ausleihentgelt rechtzeitig zu \u00fcberweisen. Zitat aus dem aktuell [&hellip;]<\/p>\n","protected":false},"author":1,"featured_media":0,"parent":9353,"menu_order":0,"comment_status":"closed","ping_status":"closed","template":"","meta":{"ngg_post_thumbnail":0,"footnotes":""},"class_list":["post-20527","page","type-page","status-publish","hentry"],"_links":{"self":[{"href":"https:\/\/www.gymnasium-rhauderfehn.de\/index.php?rest_route=\/wp\/v2\/pages\/20527","targetHints":{"allow":["GET"]}}],"collection":[{"href":"https:\/\/www.gymnasium-rhauderfehn.de\/index.php?rest_route=\/wp\/v2\/pages"}],"about":[{"href":"https:\/\/www.gymnasium-rhauderfehn.de\/index.php?rest_route=\/wp\/v2\/types\/page"}],"author":[{"embeddable":true,"href":"https:\/\/www.gymnasium-rhauderfehn.de\/index.php?rest_route=\/wp\/v2\/users\/1"}],"replies":[{"embeddable":true,"href":"https:\/\/www.gymnasium-rhauderfehn.de\/index.php?rest_route=%2Fwp%2Fv2%2Fcomments&post=20527"}],"version-history":[{"count":38,"href":"https:\/\/www.gymnasium-rhauderfehn.de\/index.php?rest_route=\/wp\/v2\/pages\/20527\/revisions"}],"predecessor-version":[{"id":22418,"href":"https:\/\/www.gymnasium-rhauderfehn.de\/index.php?rest_route=\/wp\/v2\/pages\/20527\/revisions\/22418"}],"up":[{"embeddable":true,"href":"https:\/\/www.gymnasium-rhauderfehn.de\/index.php?rest_route=\/wp\/v2\/pages\/9353"}],"wp:attachment":[{"href":"https:\/\/www.gymnasium-rhauderfehn.de\/index.php?rest_route=%2Fwp%2Fv2%2Fmedia&parent=20527"}],"curies":[{"name":"wp","href":"https:\/\/api.w.org\/{rel}","templated":true}]}}