{"id":302,"date":"2015-09-03T21:55:11","date_gmt":"2015-09-03T19:55:11","guid":{"rendered":"http:\/\/192.168.2.108:8888\/wordpress\/?page_id=302"},"modified":"2021-09-20T19:12:42","modified_gmt":"2021-09-20T17:12:42","slug":"impressum","status":"publish","type":"page","link":"https:\/\/www.gymnasium-rhauderfehn.de\/?page_id=302","title":{"rendered":"Impressum \/ Kontakt \/ Haftungsbeschr\u00e4nkung"},"content":{"rendered":"<p><strong>Albrecht-Weinberg-Gymnasium Rhauderfehn<br \/>\n<\/strong>-Schulleitung-<br \/>\nWerftstra\u00dfe 2<br \/>\n26817 Rhauderfehn<\/p>\n<p>Telefon: +49 4952 8273-0<br \/>\nFax: +49 4952 8273-18<br \/>\nE-Mail: <a href=\"mailto:leitung@gymnasium-rhauderfehn.de\">leitung@gymnasium-rhauderfehn.de<\/a><br \/>\nDas Albrecht-Weinberg-Gymnasium Rhauderfehn&nbsp;ist ein staatliches Gymnasium des Landes Niedersachsen.<\/p>\n<p>Zust\u00e4ndige Aufsichtsbeh\u00f6rde:<br \/>\n<a href=\"http:\/\/www.mk.niedersachsen.de\/\">Nieders\u00e4chsisches Kultusministerium<\/a>,<\/p>\n<p>vertreten durch das:<br \/>\n<a href=\"mailto:poststelle@rlsb-os.niedersachsen.de\">Regionale Landesamt f\u00fcr Schule und Bildung, Abteilung Osnabr\u00fcck<\/a>,<br \/>\nM\u00fchleneschweg 8<br \/>\n49090 Osnabr\u00fcck<\/p>\n<p>Postf. 35 69<br \/>\n49025 Osnabr\u00fcck.<\/p>\n<p>Schultr\u00e4ger&nbsp;ist der:<br \/>\n<a href=\"http:\/\/www.landkreis-leer.de\/\">Landkreis Leer<br \/>\n<\/a>Schulamt &#8211; Kreishaus<br \/>\n26789 Leer<\/p>\n<h1><strong>Haftung<\/strong><\/h1>\n<p>inhaltlich Verantwortliche gem\u00e4\u00df \u00a7 10 Absatz 3 MDStV:<br \/>\nUlrike Janssen, OStD\u2019, Schulleiterin (Anschrift wie oben)<\/p>\n<blockquote><p><strong>1. Haftungsbeschr\u00e4nkung<\/strong><br \/>\nDie Inhalte dieser Website werden mit gr\u00f6\u00dftm\u00f6glicher Sorgfalt erstellt. Der Anbieter \u00fcbernimmt jedoch keine Gew\u00e4hr f\u00fcr die Richtigkeit, Vollst\u00e4ndigkeit und Aktualit\u00e4t der bereitgestellten Inhalte. Die Nutzung der Inhalte der Website erfolgt auf eigene Gefahr des Nutzers. Namentlich gekennzeichnete Beitr\u00e4ge geben die Meinung des jeweiligen Autors und nicht immer die Meinung des Anbieters wieder. Mit der reinen Nutzung der Website des Anbieters kommt keinerlei Vertragsverh\u00e4ltnis zwischen dem Nutzer und dem Anbieter zustande.<\/p>\n<p><strong>2. Externe Links<\/strong><br \/>\nDiese Website enth\u00e4lt Verkn\u00fcpfungen zu Websites Dritter (&#8222;externe Links&#8220;). Diese Websites unterliegen der Haftung der jeweiligen Betreiber. Der Anbieter hat bei der erstmaligen Verkn\u00fcpfung der externen Links die fremden Inhalte daraufhin \u00fcberpr\u00fcft, ob etwaige Rechtsverst\u00f6\u00dfe bestehen. Zu dem Zeitpunkt waren keine Rechtsverst\u00f6\u00dfe ersichtlich. Der Anbieter hat keinerlei Einfluss auf die aktuelle und zuk\u00fcnftige Gestaltung und auf die Inhalte der verkn\u00fcpften Seiten. Das Setzen von externen Links bedeutet nicht, dass sich der Anbieter die hinter dem Verweis oder Link liegenden Inhalte zu Eigen macht. Eine st\u00e4ndige Kontrolle der externen Links ist f\u00fcr den Anbieter ohne konkrete Hinweise auf Rechtsverst\u00f6\u00dfe nicht zumutbar. Bei Kenntnis von Rechtsverst\u00f6\u00dfen werden jedoch derartige externe Links unverz\u00fcglich gel\u00f6scht.<\/p>\n<p><strong>3. Urheber- und Leistungsschutzrechte<\/strong><br \/>\nDie auf dieser Website ver\u00f6ffentlichten Inhalte unterliegen dem deutschen Urheber- und Leistungsschutzrecht. Jede vom deutschen Urheber- und Leistungsschutzrecht nicht zugelassene Verwertung bedarf der vorherigen schriftlichen Zustimmung des Anbieters oder jeweiligen Rechteinhabers. Dies gilt insbesondere f\u00fcr Vervielf\u00e4ltigung, Bearbeitung, \u00dcbersetzung, Einspeicherung, Verarbeitung bzw. Wiedergabe von Inhalten in Datenbanken oder anderen elektronischen Medien und Systemen. Inhalte und Rechte Dritter sind dabei als solche gekennzeichnet. Die unerlaubte Vervielf\u00e4ltigung oder Weitergabe einzelner Inhalte oder kompletter Seiten ist nicht gestattet und strafbar. Lediglich die Herstellung von Kopien und Downloads f\u00fcr den pers\u00f6nlichen, privaten und nicht kommerziellen Gebrauch ist erlaubt. Die Darstellung dieser Website in fremden Frames ist nur mit schriftlicher Erlaubnis zul\u00e4ssig.<\/p>\n<p><strong>4. Datenschutz<\/strong><\/p>\n<p>a) Kontaktdaten der oder des Datenschutzbeauftragten Bernd Block:<\/p>\n<p>Tel.: 04952-8273-0 &nbsp; &nbsp; &nbsp; &nbsp; &nbsp; &nbsp; &nbsp; &nbsp; &nbsp; &nbsp; &nbsp;E-Mail: dsb@gymnasium-rhauderfehn.de&nbsp;<\/p>\n<p>b) Bereitstellung der Website und Erstellung von Logfiles:<\/p>\n<p>Bei jedem Aufruf unserer Internetseite erfasst unser System automatisiert Daten und Informationen vom Computersystem des aufrufenden Rechners. Folgende Daten werden hierbei erhoben:<\/p>\n<ol>\n<li>Datum und Uhrzeit des Zugriffes<\/li>\n<li>Die IP-Adresse des Nutzers<\/li>\n<li>Die Betriebssystemversion des Nutzers<\/li>\n<li>Der Browsertyp des Nutzers<\/li>\n<li>Die vom Nutzer aufgerufene Seiten<\/li>\n<\/ol>\n<p>Die Daten werden in den Logfiles unseres Systems gespeichert. Eine Speicherung dieser Daten zusammen mit anderen personenbezogenen Daten des Nutzers findet nicht statt. Zweck der Datenspeicherung ist die technische Optimierung unserer Internetseite. Rechtsgrundlage f\u00fcr die vor\u00fcbergehende Speicherung der Daten ist Art. 6 Abs.1 lit.f DSGVO.<\/p>\n<p>Die Datenwerden f\u00fcr zwei Monate&nbsp;gespeichert, sie werden lediglich statistisch ausgewertet.<\/p>\n<p>c) Verwendung von Cookies:&nbsp;Wir verwenden keine Cookies.<\/p>\n<p>d) Speicherung personenbezogener Daten bei Kontaktaufnahme:<\/p>\n<p>Sofern Sie per E-Mail den Kontakt mit uns aufnehmen, werden die von Ihnen \u00fcbermittelten personenbezogenen Daten automatisch gespeichert. Diese Daten werden f\u00fcr Zwecke der Bearbeitung Ihres Anliegens und der Kontaktaufnahme mit Ihnen gespeichert.<\/p>\n<p>e)&nbsp;Betroffenenrechte:<\/p>\n<p>Sie k\u00f6nnen folgende Rechte geltend machen:<\/p>\n<p><span style=\"text-decoration: underline;\">Auskunft\/ Akteneinsicht<\/span><\/p>\n<p>Gem. Art. 15 DSGVO haben Sie das Recht, Auskunft bzw. Akteneinsicht \u00fcber die von uns verarbeiteten personenbezogenen Daten zu erhalten.<\/p>\n<p><span style=\"text-decoration: underline;\">Berichtigung<\/span><\/p>\n<p>Sind bei uns gespeicherte personenbezogene Daten unrichtig oder unvollst\u00e4ndig, haben Sie gem. Art. 16 DSGVO das Recht, diese berichtigen bzw. vervollst\u00e4ndigen zu lassen.<\/p>\n<p><span style=\"text-decoration: underline;\">L\u00f6schung<\/span><\/p>\n<p>Art. 17 DSGVO normiert das Recht auf L\u00f6schung personenbezogener Daten. Dieses Recht steht Ihnen insbesondere dann zu, wenn die Speicherung der personenbezogenen Daten zur Erf\u00fcllung unserer gesetzlichen Aufgaben nicht mehr erforderlich ist oder Sie Ihre Einwilligung zur Datenverarbeitung mit Wirkung f\u00fcr die Zukunft widerrufen haben.<\/p>\n<p><span style=\"text-decoration: underline;\">Einschr\u00e4nkung der Verarbeitung<\/span><\/p>\n<p>Gem. Art. 18 DSGVO k\u00f6nnen Sie die Einschr\u00e4nkung der personenbezogenen Daten verlangen, wenn<\/p>\n<ul>\n<li>die Richtigkeit der Daten von Ihnen bestritten wird<\/li>\n<li>die Verarbeitung unrechtm\u00e4\u00dfig ist, Sie aber deren L\u00f6schung ablehnen<\/li>\n<li>wir die Daten nicht mehr ben\u00f6tigen, Sie jedoch diese zur Geltendmachung, Aus\u00fcbung oder Verteidigung von Rechtsanspr\u00fcchen ben\u00f6tigen<\/li>\n<li>oder Sie gem\u00e4\u00df Art. 21 DSGVO Widerspruch gegen die Verarbeitung eingelegt haben<\/li>\n<\/ul>\n<p><span style=\"text-decoration: underline;\">Widerspruch<\/span><\/p>\n<p>Sie k\u00f6nnen bei Gr\u00fcnden, die sich aus Ihrer besonderen Situation ergeben, ein Widerspruchsrecht geltend machen. Gem. Art. 21 DSGVO ist jedoch zu ber\u00fccksichtigten, ob schutzw\u00fcrdige Gr\u00fcnde f\u00fcr die Verarbeitung vorliegen oder die Verarbeitung der Geltendmachung, Aus\u00fcbung oder Verteidigung von Rechtsanspr\u00fcchen dient.<\/p>\n<p><span style=\"text-decoration: underline;\">Daten\u00fcbertragbarkeit<\/span><\/p>\n<p>Ist die Verarbeitung Ihrer Daten mit &nbsp;Hilfe eines automatisierten Verfahrens erfolgt, haben Sie gem. Art. 20 DSGVO das Recht, die Daten in einem g\u00e4ngigen und maschinenlesbaren Format zu erhalten und an eine andere Schule zu \u00fcbermitteln bzw. durch uns \u00fcbermitteln zu lassen.<\/p>\n<p><span style=\"text-decoration: underline;\">Widerruf der Einwilligung<\/span><\/p>\n<p>Sie haben gem. Art. 7 Absatz 3 DSGVO das Recht, uns erteilte Einwilligungen jederzeit mit Wirkung f\u00fcr die Zukunft zu widerrufen.<\/p>\n<p><span style=\"text-decoration: underline;\">Beschwerde<\/span><\/p>\n<p>Art. 77 DSGVO normiert ein Beschwerderecht bei der Aufsichtsbeh\u00f6rde. Die f\u00fcr uns zust\u00e4ndige Aufsichtsbeh\u00f6rde ist die Landesbeauftragte f\u00fcr den Datenschutz Niedersachsen, Prinzenstra\u00dfe 5, 30159 Hannover. E-Mail: <a href=\"mailto:poststelle@lfd.niedersachsen.de\">poststelle@lfd.niedersachsen.de<\/a><\/p>\n<p>&nbsp;<\/p>\n<p>Quellen: Disclaimer von&nbsp;<a href=\"http:\/\/juraforum.de\">Juraforum.de<\/a>&nbsp;&#8211; Rechtsportal<\/p>\n<p>bzgl. Datenschutz: Landesbeauftragter f\u00fcr den Datenschutz Niedersachsen bzw. Landesschulbeh\u00f6rde Niedersachsen<\/p><\/blockquote>\n<p>&nbsp;<\/p>\n","protected":false},"excerpt":{"rendered":"<p>Albrecht-Weinberg-Gymnasium Rhauderfehn -Schulleitung- Werftstra\u00dfe 2 26817 Rhauderfehn Telefon: +49 4952 8273-0 Fax: +49 4952 8273-18 E-Mail: leitung@gymnasium-rhauderfehn.de Das Albrecht-Weinberg-Gymnasium Rhauderfehn&nbsp;ist ein staatliches Gymnasium des Landes Niedersachsen. Zust\u00e4ndige Aufsichtsbeh\u00f6rde: Nieders\u00e4chsisches Kultusministerium, vertreten durch das: Regionale Landesamt [&hellip;]<\/p>\n","protected":false},"author":1,"featured_media":0,"parent":0,"menu_order":10,"comment_status":"closed","ping_status":"closed","template":"","meta":{"ngg_post_thumbnail":0,"footnotes":""},"class_list":["post-302","page","type-page","status-publish","hentry"],"_links":{"self":[{"href":"https:\/\/www.gymnasium-rhauderfehn.de\/index.php?rest_route=\/wp\/v2\/pages\/302","targetHints":{"allow":["GET"]}}],"collection":[{"href":"https:\/\/www.gymnasium-rhauderfehn.de\/index.php?rest_route=\/wp\/v2\/pages"}],"about":[{"href":"https:\/\/www.gymnasium-rhauderfehn.de\/index.php?rest_route=\/wp\/v2\/types\/page"}],"author":[{"embeddable":true,"href":"https:\/\/www.gymnasium-rhauderfehn.de\/index.php?rest_route=\/wp\/v2\/users\/1"}],"replies":[{"embeddable":true,"href":"https:\/\/www.gymnasium-rhauderfehn.de\/index.php?rest_route=%2Fwp%2Fv2%2Fcomments&post=302"}],"version-history":[{"count":14,"href":"https:\/\/www.gymnasium-rhauderfehn.de\/index.php?rest_route=\/wp\/v2\/pages\/302\/revisions"}],"predecessor-version":[{"id":18457,"href":"https:\/\/www.gymnasium-rhauderfehn.de\/index.php?rest_route=\/wp\/v2\/pages\/302\/revisions\/18457"}],"wp:attachment":[{"href":"https:\/\/www.gymnasium-rhauderfehn.de\/index.php?rest_route=%2Fwp%2Fv2%2Fmedia&parent=302"}],"curies":[{"name":"wp","href":"https:\/\/api.w.org\/{rel}","templated":true}]}}