{"id":45,"date":"2015-08-10T14:24:25","date_gmt":"2015-08-10T12:24:25","guid":{"rendered":"http:\/\/localhost:8888\/wordpress\/?page_id=45"},"modified":"2022-04-22T20:15:55","modified_gmt":"2022-04-22T18:15:55","slug":"startseite-3","status":"publish","type":"page","link":"https:\/\/www.gymnasium-rhauderfehn.de\/","title":{"rendered":"Albrecht-Weinberg-Gymnasium Rhauderfehn"},"content":{"rendered":"<h1>Das Albrecht-Weinberg-Gymnasium Rhauderfehn stellt sich vor<\/h1>\n<p>&nbsp;<\/p>\n<p>&nbsp;<\/p>\n<hr>\n<h3 style=\"text-align: center;\"><em>Langsam und leise \u2013 friedlich und freundlich<\/em><\/h3>\n<p>&nbsp;<\/p>\n<h3 style=\"text-align: center;\"><em>Zusammenkunft ist ein Anfang \u2013&nbsp;Zusammenhalt ist ein Fortschritt \u2013&nbsp;Zusammenarbeit ist der Erfolg<\/em><\/h3>\n<p>&nbsp;<\/p>\n<h3 style=\"text-align: center;\"><em>Wissen zu f\u00f6rdern \u2013 Kultur zu bereichern \u2013 Chancen zu er\u00f6ffnen<\/em><\/h3>\n<hr>\n<p>&nbsp;<\/p>\n<p>&nbsp;<\/p>\n<p>Diese drei S\u00e4tze fassen das Leitbild unserer Schule zusammen. In seinem Geiste f\u00f6rdern und fordern wir unsere Sch\u00fclerinnen und Sch\u00fcler.<\/p>\n<p>Herzlich willkommen auf unserer Schulhomepage. Wir laden herzlich ein, in den Berichten \u00fcber unsere Arbeit und das lebendige Schulleben zu st\u00f6bern.<\/p>\n","protected":false},"excerpt":{"rendered":"<p>Das Albrecht-Weinberg-Gymnasium Rhauderfehn stellt sich vor &nbsp; &nbsp; Langsam und leise \u2013 friedlich und freundlich &nbsp; Zusammenkunft ist ein Anfang \u2013&nbsp;Zusammenhalt ist ein Fortschritt \u2013&nbsp;Zusammenarbeit ist der Erfolg &nbsp; Wissen zu f\u00f6rdern \u2013 Kultur zu [&hellip;]<\/p>\n","protected":false},"author":1,"featured_media":0,"parent":0,"menu_order":1,"comment_status":"closed","ping_status":"closed","template":"frontPage.php","meta":{"ngg_post_thumbnail":0,"footnotes":""},"class_list":["post-45","page","type-page","status-publish","hentry"],"_links":{"self":[{"href":"https:\/\/www.gymnasium-rhauderfehn.de\/index.php?rest_route=\/wp\/v2\/pages\/45","targetHints":{"allow":["GET"]}}],"collection":[{"href":"https:\/\/www.gymnasium-rhauderfehn.de\/index.php?rest_route=\/wp\/v2\/pages"}],"about":[{"href":"https:\/\/www.gymnasium-rhauderfehn.de\/index.php?rest_route=\/wp\/v2\/types\/page"}],"author":[{"embeddable":true,"href":"https:\/\/www.gymnasium-rhauderfehn.de\/index.php?rest_route=\/wp\/v2\/users\/1"}],"replies":[{"embeddable":true,"href":"https:\/\/www.gymnasium-rhauderfehn.de\/index.php?rest_route=%2Fwp%2Fv2%2Fcomments&post=45"}],"version-history":[{"count":195,"href":"https:\/\/www.gymnasium-rhauderfehn.de\/index.php?rest_route=\/wp\/v2\/pages\/45\/revisions"}],"predecessor-version":[{"id":19137,"href":"https:\/\/www.gymnasium-rhauderfehn.de\/index.php?rest_route=\/wp\/v2\/pages\/45\/revisions\/19137"}],"wp:attachment":[{"href":"https:\/\/www.gymnasium-rhauderfehn.de\/index.php?rest_route=%2Fwp%2Fv2%2Fmedia&parent=45"}],"curies":[{"name":"wp","href":"https:\/\/api.w.org\/{rel}","templated":true}]}}