{"id":6946,"date":"2015-09-21T22:57:02","date_gmt":"2015-09-21T20:57:02","guid":{"rendered":"http:\/\/192.168.2.108:8888\/?page_id=6946"},"modified":"2023-10-16T00:43:18","modified_gmt":"2023-10-15T22:43:18","slug":"latein","status":"publish","type":"page","link":"https:\/\/www.gymnasium-rhauderfehn.de\/?page_id=6946","title":{"rendered":"Latein"},"content":{"rendered":"<p style=\"text-align: left;\"><a href=\"https:\/\/www.gymnasium-rhauderfehn.de\/wp-content\/uploads\/2015\/09\/schule-im-alten-rom.jpg\"><img loading=\"lazy\" decoding=\"async\" class=\"size-medium wp-image-8287 aligncenter\" src=\"https:\/\/www.gymnasium-rhauderfehn.de\/wp-content\/uploads\/2015\/09\/schule-im-alten-rom-300x193.jpg\" alt=\"schule im alten rom\" width=\"300\" height=\"193\" srcset=\"https:\/\/www.gymnasium-rhauderfehn.de\/wp-content\/uploads\/2015\/09\/schule-im-alten-rom-300x193.jpg 300w, https:\/\/www.gymnasium-rhauderfehn.de\/wp-content\/uploads\/2015\/09\/schule-im-alten-rom.jpg 450w\" sizes=\"auto, (max-width: 300px) 100vw, 300px\" \/><\/a><\/p>\n<p style=\"text-align: left;\"><strong>ERRAR<\/strong><strong>E HUMANUM EST!<\/strong> &#8211;<\/p>\n<p style=\"text-align: left;\">IRREN IST MENSCHLICH! &#8211; eine der vielen Weisheiten aus dem Alten Rom, die eine allt\u00e4gliche Erfahrung beschreiben. Gerade in Zeiten eines (\u00dcber-)Flusses an Infomationen gilt nach wie vor, dass Irrt\u00fcmer zum Menschsein dazu geh\u00f6ren und oft weit verbreitet sind &#8211; zum Beispiel auch das h\u00e4ufig geh\u00f6rte Missverst\u00e4ndnis, Latein sei eine tote Sprache. Wer an unserer Schule Latein lernt, merkt jedenfalls schnell, wie <strong>lebendig<\/strong> Latein ist!<\/p>\n<p style=\"text-align: left;\">Wer im Lateinunterricht die Wurzeln unserer Kultur oder die Urspr\u00fcnge vieler deutscher und englischer W\u00f6rter kennengelernt hat, kann mit dem r\u00f6mischen Nationaldichter Vergil sagen:<\/p>\n<p style=\"text-align: left;\"><strong>FELIX, QUI POTUIT RERUM COGNOSCERE CAUSAS! <\/strong>&#8211;<\/p>\n<p style=\"text-align: left;\">GL\u00dcCKLICH IST, WER DIE URSPR\u00dcNGE DER DINGE ERKENNEN KONNTE!<\/p>\n<p style=\"text-align: left;\">Und noch bevor z.B. die erste Stunde begonnen hat, merkt die Sch\u00fclerin \/ der Sch\u00fcler, dass sie \/ er auch im Overledinger Land von Latein umgeben ist&#8230;.\u00a0\u00a0 <a href=\"https:\/\/www.gymnasium-rhauderfehn.de\/?p=8321\">Latein auf dem Schulweg<\/a><\/p>\n<p style=\"text-align: left;\">Weitere Beitr\u00e4ge findet man, wenn man oben im Suchfeld \u201eLatein&#8220; eingibt.<\/p>\n<p style=\"text-align: left;\">Unter \u201eInformationen zum Fach Latein&#8220; geht es um einige der vielen guten Gr\u00fcnde, die daf\u00fcr sprechen, Latein zu lernen.<\/p>\n<p style=\"text-align: left;\"><h1>Weitere Informationen zum Fach Latein<\/h1><ul><li><a href = \"https:\/\/www.gymnasium-rhauderfehn.de\/?page_id=6980\">Lehrkr\u00e4fte Latein<\/a><\/li><li><a href = \"https:\/\/www.gymnasium-rhauderfehn.de\/?page_id=6982\">Informationen zum Fach Latein<\/a><\/li><\/ul><\/p>\n<p>&nbsp;<\/p>\n","protected":false},"excerpt":{"rendered":"<p>ERRARE HUMANUM EST! &#8211; IRREN IST MENSCHLICH! &#8211; eine der vielen Weisheiten aus dem Alten Rom, die eine allt\u00e4gliche Erfahrung beschreiben. Gerade in Zeiten eines (\u00dcber-)Flusses an Infomationen gilt nach wie vor, dass Irrt\u00fcmer zum [&hellip;]<\/p>\n","protected":false},"author":1,"featured_media":0,"parent":18959,"menu_order":4,"comment_status":"closed","ping_status":"closed","template":"","meta":{"ngg_post_thumbnail":0,"footnotes":""},"class_list":["post-6946","page","type-page","status-publish","hentry"],"_links":{"self":[{"href":"https:\/\/www.gymnasium-rhauderfehn.de\/index.php?rest_route=\/wp\/v2\/pages\/6946","targetHints":{"allow":["GET"]}}],"collection":[{"href":"https:\/\/www.gymnasium-rhauderfehn.de\/index.php?rest_route=\/wp\/v2\/pages"}],"about":[{"href":"https:\/\/www.gymnasium-rhauderfehn.de\/index.php?rest_route=\/wp\/v2\/types\/page"}],"author":[{"embeddable":true,"href":"https:\/\/www.gymnasium-rhauderfehn.de\/index.php?rest_route=\/wp\/v2\/users\/1"}],"replies":[{"embeddable":true,"href":"https:\/\/www.gymnasium-rhauderfehn.de\/index.php?rest_route=%2Fwp%2Fv2%2Fcomments&post=6946"}],"version-history":[{"count":13,"href":"https:\/\/www.gymnasium-rhauderfehn.de\/index.php?rest_route=\/wp\/v2\/pages\/6946\/revisions"}],"predecessor-version":[{"id":20396,"href":"https:\/\/www.gymnasium-rhauderfehn.de\/index.php?rest_route=\/wp\/v2\/pages\/6946\/revisions\/20396"}],"up":[{"embeddable":true,"href":"https:\/\/www.gymnasium-rhauderfehn.de\/index.php?rest_route=\/wp\/v2\/pages\/18959"}],"wp:attachment":[{"href":"https:\/\/www.gymnasium-rhauderfehn.de\/index.php?rest_route=%2Fwp%2Fv2%2Fmedia&parent=6946"}],"curies":[{"name":"wp","href":"https:\/\/api.w.org\/{rel}","templated":true}]}}