{"id":6982,"date":"2012-10-02T23:06:33","date_gmt":"2012-10-02T21:06:33","guid":{"rendered":"http:\/\/192.168.2.108:8888\/?page_id=6982"},"modified":"2022-03-26T15:11:52","modified_gmt":"2022-03-26T14:11:52","slug":"latein-informationen","status":"publish","type":"page","link":"https:\/\/www.gymnasium-rhauderfehn.de\/?page_id=6982","title":{"rendered":"Informationen zum Fach Latein"},"content":{"rendered":"<blockquote><p><strong>Salvete, pueri et puellae, salvete parentes!<a id=\"set-post-thumbnail\" class=\"thickbox\" href=\"https:\/\/www.gymnasium-rhauderfehn.de\/wp-admin\/media-upload.php?post_id=6982&amp;type=image&amp;TB_iframe=1\" aria-describedby=\"set-post-thumbnail-desc\"><img loading=\"lazy\" decoding=\"async\" class=\"attachment-266x266 size-266x266 alignright\" src=\"https:\/\/www.gymnasium-rhauderfehn.de\/wp-content\/uploads\/2022\/03\/Salve.png\" sizes=\"auto, (max-width: 177px) 100vw, 177px\" srcset=\"https:\/\/www.gymnasium-rhauderfehn.de\/wp-content\/uploads\/2022\/03\/Salve.png 3098w, https:\/\/www.gymnasium-rhauderfehn.de\/wp-content\/uploads\/2022\/03\/Salve-200x300.png 200w, https:\/\/www.gymnasium-rhauderfehn.de\/wp-content\/uploads\/2022\/03\/Salve-683x1024.png 683w, https:\/\/www.gymnasium-rhauderfehn.de\/wp-content\/uploads\/2022\/03\/Salve-768x1152.png 768w, https:\/\/www.gymnasium-rhauderfehn.de\/wp-content\/uploads\/2022\/03\/Salve-1024x1536.png 1024w, https:\/\/www.gymnasium-rhauderfehn.de\/wp-content\/uploads\/2022\/03\/Salve-1365x2048.png 1365w\" alt=\"\" width=\"177\" height=\"266\" \/><\/a><\/strong><\/p>\n<p><strong>Seid gegr\u00fc\u00dft, Jungen und M\u00e4dchen, seid gegr\u00fc\u00dft, Eltern!<\/strong><\/p>\n<hr \/>\n<p>Salvete, pueri et puellae! \u2013 Seid gegr\u00fc\u00dft, Jungen und M\u00e4dchen!<\/p><\/blockquote>\n<p>Mit dieser Begr\u00fc\u00dfung beginnt nicht nur diese Vorstellung des Fachs Latein, sondern auch jede Lateinstunde am Gymnasium Rhauderfehn. Unterrichtet wird es von derzeit vier Lehrkr\u00e4ften von Klasse 6 bis hin zu den Oberstufenkursen.<\/p>\n<p>Der Lateinunterricht unterscheidet sich von dem in den modernen Fremdsprachen schon allein dadurch, dass wir im Unterricht Deutsch miteinander sprechen (trotz der lateinischen Begr\u00fc\u00dfung) \u2013 das hei\u00dft, wir lernen nicht, uns auf Latein zu unterhalten, sondern vor allem lateinische Texte ins Deutsche zu \u00fcbersetzen.<\/p>\n<p>Ein bisschen Latein sprechen wir aber nat\u00fcrlich zwischendurch auch einmal. Die Aussprache ist sehr einfach: Von wenigen, leicht zu merkenden Regeln abgesehen (\u201ev\u201c wird z.B. wie \u201ew\u201c ausgesprochen, also \u201eSalwete\u201c) spricht man Latein so, wie es geschrieben wird.<\/p>\n<h2>Latein als 2. Fremdsprache?<\/h2>\n<p>Wenn du\u2026<\/p>\n<ul>\n<li>dich f\u00fcr Sprachen interessierst und auch daf\u00fcr, wie eine Sprache eigentlich aufgebaut ist und \u201efunktioniert\u201c<\/li>\n<li>dich einigerma\u00dfen fit in der Grammatik f\u00fchlst, die du im Deutschunterricht der Grundschule gelernt hast (z.B. Wortarten erkennen, Satzglieder bestimmen)<\/li>\n<li>Ausdauer hast und \u201eKnobelaufgaben\u201c magst<\/li>\n<li>Interesse an Geschichte und Alltag der R\u00f6mer hast<\/li>\n<li>Interesse an der Welt der griechischen und r\u00f6mischen Sagen hast<\/li>\n<\/ul>\n<p>dann ist Latein f\u00fcr dich die richtige Wahl.<\/p>\n<p>&nbsp;<\/p>\n<blockquote>\n<p style=\"text-align: center;\"><a id=\"set-post-thumbnail\" class=\"thickbox\" href=\"https:\/\/www.gymnasium-rhauderfehn.de\/wp-admin\/media-upload.php?post_id=6982&amp;type=image&amp;TB_iframe=1\" aria-describedby=\"set-post-thumbnail-desc\"><img loading=\"lazy\" decoding=\"async\" class=\"attachment-266x266 size-266x266 aligncenter\" src=\"https:\/\/www.gymnasium-rhauderfehn.de\/wp-content\/uploads\/2022\/03\/Wappen-Hogwarts-scaled.jpg\" sizes=\"auto, (max-width: 266px) 100vw, 266px\" srcset=\"https:\/\/www.gymnasium-rhauderfehn.de\/wp-content\/uploads\/2022\/03\/Wappen-Hogwarts-scaled.jpg 2560w, https:\/\/www.gymnasium-rhauderfehn.de\/wp-content\/uploads\/2022\/03\/Wappen-Hogwarts-300x225.jpg 300w, https:\/\/www.gymnasium-rhauderfehn.de\/wp-content\/uploads\/2022\/03\/Wappen-Hogwarts-1024x768.jpg 1024w, https:\/\/www.gymnasium-rhauderfehn.de\/wp-content\/uploads\/2022\/03\/Wappen-Hogwarts-768x576.jpg 768w, https:\/\/www.gymnasium-rhauderfehn.de\/wp-content\/uploads\/2022\/03\/Wappen-Hogwarts-1536x1152.jpg 1536w, https:\/\/www.gymnasium-rhauderfehn.de\/wp-content\/uploads\/2022\/03\/Wappen-Hogwarts-2048x1536.jpg 2048w\" alt=\"\" width=\"266\" height=\"200\" \/><\/a>Viel Latein gibt es bei Harry Potter, z.B. auf dem Hogwarts-Wappen:<\/p>\n<p style=\"text-align: center;\">DRACO DORMIENS NUNQUAM TITILANDUS &#8211; Einen schlafenden Drachen darf man niemals kitzeln.<\/p>\n<p>&nbsp;<\/p><\/blockquote>\n<h2>Und es gibt viele gute Gr\u00fcnde, Latein zu lernen:<\/h2>\n<h3><\/h3>\n<p><strong>Mutter Latein und ihre T\u00f6chter<\/strong><\/p>\n<p>Latein ist Muttersprache der romanischen Sprachen (Italienisch, Spanisch, Portugiesisch, Franz\u00f6sisch, Rum\u00e4nisch). Wenn du Latein kannst, kannst du auf dieser Grundlage also viele europ\u00e4ische Fremdsprachen lernen. Auch ca. 60% der englischen W\u00f6rter haben ihren Ursprung im Lateinischen, ebenso viele deutsche W\u00f6rter.<\/p>\n<table>\n<thead>\n<tr>\n<td>Latein<\/td>\n<td>Italienisch<\/td>\n<td>Spanisch<\/td>\n<td>Franz\u00f6sisch<\/td>\n<td>Englisch<\/td>\n<td>Deutsch<\/td>\n<\/tr>\n<\/thead>\n<tbody>\n<tr>\n<td>vinum<\/td>\n<td>il vino<\/td>\n<td>el vino<\/td>\n<td>le vin<\/td>\n<td>the wine<\/td>\n<td>Wein<\/td>\n<\/tr>\n<tr>\n<td>humanitas<\/td>\n<td>l\u00b4 umanit\u00e0<\/td>\n<td>la humanidad<\/td>\n<td>l\u00b4 humanit\u00e9<\/td>\n<td>humanity<\/td>\n<td>Menschlichkeit<\/td>\n<\/tr>\n<tr>\n<td>vivus<\/td>\n<td>vivo<\/td>\n<td>vivo<\/td>\n<td>vif, vive<\/td>\n<td>vivid<\/td>\n<td>lebendig<\/td>\n<\/tr>\n<\/tbody>\n<\/table>\n<h3><\/h3>\n<p>&nbsp;<\/p>\n<h3><a id=\"set-post-thumbnail\" class=\"thickbox\" href=\"https:\/\/www.gymnasium-rhauderfehn.de\/wp-admin\/media-upload.php?post_id=6982&amp;type=image&amp;TB_iframe=1\" aria-describedby=\"set-post-thumbnail-desc\"><img loading=\"lazy\" decoding=\"async\" class=\"attachment-266x266 size-266x266 aligncenter\" src=\"https:\/\/www.gymnasium-rhauderfehn.de\/wp-content\/uploads\/2022\/03\/fenestra-scaled.jpg\" sizes=\"auto, (max-width: 266px) 100vw, 266px\" srcset=\"https:\/\/www.gymnasium-rhauderfehn.de\/wp-content\/uploads\/2022\/03\/fenestra-scaled.jpg 2560w, https:\/\/www.gymnasium-rhauderfehn.de\/wp-content\/uploads\/2022\/03\/fenestra-300x200.jpg 300w, https:\/\/www.gymnasium-rhauderfehn.de\/wp-content\/uploads\/2022\/03\/fenestra-1024x682.jpg 1024w, https:\/\/www.gymnasium-rhauderfehn.de\/wp-content\/uploads\/2022\/03\/fenestra-768x512.jpg 768w, https:\/\/www.gymnasium-rhauderfehn.de\/wp-content\/uploads\/2022\/03\/fenestra-1536x1023.jpg 1536w, https:\/\/www.gymnasium-rhauderfehn.de\/wp-content\/uploads\/2022\/03\/fenestra-2048x1364.jpg 2048w\" alt=\"\" width=\"266\" height=\"177\" \/><\/a><\/h3>\n<p><strong><em>Insula<\/em> hei\u00dft Insel, <em>fenestra<\/em> hei\u00dft Fenster&#8230;<\/strong><\/p>\n<p>Viele Lehn- und Fremdw\u00f6rter (im Deutschen und im Englischen) stammen aus dem Lateinischen. Mit Latein kannst du daher auch Fremdw\u00f6rter schnell verstehen und erf\u00e4hrst viel Interessantes \u00fcber die Herkunft und Geschichte verschiedener W\u00f6rter.<\/p>\n<table>\n<tbody>\n<tr>\n<td><strong>Technik<\/strong><\/td>\n<td>Computer\u00a0\u00a0 computare: <em>rechnen<\/em><\/td>\n<td>Video\u00a0\u00a0 videre: <em>sehen<\/em><\/td>\n<\/tr>\n<tr>\n<td><strong>Gesellschaft<\/strong><\/td>\n<td>Demonstration\u00a0\u00a0 demonstrare: <em>zeigen<\/em><\/td>\n<td>sozial\u00a0\u00a0 socius: <em>der Kamerad<\/em><\/td>\n<\/tr>\n<tr>\n<td><strong>Namen<\/strong><\/td>\n<td>Beate\u00a0\u00a0 beatus: <em>gl\u00fccklich<\/em><\/td>\n<td>Felix\u00a0\u00a0 felix: <em>gl\u00fccklich<\/em><\/td>\n<\/tr>\n<tr>\n<td><strong>Recht<\/strong><\/td>\n<td>Jurist\u00a0\u00a0 ius: <em>das Recht<\/em><\/td>\n<td>legal\u00a0\u00a0 lex: <em>das Gesetz<\/em><\/td>\n<\/tr>\n<\/tbody>\n<\/table>\n<p><strong>Latein &#8211; welche F\u00e4higkeiten werden da trainiert?<\/strong><\/p>\n<p>Lateinlernen vermittelt und f\u00f6rdert Schl\u00fcsselqualifikationen wie Konzentrationsf\u00e4higkeit und probleml\u00f6sendes Denken. Im Lateinunterricht erwirbst du unter anderem\u2026<\/p>\n<ul>\n<li>die F\u00e4higkeit, fremde Texte zu erschlie\u00dfen und zu verstehen \u2013 diese F\u00e4higkeit hilft dir nicht nur bei lateinischen, sondern auch bei deutschen oder englischen Texten.<br \/>\nEine Studie an der Universit\u00e4t in K\u00f6ln aus dem Jahr 2004 hat z.B. ergeben, dass Studierende, die in der Schule Latein gelernt hatten, auch deutsche Texte besser verstehen konnten.<\/li>\n<li>den Aufbau und das System einer Sprache zu durchschauen \u2013 wie funktioniert eigentlich eine Sprache? Auch das ist f\u00fcr andere Sprachen n\u00fctzlich. Vieles, was du im Lateinunterricht \u00fcber Grammatik lernst, wird dir auch im Deutschunterricht helfen \u2013 und umgekehrt.<br \/>\nDu wirst feststellen, dass du einiges an Grammatik schon kannst: Du kannst deine Vorkenntnisse aus dem Deutschunterricht der Grundschule nutzen (z. B. Singular und Plural unterscheiden oder Subjekt und Pr\u00e4dikat finden).<\/li>\n<li>dich auch im Deutschen besser auszudr\u00fccken, denn der Umfang deines deutschen Wortschatzes wird sich erweitern und du \u00fcbst beim \u00dcbersetzen automatisch, diese W\u00f6rter sorgf\u00e4ltig und passend anzuwenden.<\/li>\n<\/ul>\n<p>&nbsp;<\/p>\n<p><a id=\"set-post-thumbnail\" class=\"thickbox\" href=\"https:\/\/www.gymnasium-rhauderfehn.de\/wp-admin\/media-upload.php?post_id=6982&amp;type=image&amp;TB_iframe=1\" aria-describedby=\"set-post-thumbnail-desc\"><img loading=\"lazy\" decoding=\"async\" class=\"attachment-266x266 aligncenter\" src=\"https:\/\/www.gymnasium-rhauderfehn.de\/wp-content\/uploads\/2022\/03\/Roemischer-Kaiser-im-Hammrich.jpg\" sizes=\"auto, (max-width: 266px) 100vw, 266px\" srcset=\"https:\/\/www.gymnasium-rhauderfehn.de\/wp-content\/uploads\/2022\/03\/Roemischer-Kaiser-im-Hammrich.jpg 1411w, https:\/\/www.gymnasium-rhauderfehn.de\/wp-content\/uploads\/2022\/03\/Roemischer-Kaiser-im-Hammrich-300x169.jpg 300w, https:\/\/www.gymnasium-rhauderfehn.de\/wp-content\/uploads\/2022\/03\/Roemischer-Kaiser-im-Hammrich-1024x576.jpg 1024w, https:\/\/www.gymnasium-rhauderfehn.de\/wp-content\/uploads\/2022\/03\/Roemischer-Kaiser-im-Hammrich-768x432.jpg 768w\" alt=\"\" width=\"346\" height=\"199\" \/><\/a><\/p>\n<p><strong>Latein &#8211; eine spannende Zeitreise!<\/strong><\/p>\n<p>Die Wurzeln der europ\u00e4ischen Kultur liegen in Griechenland und Rom. Dich erwartet eine Zeitreise in die Welt der Antike \u2013 du begegnest Gedanken und Ideen, die \u00fcber Jahrhunderte bis in unsere Zeit Europa gepr\u00e4gt haben. Von der Politik \u00fcber das Recht bis zum Stra\u00dfenbau und zur Architektur \u2013 r\u00f6mische Ideen und Erfindungen begegnen uns \u00fcberall. Wusstest du, dass die R\u00f6mer z.B. den Zement erfunden haben? Oder dass sich das erste Pizza-Rezept in einem lateinischen Buch \u00fcber Landwirtschaft findet? (Allerdings ohne Tomatenso\u00dfe, denn Tomaten gab es zu dieser Zeit in Europa noch nicht\u2026)<\/p>\n<p>Auf der Zeitreise erf\u00e4hrst du unter anderem auch, welche Kleidung die R\u00f6mer trugen, wie ihre H\u00e4user aussahen, was sie a\u00dfen oder wie es in der Schule vor \u00fcber 2000 Jahren zuging. Du begegnest dabei beispielsweise r\u00f6mischen Soldaten (den Legion\u00e4ren, die du vielleicht aus den Asterix-Hefen kennst), Wagenlenkern (den Rennfahrern \u00a0der Antike) und Gladiatoren.<\/p>\n<p>&nbsp;<\/p>\n<p class=\"hide-if-no-js\"><a id=\"set-post-thumbnail\" class=\"thickbox\" href=\"https:\/\/www.gymnasium-rhauderfehn.de\/wp-admin\/media-upload.php?post_id=6982&amp;type=image&amp;TB_iframe=1\" aria-describedby=\"set-post-thumbnail-desc\"><img loading=\"lazy\" decoding=\"async\" class=\"attachment-266x266 size-266x266 aligncenter\" src=\"https:\/\/www.gymnasium-rhauderfehn.de\/wp-content\/uploads\/2022\/03\/Imperator-Kalkriese-scaled-e1648302874162.jpg\" sizes=\"auto, (max-width: 200px) 100vw, 200px\" srcset=\"https:\/\/www.gymnasium-rhauderfehn.de\/wp-content\/uploads\/2022\/03\/Imperator-Kalkriese-scaled-e1648302874162.jpg 1920w, https:\/\/www.gymnasium-rhauderfehn.de\/wp-content\/uploads\/2022\/03\/Imperator-Kalkriese-scaled-e1648302874162-225x300.jpg 225w, https:\/\/www.gymnasium-rhauderfehn.de\/wp-content\/uploads\/2022\/03\/Imperator-Kalkriese-scaled-e1648302874162-768x1024.jpg 768w, https:\/\/www.gymnasium-rhauderfehn.de\/wp-content\/uploads\/2022\/03\/Imperator-Kalkriese-scaled-e1648302874162-1152x1536.jpg 1152w, https:\/\/www.gymnasium-rhauderfehn.de\/wp-content\/uploads\/2022\/03\/Imperator-Kalkriese-scaled-e1648302874162-1536x2048.jpg 1536w\" alt=\"\" width=\"200\" height=\"266\" \/><\/a><\/p>\n<p>&nbsp;<\/p>\n<p><strong>Von G\u00f6ttern und Helden, von Liebe und Macht&#8230; &#8211; Themen f\u00fcr jede(n)<\/strong><\/p>\n<p>In der lateinischen Literatur gibt es eine gro\u00dfe Auswahl interessanter Themen:<\/p>\n<ul>\n<li>Die Geschichtsschreiber Livius und Sallust berichten z.B. von der Entstehung und dem Fall des r\u00f6mischen Weltreichs.<\/li>\n<li>Die Dichter Catull und Ovid durchleben in ihren Gedichten alle H\u00f6hen und Tiefen der Liebe.<\/li>\n<li>Caesar liefert uns Diskussionsstoff \u00fcber das Streben nach Macht.<\/li>\n<li>Die Philosophen Cicero und Seneca rufen uns dazu auf, \u00fcber die Grundprobleme des Lebens Gedanken zu machen \u2013 wie verbringe ich beispielsweise meine Zeit? Wie wichtig sind Freunde? Wie sollen wir leben?<\/li>\n<li>Nat\u00fcrlich werden auch die sagenumwobenen G\u00f6tter \u2013 wie Zeus (lateinisch Jupiter) oder Poseidon (lateinisch Neptun) \u2013 und Helden \u2013 wie Herkules oder Aeneas \u2013 nicht fehlen.<\/li>\n<li>\u2026<\/li>\n<li>Das Spektrum der Themen reicht bis hin zu den antiken Kochb\u00fcchern des Apicius. Ein einfaches Rezept daraus lautet zum Beispiel:\n<ul>\n<li><strong>Dulcia domestica\u00a0(S\u00fc\u00dfspeise)<\/strong>\n<ul>\n<li><em>Palmulas vel dactylos excepto semine nuce vel nucleis vel piper tritum infercies. Sales foris contingis, frigis in melle cocto et inferes. \u2013<\/em><\/li>\n<li>F\u00fclle gro\u00dfe oder normale Datteln ohne Kern mit N\u00fcssen oder Pinienkernen oder gemahlenem Pfeffer. Bestreue sie au\u00dfen mit Salz, brate sie in gekochtem Honig und serviere sie.<\/li>\n<\/ul>\n<\/li>\n<\/ul>\n<\/li>\n<\/ul>\n<p class=\"hide-if-no-js\"><a id=\"set-post-thumbnail\" class=\"thickbox\" href=\"https:\/\/www.gymnasium-rhauderfehn.de\/wp-admin\/media-upload.php?post_id=6982&amp;type=image&amp;TB_iframe=1\" aria-describedby=\"set-post-thumbnail-desc\"><img loading=\"lazy\" decoding=\"async\" class=\"attachment-266x266 size-266x266 aligncenter\" src=\"https:\/\/www.gymnasium-rhauderfehn.de\/wp-content\/uploads\/2016\/03\/Navigare-necesse-est1.jpg\" sizes=\"auto, (max-width: 266px) 100vw, 266px\" srcset=\"https:\/\/www.gymnasium-rhauderfehn.de\/wp-content\/uploads\/2016\/03\/Navigare-necesse-est1.jpg 2576w, https:\/\/www.gymnasium-rhauderfehn.de\/wp-content\/uploads\/2016\/03\/Navigare-necesse-est1-300x200.jpg 300w, https:\/\/www.gymnasium-rhauderfehn.de\/wp-content\/uploads\/2016\/03\/Navigare-necesse-est1-1024x682.jpg 1024w, https:\/\/www.gymnasium-rhauderfehn.de\/wp-content\/uploads\/2016\/03\/Navigare-necesse-est1-450x300.jpg 450w, https:\/\/www.gymnasium-rhauderfehn.de\/wp-content\/uploads\/2016\/03\/Navigare-necesse-est1-272x182.jpg 272w\" alt=\"\" width=\"266\" height=\"177\" \/><\/a><\/p>\n<blockquote>\n<p class=\"hide-if-no-js\">Lateinische Inschriften gibt\u00b4s auch in Rhauderfehn: NAVIGARE NECESSE EST &#8211; Seefahrt ist notwendig<\/p>\n<\/blockquote>\n<p>&nbsp;<\/p>\n<p><strong>Latein als Studienvoraussetzung<\/strong><\/p>\n<p>Wer Latein gelernt hat, erh\u00e4lt am Ende mit seinem Zeugnis eine Art Bescheinigung dar\u00fcber, das so genannte \u201eLatinum\u201c. Das Kleine Latinum bekommt man nach der 10. Klasse, das Latinum nach der 11. Klasse und das Gro\u00dfe Latinum nach der 12. Klasse. Die Sch\u00fclerin bzw. der Sch\u00fcler bekommt also sozusagen schwarz auf wei\u00df bescheinigt, dass er im Lateinunterricht wichtige F\u00e4higkeiten und Kenntnisse erworben hat, die eine Voraussetzung f\u00fcr ein erfolgreiches Studium sind.<\/p>\n<p>Um einige F\u00e4cher studieren zu d\u00fcrfen, muss man das Latinum (oder Lateinkenntnisse) vorweisen k\u00f6nnen. Das gilt zum Beispiel f\u00fcr viele Sprachen, Geschichte, Theologie, zum Teil auch f\u00fcr Medizin und Rechtswissenschaften. Man kann sich einigen\u00a0Aufwand ersparen, wenn man Latein schon in Schule lernt und es nicht an der Universit\u00e4t parallel zum Studienbeginn in ziemlich kurzer Zeit\u00a0nachholen muss.<\/p>\n<p><strong>Und nicht zuletzt: Latein macht Spa\u00df!<\/strong><\/p>\n<p>Dich erwarten interessante Themen und neben den \u00dcbersetzungen abwechslungsreiche Aufgaben, es werden z.B. auch mal Comics gezeichnet, Szenen geschrieben oder Vokabelfu\u00dfball gespielt.<\/p>\n<blockquote><p>Te gaudemus! \u2013\u00a0Wir freuen uns auf dich!<\/p><\/blockquote>\n<p>&nbsp;<\/p>\n","protected":false},"excerpt":{"rendered":"<p>Salvete, pueri et puellae, salvete parentes! Seid gegr\u00fc\u00dft, Jungen und M\u00e4dchen, seid gegr\u00fc\u00dft, Eltern! Salvete, pueri et puellae! \u2013 Seid gegr\u00fc\u00dft, Jungen und M\u00e4dchen! Mit dieser Begr\u00fc\u00dfung beginnt nicht nur diese Vorstellung des Fachs Latein, [&hellip;]<\/p>\n","protected":false},"author":30,"featured_media":9540,"parent":6946,"menu_order":3,"comment_status":"closed","ping_status":"closed","template":"","meta":{"ngg_post_thumbnail":0,"footnotes":""},"class_list":["post-6982","page","type-page","status-publish","has-post-thumbnail","hentry"],"_links":{"self":[{"href":"https:\/\/www.gymnasium-rhauderfehn.de\/index.php?rest_route=\/wp\/v2\/pages\/6982","targetHints":{"allow":["GET"]}}],"collection":[{"href":"https:\/\/www.gymnasium-rhauderfehn.de\/index.php?rest_route=\/wp\/v2\/pages"}],"about":[{"href":"https:\/\/www.gymnasium-rhauderfehn.de\/index.php?rest_route=\/wp\/v2\/types\/page"}],"author":[{"embeddable":true,"href":"https:\/\/www.gymnasium-rhauderfehn.de\/index.php?rest_route=\/wp\/v2\/users\/30"}],"replies":[{"embeddable":true,"href":"https:\/\/www.gymnasium-rhauderfehn.de\/index.php?rest_route=%2Fwp%2Fv2%2Fcomments&post=6982"}],"version-history":[{"count":18,"href":"https:\/\/www.gymnasium-rhauderfehn.de\/index.php?rest_route=\/wp\/v2\/pages\/6982\/revisions"}],"predecessor-version":[{"id":18852,"href":"https:\/\/www.gymnasium-rhauderfehn.de\/index.php?rest_route=\/wp\/v2\/pages\/6982\/revisions\/18852"}],"up":[{"embeddable":true,"href":"https:\/\/www.gymnasium-rhauderfehn.de\/index.php?rest_route=\/wp\/v2\/pages\/6946"}],"wp:featuredmedia":[{"embeddable":true,"href":"https:\/\/www.gymnasium-rhauderfehn.de\/index.php?rest_route=\/wp\/v2\/media\/9540"}],"wp:attachment":[{"href":"https:\/\/www.gymnasium-rhauderfehn.de\/index.php?rest_route=%2Fwp%2Fv2%2Fmedia&parent=6982"}],"curies":[{"name":"wp","href":"https:\/\/api.w.org\/{rel}","templated":true}]}}