{"id":7048,"date":"2015-09-21T23:45:03","date_gmt":"2015-09-21T21:45:03","guid":{"rendered":"http:\/\/192.168.2.108:8888\/?page_id=7048"},"modified":"2022-04-18T23:28:44","modified_gmt":"2022-04-18T21:28:44","slug":"religion","status":"publish","type":"page","link":"https:\/\/www.gymnasium-rhauderfehn.de\/?page_id=7048","title":{"rendered":"Religion"},"content":{"rendered":"<p>Am Gymnasium Rhauderfehn wird der Religionsunterricht in den Jahrg\u00e4ngen 5-7 konfessionell kooperativ erteilt. Er findet im Klassenverband statt und macht besonders in Jahrgang 5 die St\u00e4rkung der Klassengemeinschaft zum Thema. In Jahrgang 6 feiern die Sch\u00fcler und Sch\u00fclerinnen einen \u00f6kumenischen Gottesdienst, den sie selber vorbereiten in der Hoffnungskirche.<\/p>\n<p>In den Jahrg\u00e4ngen 8 -10 wird der Unterricht als evangelischer und katholischer Unterricht erteilt, w\u00e4hrend dieser Zeit feiern die Sch\u00fcler und Sch\u00fclerinnen einen Reformationsgottesdienst bzw. eine Messe zu Allerheiligen.<\/p>\n<p>Religion wird in der Oberstufen auf grundlegendem und erh\u00f6htem Niveau und als Erg\u00e4nzungsfach angeboten. Der Abiturjahrgang bereitet zum Abschluss der Schulzeit einen \u00f6kumenischen Abiturgottesdienst vor.<\/p>\n<h1>Weiterf\u00fchrende Links<\/h1><ul><li><a href = \"https:\/\/www.gymnasium-rhauderfehn.de\/?page_id=7089\">Lehrkr\u00e4fte Religion<\/a><\/li><li><a href = \"https:\/\/www.gymnasium-rhauderfehn.de\/?page_id=7091\">Informationen zum Fach Religion<\/a><\/li><\/ul>\n","protected":false},"excerpt":{"rendered":"<p>Am Gymnasium Rhauderfehn wird der Religionsunterricht in den Jahrg\u00e4ngen 5-7 konfessionell kooperativ erteilt. Er findet im Klassenverband statt und macht besonders in Jahrgang 5 die St\u00e4rkung der Klassengemeinschaft zum Thema. In Jahrgang 6 feiern die [&hellip;]<\/p>\n","protected":false},"author":1,"featured_media":9023,"parent":18963,"menu_order":4,"comment_status":"closed","ping_status":"closed","template":"","meta":{"ngg_post_thumbnail":0,"footnotes":""},"class_list":["post-7048","page","type-page","status-publish","has-post-thumbnail","hentry"],"_links":{"self":[{"href":"https:\/\/www.gymnasium-rhauderfehn.de\/index.php?rest_route=\/wp\/v2\/pages\/7048","targetHints":{"allow":["GET"]}}],"collection":[{"href":"https:\/\/www.gymnasium-rhauderfehn.de\/index.php?rest_route=\/wp\/v2\/pages"}],"about":[{"href":"https:\/\/www.gymnasium-rhauderfehn.de\/index.php?rest_route=\/wp\/v2\/types\/page"}],"author":[{"embeddable":true,"href":"https:\/\/www.gymnasium-rhauderfehn.de\/index.php?rest_route=\/wp\/v2\/users\/1"}],"replies":[{"embeddable":true,"href":"https:\/\/www.gymnasium-rhauderfehn.de\/index.php?rest_route=%2Fwp%2Fv2%2Fcomments&post=7048"}],"version-history":[{"count":7,"href":"https:\/\/www.gymnasium-rhauderfehn.de\/index.php?rest_route=\/wp\/v2\/pages\/7048\/revisions"}],"predecessor-version":[{"id":9053,"href":"https:\/\/www.gymnasium-rhauderfehn.de\/index.php?rest_route=\/wp\/v2\/pages\/7048\/revisions\/9053"}],"up":[{"embeddable":true,"href":"https:\/\/www.gymnasium-rhauderfehn.de\/index.php?rest_route=\/wp\/v2\/pages\/18963"}],"wp:featuredmedia":[{"embeddable":true,"href":"https:\/\/www.gymnasium-rhauderfehn.de\/index.php?rest_route=\/wp\/v2\/media\/9023"}],"wp:attachment":[{"href":"https:\/\/www.gymnasium-rhauderfehn.de\/index.php?rest_route=%2Fwp%2Fv2%2Fmedia&parent=7048"}],"curies":[{"name":"wp","href":"https:\/\/api.w.org\/{rel}","templated":true}]}}