{"id":7052,"date":"2015-09-21T23:45:48","date_gmt":"2015-09-21T21:45:48","guid":{"rendered":"http:\/\/192.168.2.108:8888\/?page_id=7052"},"modified":"2022-04-18T23:28:56","modified_gmt":"2022-04-18T21:28:56","slug":"werte-und-normen","status":"publish","type":"page","link":"https:\/\/www.gymnasium-rhauderfehn.de\/?page_id=7052","title":{"rendered":"Werte und Normen"},"content":{"rendered":"<p style=\"text-align: center;\"><em>Nehmen wir an <\/em><em>es g\u00e4be in zehn Jahren auf der Erde keine Menschen mehr. D\u00fcrfen wir dann die Erde nach Belieben ausbeuten und quasi als M\u00fcllhalde hinterlassen? <\/em><\/p>\n<p><em>\u00a0<\/em><\/p>\n<p style=\"text-align: center;\"><em>Kann ich freie Entscheidungen treffen oder stand schon immer fest, dass ich den Schokoladenkuchen statt des gesunden Apfels esse?<\/em><\/p>\n<p style=\"text-align: center;\"><em>\u00a0<\/em><\/p>\n<p style=\"text-align: center;\"><em>Sind Menschen von Natur aus gut oder b\u00f6se?<\/em><\/p>\n<p style=\"text-align: center;\"><em>\u00a0<\/em><\/p>\n<p style=\"text-align: center;\"><em>D\u00fcrfen Eltern im Tagebuch ihrer Tochter lesen, wenn sie den Verdacht haben, dass diese Drogen nimmt?<\/em><\/p>\n<p style=\"text-align: center;\"><em>\u00a0<\/em><\/p>\n<p style=\"text-align: center;\"><em>Gibt es einen gerechten Krieg?<\/em><\/p>\n<p style=\"text-align: center;\"><em>\u00a0<\/em><\/p>\n<p style=\"text-align: center;\"><em>Ist der Mensch dazu in der Lage vollkommen gl\u00fccklich zu sein?<\/em><\/p>\n<p style=\"text-align: center;\"><em>\u00a0<\/em><\/p>\n<p style=\"text-align: center;\"><em>Was unterscheidet Menschen, die an Schicksalsschl\u00e4gen zerbrechen von denen, die nichts aus der Bahn zu werfen scheint und an Krisen sogar noch wachsen? <\/em><\/p>\n<p>&nbsp;<\/p>\n<p style=\"text-align: center;\"><em>Sollte aktive Sterbehilfe in Deutschland erla<\/em><em>ubt sein?<\/em><\/p>\n<p>&nbsp;<\/p>\n<p style=\"text-align: center;\"><em>Ist das, was ich im Internet sehe, immer unbedingt die Wahrheit und wie kann ich zwischen wahr und unwahr unterscheiden?<\/em><\/p>\n<p><em>\u00a0<\/em><\/p>\n<p>Auf diese und \u00e4hnliche Fragen werden im Werte und Normen-Unterricht Antworten gesucht.<\/p>\n<p>Das Fach bezieht sich haupts\u00e4chlich auf altersgerechte Fragen, Problemstellungen und Methoden der Philosophie, aber auch geeigneter Gesellschaftswissenschaften und der Religionswissenschaft. F\u00fcr bestimmte Fragestellungen werden auch noch andere Einzelwissenschaften, z.B. die Rechtswissenschaft und die Naturwissenschaften, ber\u00fccksichtigt. Philosophieren kann jeder! Besondere Voraussetzungen braucht man daf\u00fcr nicht. Sicherlich ist es hilfreich, wenn man Spa\u00df am Nachdenken, Zweifeln und Diskutieren hat \u2013 und sich traut jenseits gewohnter Wege zu denken.<\/p>\n<p><a href=\"https:\/\/www.gymnasium-rhauderfehn.de\/wp-content\/uploads\/2022\/04\/Philosophenschule-1.jpg\"><img loading=\"lazy\" decoding=\"async\" class=\" wp-image-18892 alignright\" src=\"https:\/\/www.gymnasium-rhauderfehn.de\/wp-content\/uploads\/2022\/04\/Philosophenschule-1-234x300.jpg\" alt=\"\" width=\"207\" height=\"262\" \/><\/a><\/p>\n<p>Heute blicken wir auf Jahrtausende des Philosophierens zur\u00fcck. Das Kunstwerk \u201e<em>Die Schule von Athen\u201c\u00a0<\/em>von Raffael zeigt im Zentrum den antiken Philosophen Platon mit seinem Sch\u00fcler Aristoteles. In der Diskussion zeigt Platon mit dem Finger nach oben in den Himmel, in seinen so genannten Ideenkosmos. Er deutet damit an, dass die zeitlosen Ideen, wie die der Sch\u00f6nheit und Wahrheit, nicht von dieser Welt sind, sondern dar\u00fcber hinaus existieren. Aristoteles, der als Begr\u00fcnder der Naturwissenschaften gilt, weist dagegen auf die materiell greifbare und erforschbare Erde. So wird deutlich, dass es schon vor 2500 Jahren grunds\u00e4tzlich unterschiedliche philosophische Perspektiven gab. Es hat sich im Laufe der Zeit eine \u201e<em>Schatzkammer des Denkens<\/em>\u201c (Ekkehard Martens) angesammelt, in der man st\u00f6bern und sich ausprobieren kann. Darauf aufbauend kann sich ein eigenst\u00e4ndiges Philosophieren entwickeln.<\/p>\n<p>&nbsp;<\/p>\n<p><a href=\"https:\/\/www.gymnasium-rhauderfehn.de\/wp-content\/uploads\/2022\/04\/Philosophenschule-bearbeitet-1.jpg\"><img loading=\"lazy\" decoding=\"async\" class=\"size-medium wp-image-18893 alignleft\" src=\"https:\/\/www.gymnasium-rhauderfehn.de\/wp-content\/uploads\/2022\/04\/Philosophenschule-bearbeitet-1-245x300.jpg\" alt=\"\" width=\"245\" height=\"300\" srcset=\"https:\/\/www.gymnasium-rhauderfehn.de\/wp-content\/uploads\/2022\/04\/Philosophenschule-bearbeitet-1-245x300.jpg 245w, https:\/\/www.gymnasium-rhauderfehn.de\/wp-content\/uploads\/2022\/04\/Philosophenschule-bearbeitet-1.jpg 252w\" sizes=\"auto, (max-width: 245px) 100vw, 245px\" \/><\/a><\/p>\n<p>Zwar sind die <a href=\"https:\/\/www.gymnasium-rhauderfehn.de\/?page_id=7107\">Werte und Normen Lehrerinnen<\/a> unserer Schule keine antiken Philosophinnen und aus Athen kommen sie auch nicht, doch im Sinne der philosophischen Schulen sollen Sch\u00fclerinnen und Sch\u00fcler im Werte und Normen Unterricht dazu angeregt werden, \u00fcber verschiedene Ideen, wissenschaftliche Theorien, gr\u00f6\u00dfere Zusammenh\u00e4nge und das eigene Handeln zu reflektieren und miteinander ins Gespr\u00e4ch zu kommen. Das ganze mit einer guten Portion Neugierde, viel Spa\u00df und der n\u00f6tigen wissenschaftlichen Ernsthaftigkeit.<\/p>\n<p>&nbsp;<\/p>\n<p>An unserer Schule wird in den Jahrg\u00e4ngen 5-7 konfessionell kooperativer Religionsunterricht erteilt. Die Klasse bleibt als Gemeinschaft zusammen. Wer dennoch vom gemeinsamen Religionsunterricht abgemeldet wird, erh\u00e4lt Unterricht in Werte und Normen in einer jahrgangs\u00fcbergreifenden Gruppe.<\/p>\n<p>&nbsp;<\/p>\n<p>Ab Jahrgang 8 wird Werte und Normen in den jeweiligen Jahrgangsgruppen regul\u00e4r unterrichtet, parallel zum Religionsunterricht. In der Oberstufe kann Werte und Normen dann auch als schriftliches oder m\u00fcndliches Pr\u00fcfungsfach belegt werden. Voraussetzung ist, dass auch in Jahrgang 11 am Werte und Normenunterricht teilgenommen wurde. Weitere Informationen hierzu finden Sie auch im <a href=\"https:\/\/www.gymnasium-rhauderfehn.de\/?page_id=7109\">FAQ der F\u00e4cher Werte und Normen und Religion<\/a>.<\/p>\n<p>&nbsp;<\/p>\n<p>&nbsp;<\/p>\n<p>Themen des Werte und Normen Unterrichts im \u00dcberblick<\/p>\n<table style=\"border-collapse: collapse; width: 64.2857%;\">\n<tbody>\n<tr>\n<td style=\"width: 11.2723%;\">Jahrgang:<\/td>\n<td style=\"width: 53.0134%;\">Themen:<\/td>\n<\/tr>\n<tr>\n<td style=\"width: 11.2723%;\">5<\/td>\n<td style=\"width: 53.0134%;\">&#8211; Wer bin ich?<\/p>\n<p>&#8211; Kinderrechte<\/td>\n<\/tr>\n<tr>\n<td style=\"width: 11.2723%;\">6<\/td>\n<td style=\"width: 53.0134%;\">&#8211; Umgang mit Natur und Umwelt<\/p>\n<p>&#8211; Die Weltreligionen<\/td>\n<\/tr>\n<tr>\n<td style=\"width: 11.2723%;\">7<\/td>\n<td style=\"width: 53.0134%;\">&#8211; Gewissen und W\u00fcrde<\/p>\n<p>&#8211; Was ist Wahrheit?<\/td>\n<\/tr>\n<tr>\n<td style=\"width: 11.2723%;\">8<\/td>\n<td style=\"width: 53.0134%;\">&#8211; Umgang mit Krisen am Beispiel Sucht und Abh\u00e4ngigkeit<\/p>\n<p>&#8211; Liebe und Sexualit\u00e4t<\/p>\n<p>&#8211; Das Ich und seine sozialen Rollen<\/p>\n<p>&#8211; Menschenrechte und Menschenw\u00fcrde<\/td>\n<\/tr>\n<tr>\n<td style=\"width: 11.2723%;\">9<\/td>\n<td style=\"width: 53.0134%;\">&#8211; Entwicklung und Gestaltung von Identit\u00e4t<\/p>\n<p>&#8211; Wahrheit und Wikrlichkeit am Beispiel moderner Medien<\/td>\n<\/tr>\n<tr>\n<td style=\"width: 11.2723%;\">10<\/td>\n<td style=\"width: 53.0134%;\">&#8211; Ethische Grundlagen f\u00fcr Konfliktl\u00f6sungen<\/p>\n<p>&#8211; Verantwortung f\u00fcr Natur und Umwelt<\/td>\n<\/tr>\n<tr>\n<td style=\"width: 11.2723%;\">11<\/td>\n<td style=\"width: 53.0134%;\">&#8211; Recht und Gerechtigkeit<\/p>\n<p>&#8211; Religionen und Weltanschauungen in unserer Gesellschaft<\/td>\n<\/tr>\n<tr>\n<td style=\"width: 11.2723%;\">12<\/td>\n<td style=\"width: 53.0134%;\">&#8211; Anthropologie (Das Wesen des Menschen)<\/p>\n<p>&#8211; Ethik<\/td>\n<\/tr>\n<tr>\n<td style=\"width: 11.2723%;\">13<\/td>\n<td style=\"width: 53.0134%;\">&#8211; Wahrheit und Wissen<\/p>\n<p>&#8211; Gl\u00fcck und Lebenssinn<\/td>\n<\/tr>\n<\/tbody>\n<\/table>\n<p>&nbsp;<\/p>\n<p>Weitere Informationen zum Fach Werte und Normen finden Sie hier:<\/p>\n<p>&#8211; <a href=\"https:\/\/bildungsportal-niedersachsen.de\/allgemeinbildung\/unterrichtsfaecher\/philosophische-faecher\/werte-und-normen\">Nieders\u00e4chsicher Bildungsportal<\/a><\/p>\n<p>&#8211;<a href=\"http:\/\/www.fv-wun.de\/\"> Fachverband Werte und Normen<\/a><\/p>\n","protected":false},"excerpt":{"rendered":"<p>Nehmen wir an es g\u00e4be in zehn Jahren auf der Erde keine Menschen mehr. D\u00fcrfen wir dann die Erde nach Belieben ausbeuten und quasi als M\u00fcllhalde hinterlassen? \u00a0 Kann ich freie Entscheidungen treffen oder stand [&hellip;]<\/p>\n","protected":false},"author":1,"featured_media":0,"parent":18963,"menu_order":6,"comment_status":"closed","ping_status":"closed","template":"","meta":{"ngg_post_thumbnail":0,"footnotes":""},"class_list":["post-7052","page","type-page","status-publish","hentry"],"_links":{"self":[{"href":"https:\/\/www.gymnasium-rhauderfehn.de\/index.php?rest_route=\/wp\/v2\/pages\/7052","targetHints":{"allow":["GET"]}}],"collection":[{"href":"https:\/\/www.gymnasium-rhauderfehn.de\/index.php?rest_route=\/wp\/v2\/pages"}],"about":[{"href":"https:\/\/www.gymnasium-rhauderfehn.de\/index.php?rest_route=\/wp\/v2\/types\/page"}],"author":[{"embeddable":true,"href":"https:\/\/www.gymnasium-rhauderfehn.de\/index.php?rest_route=\/wp\/v2\/users\/1"}],"replies":[{"embeddable":true,"href":"https:\/\/www.gymnasium-rhauderfehn.de\/index.php?rest_route=%2Fwp%2Fv2%2Fcomments&post=7052"}],"version-history":[{"count":8,"href":"https:\/\/www.gymnasium-rhauderfehn.de\/index.php?rest_route=\/wp\/v2\/pages\/7052\/revisions"}],"predecessor-version":[{"id":18907,"href":"https:\/\/www.gymnasium-rhauderfehn.de\/index.php?rest_route=\/wp\/v2\/pages\/7052\/revisions\/18907"}],"up":[{"embeddable":true,"href":"https:\/\/www.gymnasium-rhauderfehn.de\/index.php?rest_route=\/wp\/v2\/pages\/18963"}],"wp:attachment":[{"href":"https:\/\/www.gymnasium-rhauderfehn.de\/index.php?rest_route=%2Fwp%2Fv2%2Fmedia&parent=7052"}],"curies":[{"name":"wp","href":"https:\/\/api.w.org\/{rel}","templated":true}]}}