{"id":7064,"date":"2015-09-21T23:48:33","date_gmt":"2015-09-21T21:48:33","guid":{"rendered":"http:\/\/192.168.2.108:8888\/?page_id=7064"},"modified":"2022-03-17T11:59:40","modified_gmt":"2022-03-17T10:59:40","slug":"geschichte-informationen","status":"publish","type":"page","link":"https:\/\/www.gymnasium-rhauderfehn.de\/?page_id=7064","title":{"rendered":"Informationen zum Fach Geschichte"},"content":{"rendered":"<h1>Inhalte im Geschichtsunterricht:<\/h1>\n<p>In den Klassen 5-6 dienen die Unterrichtsgegenst\u00e4nde in erster Linie der Herausbildung eigener Identifikation und Zeiterfahrung durch Themen, die der famili\u00e4ren, \u00f6rtlichen und regionalen, bundesrepublikanischen und europ\u00e4ischen Geschichte entstammen. Die Sch\u00fclerinnen und Sch\u00fcler werden verpflichtend mit der Geschichte des eigenen Umfeldes vertraut gemacht (Geschichte Rhauderfehns und der Region Ostfrieslands).<\/p>\n<p>Danach wird der Zeitraum von der Steinzeit \u00fcber die Hochkulturen und der Antike bis zum Sp\u00e4tmittelalter Gegenstand gemeinsamer \u00dcberlegungen von Sch\u00fclerinnen und Sch\u00fclern und der Lehrkraft. Auch der Aufbruch in die Neuzeit wird thematisiert in Jahrgang 6.<\/p>\n<p>In den Klassenstufen 7-9 wird die Neuzeit (Fr\u00fchneuzeitlicher F\u00fcrstenstaat, B\u00fcrgerliche Revolutionen, Industrialisierung und Soziale Frage, Deutscher Nationalstaat im 19. Jahrhundert, Imperialismus, Erster Weltkrieg, Sowjetkommunismus) bis zum\u00a0Ende der Weimarer Republik thematisiert.<\/p>\n<p>In Klasse 10 wird die Zeit des Nationalsozialismus und die nach 1945 behandelt, sowie die Blockbildung und die Zeit des Kalten Krieges, Ebenfalls thematisiert wird die deutsch- deutsche Geschichte bis zur Wiedervereinigung.<\/p>\n<h1>Stundenverteilung:<\/h1>\n<p>In den Jahrg\u00e4ngen f\u00fcnf, sechs und zehn wird das Fach ganzj\u00e4hrig mit 2 Unterrichtsstunden pro Woche unterrichtet, in den \u00fcbrigen Jahrg\u00e4ngen epochal mit 1 Stunde pro Woche.<\/p>\n<h1>Leistungsbewertung:<\/h1>\n<p>Neben der kontinuierlichen Beobachtung der Sch\u00fclerinnen und Sch\u00fcler im Lernprozess und ihrer pers\u00f6nlichen Lernfortschritte, die in der Dokumentation der individuellen Lernentwicklung erfasst werden, sind die Ergebnisse m\u00fcndlicher, schriftlicher und anderer spezifischer Lernkontrollen zur Leistungsfeststellung heranzuziehen.<\/p>\n<p>M\u00fcndliche und fachspezifische Leistungen besitzen bei der Bestimmung der Gesamtzensur im Fach Geschichte ein deutlich h\u00f6heres Gewicht als die schriftlichen Leistungen. Der Anteil der schriftlichen Leistungen an der Gesamtzensur ist abh\u00e4ngig von der Anzahl der schriftlichen Lernkontrollen innerhalb eines Schulhalbjahres bzw. Schuljahres. Er darf ein Drittel an der Gesamtzensur nicht unterschreiten.<\/p>\n<p>In Lernkontrollen sind die drei Anforderungsbereiche \u201eReproduktion\u201c, \u201eReorganisation und Transfer\u201c sowie \u201eReflexion und Deutung \u2013 Beurteilung und Bewertung\u201c angemessen zu ber\u00fccksichtigen. Festlegungen zur Anzahl der bewerteten schriftlichen Lernkontrollen trifft die Fachkonferenz auf der Grundlage der Vorgaben des Erlasses \u201eDie Arbeit in den Schuljahrg\u00e4ngen 5 &#8211; 10 des Gymnasiums\u201c in der jeweils geltenden Fassung.<\/p>\n<p>Laut Konferenzbeschluss werden bei 2 pro Schulhalbjahr geschrieben schriftlichen Leistungskontrollen, diese mit ca. 50 % in die Notengebung einflie\u00dfen, bei nur einer schriftlichen Leistung betr\u00e4gt das Verh\u00e4ltnis 30 zu 70 %.<\/p>\n<p>Laut Konferenzbeschluss m\u00fcssen den Sch\u00fclerInnen zweimal im Halbjahr m\u00fcndlichen Noten gegeben und mitgeteilt werden. Eine st\u00e4ndige Dokumentation der m\u00fcndlichen Mitarbeit ist daher notwendig.<\/p>\n<h1>Unterrichtsmaterial:<\/h1>\n<h2>B\u00fccherliste der Fachschaft Geschichte Schuljahr 2022\/23<\/h2>\n<ul>\n<li>Jahrgang 5\n<ul>\n<li>Geschichte und Geschehen<\/li>\n<li>Sch\u00fclerband 1<\/li>\n<li>Ausgabe f\u00fcr Niedersachsen und Bremen<\/li>\n<li>ISBN 978-3-12-443415-9<\/li>\n<\/ul>\n<\/li>\n<li>Jahrgang 6\n<ul>\n<li>Geschichte und Geschehen<\/li>\n<li>Sch\u00fclerband 2<\/li>\n<li>Ausgabe f\u00fcr Niedersachsen und Bremen<\/li>\n<li>ISBN 978-3-12-443425-8<\/li>\n<\/ul>\n<\/li>\n<li>Jahrgang 7 und 8\n<ul>\n<li>Geschichte und Geschehen<\/li>\n<li>Sch\u00fclerband 3\/4<\/li>\n<li>Ausgabe f\u00fcr Niedersachsen und Bremen<\/li>\n<li>ISBN 978-3-12-443435-7<\/li>\n<\/ul>\n<\/li>\n<li>Jahrgang 9 und 10\n<ul>\n<li>Geschichte und Geschehen<\/li>\n<li>Sch\u00fclerband 5\/6<\/li>\n<li>Ausgabe f\u00fcr Niedersachsen und Bremen<\/li>\n<li>ISBN 978-3-12-443445-6<\/li>\n<\/ul>\n<\/li>\n<li>Jahrgang 11\n<ul>\n<li>Zeit f\u00fcr Geschichte<\/li>\n<li>Ausgabe f\u00fcr die Einf\u00fchrungsphase in Niedersachsen<\/li>\n<li>Sch\u00fclerband 11<\/li>\n<li>ISBN 978-3-507-36640-4<\/li>\n<\/ul>\n<\/li>\n<li>Die B\u00fccher f\u00fcr die Jahrg\u00e4nge 12 und 13 werden von den Kollegen der jeweiligen Kurse nach Absprache bestimmt.<\/li>\n<\/ul>\n<h1>Exkursionen:<\/h1>\n<ul>\n<li>Jahrgang 5:<br \/>\nFahrt zum Ort der Varusschlacht: Kalkriese (Geschichte der R\u00f6mer und Germanen)<\/p>\n<ul>\n<li><a href=\"https:\/\/www.kalkriese-varusschlacht.de\/service\/oeffnungszeiten\/\">https:\/\/www.kalkriese-varusschlacht.de<\/a><\/li>\n<\/ul>\n<\/li>\n<li>Jahrgang 6:<br \/>\nBesuch einer mittelalterlichen Stadt (Stadtf\u00fchrung in M\u00fcnster)<\/p>\n<ul>\n<li><a href=\"https:\/\/www.stadtlupe-muenster.de\/\">https:\/\/www.stadtlupe-muenster.de<\/a><\/li>\n<\/ul>\n<\/li>\n<li>Jahrgang 10:<br \/>\nBesichtigung der Gedenkst\u00e4tte Esterwegen<\/p>\n<ul>\n<li><a href=\"https:\/\/www.gedenkstaette-esterwegen.de\/\">https:\/\/www.gedenkstaette-esterwegen.de<\/a><\/li>\n<\/ul>\n<\/li>\n<\/ul>\n<h1>Lehrplan Sek I:<\/h1>\n<ul>\n<li><a href=\"https:\/\/www.gymnasium-rhauderfehn.de\/wp-content\/uploads\/2016\/02\/SchulinternesCurriculumGE161.odt\">Schulinternes Curriculum Sek I<\/a><\/li>\n<li><a href=\"http:\/\/db2.nibis.de\/1db\/cuvo\/datei\/ge_gym_si_kc_druck.pdf\">Kerncurriculum Geschichte Jahrgang 5-10<\/a><\/li>\n<\/ul>\n<h1>Lehrplan Sek II:<\/h1>\n<ul>\n<li><a href=\"http:\/\/db2.nibis.de\/1db\/cuvo\/datei\/kc_geschichte_go_i_03-11.pdf\">Kerncurriculum Geschichte Gymnasiale Oberstufe<\/a><\/li>\n<li><a href=\"https:\/\/www.nibis.de\/uploads\/mk-bolhoefer\/2023\/10GeschichteHinweise2023_Juni2021.pdf\">Hinweise des nibis zur schriftlichen Abiturpr\u00fcfung2023<\/a><\/li>\n<\/ul>\n<p>&nbsp;<\/p>\n","protected":false},"excerpt":{"rendered":"<p>Inhalte im Geschichtsunterricht: In den Klassen 5-6 dienen die Unterrichtsgegenst\u00e4nde in erster Linie der Herausbildung eigener Identifikation und Zeiterfahrung durch Themen, die der famili\u00e4ren, \u00f6rtlichen und regionalen, bundesrepublikanischen und europ\u00e4ischen Geschichte entstammen. Die Sch\u00fclerinnen und [&hellip;]<\/p>\n","protected":false},"author":1,"featured_media":0,"parent":7042,"menu_order":3,"comment_status":"closed","ping_status":"closed","template":"","meta":{"ngg_post_thumbnail":0,"footnotes":""},"class_list":["post-7064","page","type-page","status-publish","hentry"],"_links":{"self":[{"href":"https:\/\/www.gymnasium-rhauderfehn.de\/index.php?rest_route=\/wp\/v2\/pages\/7064","targetHints":{"allow":["GET"]}}],"collection":[{"href":"https:\/\/www.gymnasium-rhauderfehn.de\/index.php?rest_route=\/wp\/v2\/pages"}],"about":[{"href":"https:\/\/www.gymnasium-rhauderfehn.de\/index.php?rest_route=\/wp\/v2\/types\/page"}],"author":[{"embeddable":true,"href":"https:\/\/www.gymnasium-rhauderfehn.de\/index.php?rest_route=\/wp\/v2\/users\/1"}],"replies":[{"embeddable":true,"href":"https:\/\/www.gymnasium-rhauderfehn.de\/index.php?rest_route=%2Fwp%2Fv2%2Fcomments&post=7064"}],"version-history":[{"count":19,"href":"https:\/\/www.gymnasium-rhauderfehn.de\/index.php?rest_route=\/wp\/v2\/pages\/7064\/revisions"}],"predecessor-version":[{"id":18809,"href":"https:\/\/www.gymnasium-rhauderfehn.de\/index.php?rest_route=\/wp\/v2\/pages\/7064\/revisions\/18809"}],"up":[{"embeddable":true,"href":"https:\/\/www.gymnasium-rhauderfehn.de\/index.php?rest_route=\/wp\/v2\/pages\/7042"}],"wp:attachment":[{"href":"https:\/\/www.gymnasium-rhauderfehn.de\/index.php?rest_route=%2Fwp%2Fv2%2Fmedia&parent=7064"}],"curies":[{"name":"wp","href":"https:\/\/api.w.org\/{rel}","templated":true}]}}