{"id":7073,"date":"2012-10-02T23:50:57","date_gmt":"2012-10-02T21:50:57","guid":{"rendered":"http:\/\/192.168.2.108:8888\/?page_id=7073"},"modified":"2024-01-01T17:50:43","modified_gmt":"2024-01-01T16:50:43","slug":"politikwirtschaft-informationen","status":"publish","type":"page","link":"https:\/\/www.gymnasium-rhauderfehn.de\/?page_id=7073","title":{"rendered":"Informationen zum Fach Politik-Wirtschaft"},"content":{"rendered":"<blockquote><p>&#8222;Demokratie ist die einzige politisch verfasste Gesellschaftsordnung, die gelernt werden muss &#8211; immer wieder, tagt\u00e4glich und bis ins hohe Alter hinein.&#8220; (Oskar Negt)<\/p><\/blockquote>\n<figure id=\"attachment_8988\" aria-describedby=\"caption-attachment-8988\" style=\"width: 238px\" class=\"wp-caption alignnone\"><a href=\"https:\/\/www.gymnasium-rhauderfehn.de\/wp-content\/uploads\/2012\/10\/Juniorwahl-Stimmabgabe_25012016.jpg\"><img loading=\"lazy\" decoding=\"async\" class=\" wp-image-8988\" src=\"https:\/\/www.gymnasium-rhauderfehn.de\/wp-content\/uploads\/2012\/10\/Juniorwahl-Stimmabgabe_25012016-300x224.jpg\" alt=\"Demokratie lebt vom Mitmachen: Juniorwahlen am Gymnasium \" width=\"238\" height=\"181\"><\/a><figcaption id=\"caption-attachment-8988\" class=\"wp-caption-text\">Demokratie lebt vom Mitmachen: Juniorwahlen am Gymnasium<\/figcaption><\/figure>\n<h2>Allgemeine Zielsetzungen und Inhalte des Fachs<\/h2>\n<p>\u201eBrauchen wir eine staatliche F\u00f6rderung von Elektroautos?\u201c, \u201eSoll die NPD verboten werden?\u201c, \u201eL\u00f6st Zuwanderung unser demografisches Problem?\u201c \u2013 Dies ist nur eine kleine Auswahl an Problemen und Fragestellungen, mit denen sich unser Fach besch\u00e4ftigt.<br \/>\nDas Leitziel unseres Faches ist der m\u00fcndige B\u00fcrger. Ein m\u00fcndiger B\u00fcrger kennt sich in politischen und wirtschaftlichen Fragen aus und kann sich in sein gesellschaftliches Umfeld einbringen. Dazu muss er fundierte Kenntnisse besitzen (Sachkompetenz), er muss urteilsf\u00e4hig sein (Urteilskompetenz) und er muss das entsprechende R\u00fcstzeug haben, um die politische und \u00f6konomische Welt analysieren und letztlich begreifen zu k\u00f6nnen (Methodenkompetenz). Diese Grundlagen versuchen wir als Lehrkr\u00e4fte im Fach Politik-Wirtschaft zu vermitteln.<\/p>\n<h2>Verbindliche Themen im Einzelnen<\/h2>\n<p>In der Sekundarstufe I sind im zweist\u00fcndigen Fach Politik-Wirtschaft folgende Rahmenthemen verbindlich:<\/p>\n<p>Jahrgang 8:<\/p>\n<ul>\n<li>Politische Entscheidungsprozesse im Nahbereich<\/li>\n<li>Konsumentscheidungen Jugendlicher<\/li>\n<\/ul>\n<p>Jahrgang 9:<\/p>\n<ul>\n<li>Unternehmen und Arbeitsbeziehungen<\/li>\n<li>Verfassungsprinzipien und Politische Willensbildungs- und Entscheidungsprozesse auf Bundesebene<\/li>\n<\/ul>\n<p>Jahrgang 10:<\/p>\n<ul>\n<li>Wirtschaftsordnung (insbesondere Soziale Marktwirtschaft)<\/li>\n<li>Europ\u00e4ische Union<\/li>\n<\/ul>\n<p>In der Sekundarstufe II werden die abiturrelevanten Vorgaben j\u00e4hrlich neu vom Kultusministerium vorgegeben. Die genauen Inhalte und deren Umfang variieren zudem in Abh\u00e4ngigkeit von der belegten Kursart (erh\u00f6htes Niveau (P3), grundlegendes Niveau P4\/5), zweist\u00fcndiges Erg\u00e4nzungsfach). Im Allgemeinen lassen sich alle inhaltlichen Vorgaben folgenden Themenkomplexen zuordnen, die jeweils ein Semester behandelt werden:<\/p>\n<ul>\n<li>Demokratie und sozialer Rechtsstaat<\/li>\n<li>Wirtschaftspolitik in der Sozialen Marktwirtschaft<\/li>\n<li>Internationale Sicherheits- und Friedenspolitik<\/li>\n<li>Internationale Wirtschaftsbeziehungen<\/li>\n<\/ul>\n<h2>Besondere Veranstaltungen<\/h2>\n<figure style=\"width: 385px\" class=\"wp-caption alignnone\"><img loading=\"lazy\" decoding=\"async\" class=\"\" src=\"https:\/\/www.gymnasium-rhauderfehn.de\/wp-content\/uploads\/2012\/10\/Besuch-Connemann__25012016.jpg\" alt=\"\" width=\"385\" height=\"292\"><figcaption class=\"wp-caption-text\">Die Bundestagsabgeordnete Gitta Connemann (CDU) mit Sch\u00fclerinnen des Gymnasiums<\/figcaption><\/figure>\n<p>Die Fachgruppe Politik-Wirtschaft bietet \u00fcber den normalen Unterricht weitere M\u00f6glichkeiten des Lernens an. Au\u00dferdem ist Politik-Wirtschaft das Leitfach f\u00fcr die Berufs- und Studienorientierung. Folgende besondere Veranstaltungen betreut die Fachgruppe:<\/p>\n<ul>\n<li>Erkundungen in Gemeindeverwaltungen und Gerichten<\/li>\n<li>Berufsorientierungsprojekt in Jahrgang 9<\/li>\n<li>Praktikum mit Praktikumsbericht<\/li>\n<li>Abgeordnetengespr\u00e4che und Diskussionen<\/li>\n<li>Juniorwahlen<\/li>\n<\/ul>\n<h2>Weiterf\u00fchrende Informationen<\/h2>\n<ul>\n<li><a href=\"http:\/\/db2.nibis.de\/1db\/cuvo\/datei\/pw_gym_si_kc_druck.pdf\" target=\"_blank\" rel=\"noopener\">Kerncurriculum Sek I <\/a><\/li>\n<li><a href=\"http:\/\/db2.nibis.de\/1db\/cuvo\/datei\/kc_go_powi_07_nib.pdf\" target=\"_blank\" rel=\"noopener\">Kerncurriculum Sek II <\/a><\/li>\n<li><a href=\"http:\/\/www.nibis.de\/nibis.php?menid=3617\" target=\"_blank\" rel=\"noopener\">Abiturschwerpunkte<\/a><\/li>\n<li><a href=\"http:\/\/www.nibis.de\/nli1\/gohrgs\/operatoren\/operatoren_ab_2013\/2009_10Ek_Ge_Po.pdf\" target=\"_blank\" rel=\"noopener\">Operatoren<\/a><\/li>\n<li>schulinterne Lehrpl\u00e4ne (derzeit in \u00dcberarbeitung)<\/li>\n<\/ul>\n<p>Wir hoffen, dass alle Sch\u00fclerinnen und Sch\u00fcler an unserem Fach genauso viel Freude haben wie wir, die <b>Fachgruppe Politik-Wirtschaft!<\/b><\/p>\n<p><em>Frau Noormann, Fachobfrau Politik-Wirtschaft<\/em><\/p>\n","protected":false},"excerpt":{"rendered":"<p>&#8222;Demokratie ist die einzige politisch verfasste Gesellschaftsordnung, die gelernt werden muss &#8211; immer wieder, tagt\u00e4glich und bis ins hohe Alter hinein.&#8220; (Oskar Negt) Allgemeine Zielsetzungen und Inhalte des Fachs \u201eBrauchen wir eine staatliche F\u00f6rderung von [&hellip;]<\/p>\n","protected":false},"author":1,"featured_media":0,"parent":7044,"menu_order":3,"comment_status":"closed","ping_status":"closed","template":"","meta":{"ngg_post_thumbnail":0,"footnotes":""},"class_list":["post-7073","page","type-page","status-publish","hentry"],"_links":{"self":[{"href":"https:\/\/www.gymnasium-rhauderfehn.de\/index.php?rest_route=\/wp\/v2\/pages\/7073","targetHints":{"allow":["GET"]}}],"collection":[{"href":"https:\/\/www.gymnasium-rhauderfehn.de\/index.php?rest_route=\/wp\/v2\/pages"}],"about":[{"href":"https:\/\/www.gymnasium-rhauderfehn.de\/index.php?rest_route=\/wp\/v2\/types\/page"}],"author":[{"embeddable":true,"href":"https:\/\/www.gymnasium-rhauderfehn.de\/index.php?rest_route=\/wp\/v2\/users\/1"}],"replies":[{"embeddable":true,"href":"https:\/\/www.gymnasium-rhauderfehn.de\/index.php?rest_route=%2Fwp%2Fv2%2Fcomments&post=7073"}],"version-history":[{"count":15,"href":"https:\/\/www.gymnasium-rhauderfehn.de\/index.php?rest_route=\/wp\/v2\/pages\/7073\/revisions"}],"predecessor-version":[{"id":20516,"href":"https:\/\/www.gymnasium-rhauderfehn.de\/index.php?rest_route=\/wp\/v2\/pages\/7073\/revisions\/20516"}],"up":[{"embeddable":true,"href":"https:\/\/www.gymnasium-rhauderfehn.de\/index.php?rest_route=\/wp\/v2\/pages\/7044"}],"wp:attachment":[{"href":"https:\/\/www.gymnasium-rhauderfehn.de\/index.php?rest_route=%2Fwp%2Fv2%2Fmedia&parent=7073"}],"curies":[{"name":"wp","href":"https:\/\/api.w.org\/{rel}","templated":true}]}}