{"id":7091,"date":"2015-09-21T23:54:48","date_gmt":"2015-09-21T21:54:48","guid":{"rendered":"http:\/\/192.168.2.108:8888\/?page_id=7091"},"modified":"2022-05-24T18:40:12","modified_gmt":"2022-05-24T16:40:12","slug":"religion-informationen","status":"publish","type":"page","link":"https:\/\/www.gymnasium-rhauderfehn.de\/?page_id=7091","title":{"rendered":"Informationen zum Fach Religion"},"content":{"rendered":"<p><span style=\"text-decoration: underline;\"><em><strong>Religionsunterricht am Gymnasium Rhauderfehn<\/strong><\/em><\/span><\/p>\n<p>Am Gymnasium Rhauderfehn wird in den Jahrg\u00e4ngen 5-7 konfessionell-kooperativ und in den Jahrg\u00e4ngen 8-10 konfessionell unterrichtet. Der Unterricht findet immer in der jeweiligen Konfession des Lehrk\u00f6rpers statt (eine katholische Lehrkraft unterrichtet immer katholischen Religionsunterricht, eine evangelische Lehrkraft evangelischen Religionsunterricht).<\/p>\n<p>In der Oberstufe wird wieder konfessionell-kooperativ unterrichtet. Auch hier findet der Unterricht in der Konfession des Lehrk\u00f6rpers statt. Wenn eine Lehrerin also evangelisch ist, machen die Sch\u00fclerinnen und Sch\u00fcler ggf. ihr Abitur in Evangelischer Religion.<\/p>\n<p><span style=\"text-decoration: underline;\"><em><strong>Informationen zum Fach Religion <\/strong><\/em><\/span><\/p>\n<ul style=\"list-style-type: disc;\">\n<li><a href=\"https:\/\/www.gymnasium-rhauderfehn.de\/wp-content\/uploads\/2015\/09\/Inhalte-5-7.docx\">Schulinternes Curriculum f\u00fcr die Jahrg\u00e4nge 5-7<\/a><\/li>\n<li>Curriculum der 2-st\u00fcndigen Kurse Religion in der Oberstufe: KC 2<\/li>\n<\/ul>\n<p><span style=\"text-decoration: underline;\"><em><strong>Informationen zum Fach Evangelische Religion <\/strong><\/em><\/span><\/p>\n<ul style=\"list-style-type: disc;\">\n<li><a href=\"https:\/\/www.gymnasium-rhauderfehn.de\/wp-content\/uploads\/2018\/09\/09_2018_Unterrichstsequenz-8.pdf\">Schulinternes Curriculum f\u00fcr&nbsp;den Jahrgang 8<\/a><\/li>\n<li><a href=\"https:\/\/www.gymnasium-rhauderfehn.de\/wp-content\/uploads\/2018\/09\/09_2018_Unterrichtssequenz-9-.pdf\">Schulinternes Curriculum f\u00fcr den Jahrgang 9<\/a><\/li>\n<li><a href=\"https:\/\/www.gymnasium-rhauderfehn.de\/wp-content\/uploads\/2018\/09\/09_2018_Unterrichtssequenz-10-.pdf\">Schulinternes Curriculum f\u00fcr den Jahrgang 10<\/a><\/li>\n<li><a href=\"https:\/\/www.gymnasium-rhauderfehn.de\/wp-content\/uploads\/2018\/09\/09_2018_Sequenzen-1-4.pdf\">Schulinternes Curriculum der Einf\u00fchrungsphase&nbsp;<\/a><\/li>\n<li><a href=\"http:\/\/db2.nibis.de\/1db\/cuvo\/datei\/kc_evrel_gym_i.pdf\">Kerncurriculum Evangelische Religion Sek 1<\/a><\/li>\n<li><a href=\"http:\/\/db2.nibis.de\/1db\/cuvo\/datei\/kc_evrel_go_i_12_11.pdf\">Kerncurriculum Evangelische Religion Sek 2<\/a><\/li>\n<\/ul>\n<p><span style=\"text-decoration: underline;\"><em><strong>Informationen zum Fach Katholische Religion<\/strong><\/em><\/span><\/p>\n<ul>\n<li><a href=\"http:\/\/db2.nibis.de\/1db\/cuvo\/datei\/kc_kathrel_gym_i.pdf\">Kerncurriculum Katholische Religion Sek I<\/a><\/li>\n<li><a href=\"https:\/\/www.gymnasium-rhauderfehn.de\/wp-content\/uploads\/2015\/09\/Schulinternes-Curriculum-8-10katholische-Religion.docx\">Schulinternes Curriculum 8-10&nbsp;<\/a><\/li>\n<li><a href=\"https:\/\/www.gymnasium-rhauderfehn.de\/wp-content\/uploads\/2018\/08\/Schulinternes-Curriculum-katholische-Religion-f\u00fcr-die-Einf\u00fchrungsphase.docx\">Schulinternes Curriculum f\u00fcr die Einf\u00fchrungsphase<\/a><\/li>\n<li><a href=\"http:\/\/db2.nibis.de\/1db\/cuvo\/datei\/re-k_go_kc_druck_2017.pdf\">Kerncurriculum Katholische Religion Sek II<\/a><\/li>\n<\/ul>\n<p><em><strong>Schulb\u00fccher f\u00fcr das Fach Religion f\u00fcr die Jahrg\u00e4nge 5-7<\/strong><\/em><em><strong> ab dem Schuljahr 2016\/2017<\/strong><\/em><\/p>\n<ul>\n<li>Jahrgang 5 und 6\n<ul>\n<li>Ingrid Grill-Ahollinger u.a. (Hg): Ortswechsel 5\/6, Evangelisches Religionsbuch f\u00fcr Gymnasien, Claudius Verlag, ISBN 978-3-532-70040-2<\/li>\n<\/ul>\n<\/li>\n<li>Jahrgang 7:\n<ul>\n<li>Ingrid Grill-Ahollinger u.a. (Hg): Ortswechsel 7\/8, Evangelisches Religionsbuch f\u00fcr Gymnasien, Claudius Verlag, ISBN 978-3-532-70041-9<\/li>\n<\/ul>\n<\/li>\n<\/ul>\n<p><em><strong>Schulb\u00fccher f\u00fcr das Fach Evangelische Religion f\u00fcr die Jahrg\u00e4nge 8-10<\/strong><\/em><em><strong> ab dem Schuljahr 2016\/2017<\/strong><\/em><\/p>\n<ul style=\"list-style-type: disc;\">\n<li>Jahrgang 8\n<ul>\n<li>Ingrid Grill-Ahollinger u.a. (Hg): Ortswechsel 7\/8, Evangelisches Religionsbuch f\u00fcr Gymnasien, Claudius Verlag, ISBN 978-3-532-70041-9<\/li>\n<\/ul>\n<\/li>\n<li>Jahrg\u00e4nge 9 und 10:\n<ul>\n<li>Ingrid Grill-Ahollinger u.a. (Hg): Ortswechsel 9\/10, Evangelisches Religionsbuch f\u00fcr Gymnasien, Claudius Verlag, ISBN 978-3-532-70052-5<\/li>\n<\/ul>\n<\/li>\n<\/ul>\n<p><span style=\"text-decoration: underline;\"><em><strong>Schulb\u00fccher f\u00fcr das Fach Katholische Religion f\u00fcr die Jahrg\u00e4nge 8-10<\/strong><\/em><em><strong> ab dem Schuljahr 2016\/2017<\/strong><\/em><\/span><\/p>\n<ul style=\"list-style-type: disc;\">\n<li>Jahrgang 8:\n<ul>\n<li>Werner Trutwin (Hg.): Wege des Glaubens, Religion Sekundarstufe I, Band 2, Gymnasium, Patmos Verlag, ISBN 978-3-7627-0480-5<\/li>\n<\/ul>\n<\/li>\n<li>Jahrg\u00e4nge 9 und 10:\n<ul>\n<li>Werner Trutwin (Hg.): Zeichen der Hoffnung, Religion Sekundarstufe I, Band 3, Gymnasium, Patmos Verlag, ISBN 978-3-7627-0537-6<\/li>\n<\/ul>\n<\/li>\n<\/ul>\n<p><span style=\"text-decoration: underline;\"><em><strong>Gottesdienste am Gymnasium Rhauderfehn<\/strong><\/em><\/span><\/p>\n<ul style=\"list-style-type: square;\">\n<li>\u00d6kumenischer Einschulungsgottesdienst f\u00fcr den <strong>Jahrgang 5<\/strong> in der St. Bonifatius Kirche in Rhauderfehn am 1. Schultag<\/li>\n<li>\u00d6kumenischer Pfingstgottesdienst f\u00fcr den <strong>Jahrgang 6<\/strong> in der Hoffnungskirche Westrhauderfehn<\/li>\n<li>Heilige Messe zu Allerheiligen f\u00fcr die katholischen Sch\u00fclerinnen und Sch\u00fcler des <strong>Jahrgangs 8<\/strong>&nbsp;in St. Bonifatius<\/li>\n<li>Gottesdienst zum Reformationstag f\u00fcr die evangelischen Sch\u00fclerinnen und Sch\u00fcler des <strong>Jahrgangs 8<\/strong>&nbsp;in der Hoffnungskirche<\/li>\n<li>\u00d6kumenischer Gottesdienst des <strong>Abiturjahrgang<\/strong>s in der Hoffnungskirche<\/li>\n<\/ul>\n<p>H\u00e4ufig gestellte Fragen zum Religionsunterricht und dem Unterricht im Fach &#8222;Werte und Normen&#8220; werden <a href=\"https:\/\/www.gymnasium-rhauderfehn.de\/wp-content\/uploads\/2015\/09\/FAQ-Reli-WuN1.pdf\">hier<\/a>&nbsp;beantwortet.<\/p>\n","protected":false},"excerpt":{"rendered":"<p>Religionsunterricht am Gymnasium Rhauderfehn Am Gymnasium Rhauderfehn wird in den Jahrg\u00e4ngen 5-7 konfessionell-kooperativ und in den Jahrg\u00e4ngen 8-10 konfessionell unterrichtet. Der Unterricht findet immer in der jeweiligen Konfession des Lehrk\u00f6rpers statt (eine katholische Lehrkraft unterrichtet [&hellip;]<\/p>\n","protected":false},"author":1,"featured_media":0,"parent":7048,"menu_order":3,"comment_status":"closed","ping_status":"closed","template":"","meta":{"ngg_post_thumbnail":0,"footnotes":""},"class_list":["post-7091","page","type-page","status-publish","hentry"],"_links":{"self":[{"href":"https:\/\/www.gymnasium-rhauderfehn.de\/index.php?rest_route=\/wp\/v2\/pages\/7091","targetHints":{"allow":["GET"]}}],"collection":[{"href":"https:\/\/www.gymnasium-rhauderfehn.de\/index.php?rest_route=\/wp\/v2\/pages"}],"about":[{"href":"https:\/\/www.gymnasium-rhauderfehn.de\/index.php?rest_route=\/wp\/v2\/types\/page"}],"author":[{"embeddable":true,"href":"https:\/\/www.gymnasium-rhauderfehn.de\/index.php?rest_route=\/wp\/v2\/users\/1"}],"replies":[{"embeddable":true,"href":"https:\/\/www.gymnasium-rhauderfehn.de\/index.php?rest_route=%2Fwp%2Fv2%2Fcomments&post=7091"}],"version-history":[{"count":43,"href":"https:\/\/www.gymnasium-rhauderfehn.de\/index.php?rest_route=\/wp\/v2\/pages\/7091\/revisions"}],"predecessor-version":[{"id":19255,"href":"https:\/\/www.gymnasium-rhauderfehn.de\/index.php?rest_route=\/wp\/v2\/pages\/7091\/revisions\/19255"}],"up":[{"embeddable":true,"href":"https:\/\/www.gymnasium-rhauderfehn.de\/index.php?rest_route=\/wp\/v2\/pages\/7048"}],"wp:attachment":[{"href":"https:\/\/www.gymnasium-rhauderfehn.de\/index.php?rest_route=%2Fwp%2Fv2%2Fmedia&parent=7091"}],"curies":[{"name":"wp","href":"https:\/\/api.w.org\/{rel}","templated":true}]}}