{"id":7190,"date":"2015-09-22T01:23:41","date_gmt":"2015-09-21T23:23:41","guid":{"rendered":"http:\/\/192.168.2.108:8888\/?page_id=7190"},"modified":"2022-04-18T15:46:19","modified_gmt":"2022-04-18T13:46:19","slug":"bibliothek","status":"publish","type":"page","link":"https:\/\/www.gymnasium-rhauderfehn.de\/?page_id=7190","title":{"rendered":"Bibliothek"},"content":{"rendered":"<blockquote>\n<p style=\"text-align: center;\">Lesen ist f\u00fcr den Geist, was Gymnastik f\u00fcr den K\u00f6rper ist.<br \/>\nJoseph Addison (1672-1719, englischer Schriftsteller und Politiker)<\/p>\n<p style=\"text-align: center;\">\n<\/blockquote>\n<figure id=\"attachment_7191\" aria-describedby=\"caption-attachment-7191\" style=\"width: 448px\" class=\"wp-caption aligncenter\"><a href=\"https:\/\/www.gymnasium-rhauderfehn.de\/wp-content\/uploads\/2015\/09\/Bibliothek-Detail.jpg\"><img loading=\"lazy\" decoding=\"async\" class=\"wp-image-7191 size-full\" src=\"https:\/\/www.gymnasium-rhauderfehn.de\/wp-content\/uploads\/2015\/09\/Bibliothek-Detail.jpg\" alt=\"Bibliothek-Detail\" width=\"448\" height=\"298\" srcset=\"https:\/\/www.gymnasium-rhauderfehn.de\/wp-content\/uploads\/2015\/09\/Bibliothek-Detail.jpg 448w, https:\/\/www.gymnasium-rhauderfehn.de\/wp-content\/uploads\/2015\/09\/Bibliothek-Detail-300x200.jpg 300w, https:\/\/www.gymnasium-rhauderfehn.de\/wp-content\/uploads\/2015\/09\/Bibliothek-Detail-272x182.jpg 272w\" sizes=\"auto, (max-width: 448px) 100vw, 448px\" \/><\/a><figcaption id=\"caption-attachment-7191\" class=\"wp-caption-text\">Unsere Bibliothek<\/figcaption><\/figure>\n<ul>\n<li>Seit der Fertigstellung des Erweiterungsbaus zum Schuljahr 2011\/12 verf\u00fcgt unsere Schule \u00fcber eine eigene Bibliothek. Sie bietet etwa 4500 Medien, an 12 Pl\u00e4tzen Raum f\u00fcr ruhiges Lesen und Arbeiten &#8211; sowohl f\u00fcr Einzel- als auch f\u00fcr Kleingruppenarbeit &#8211; , M\u00f6glichkeiten zur Recherche und zur kundigen Beratung.<\/li>\n<li>Die Bibliothek ist als Fachbuch-Bibliothek angelegt. Die Hauptzielgruppe sind dabei die Oberstufensch\u00fcler, aber auch f\u00fcr die Sch\u00fcler der Unter- und Mittelstufe sind geeignete B\u00fccher vorhanden. Die Bibliothek enth\u00e4lt &#8211; nach Schulf\u00e4chern unterteilt &#8211; in erster Linie Sachb\u00fccher und weitere Medien, die die Arbeit an den Unterrichtsthemen unterst\u00fctzen, dar\u00fcber hinaus vertiefendes Arbeiten erm\u00f6glichen und \u00dcbungsmaterial bis hin zur Abiturvorbereitung bieten. Auch Mitglieder der Schulgemeinschaft, die sich aus einem Hobby o. \u00c4. heraus f\u00fcr ein bestimmtes Interessengebiet interessieren, sind nat\u00fcrlich herzlich willkommen.<\/li>\n<li>Buchspenden, die den Bestand in diesem Sinne erweitern, werden gern entgegengenommen, denn trotz eines guten Ausgangsbestandes befindet sich unsere Bibliothek noch best\u00e4ndig im Aufbau\u2026<\/li>\n<li>Jugendb\u00fccher, Schm\u00f6ker und Bestseller finden sich in der Gemeindeb\u00fccherei (Schuhmacherstra\u00dfe 1), mit der wir zusammenarbeiten. Weitere Informationen unter <a href=\"http:\/\/www.kataloge-bz-niedersachsen.de\/rhauderfehn\/webopac\/\">http:\/\/www.kataloge-bz-niedersachsen.de\/rhauderfehn\/webopac\/<\/a><\/li>\n<\/ul>\n<ul>\n<li>Bei unserer Bibliothek handelt es sich um eine Pr\u00e4senzbibliothek, d. h. die B\u00fccher bleiben in der Regel zum Arbeiten vor Ort. In Absprache ist aber auch eine Ausleihe m\u00f6glich. Eine Kopierm\u00f6glichkeit ist vorhanden.<\/li>\n<li>Die Bibliothek steht allen Sch\u00fclerinnen und Sch\u00fclern und Lehrkr\u00e4ften unserer Schule zur Verf\u00fcgung. Die 6. Klassen werden zu einer Bibliothekserkundung eingeladen.<\/li>\n<\/ul>\n<figure id=\"attachment_7192\" aria-describedby=\"caption-attachment-7192\" style=\"width: 584px\" class=\"wp-caption aligncenter\"><a href=\"https:\/\/www.gymnasium-rhauderfehn.de\/wp-content\/uploads\/2015\/09\/Bibliothek1.jpg\"><img loading=\"lazy\" decoding=\"async\" class=\"wp-image-7192 size-large\" src=\"https:\/\/www.gymnasium-rhauderfehn.de\/wp-content\/uploads\/2015\/09\/Bibliothek1-1024x682.jpg\" alt=\"Bibliothek1\" width=\"584\" height=\"389\" srcset=\"https:\/\/www.gymnasium-rhauderfehn.de\/wp-content\/uploads\/2015\/09\/Bibliothek1-1024x682.jpg 1024w, https:\/\/www.gymnasium-rhauderfehn.de\/wp-content\/uploads\/2015\/09\/Bibliothek1-300x200.jpg 300w, https:\/\/www.gymnasium-rhauderfehn.de\/wp-content\/uploads\/2015\/09\/Bibliothek1-450x300.jpg 450w, https:\/\/www.gymnasium-rhauderfehn.de\/wp-content\/uploads\/2015\/09\/Bibliothek1-272x182.jpg 272w\" sizes=\"auto, (max-width: 584px) 100vw, 584px\" \/><\/a><figcaption id=\"caption-attachment-7192\" class=\"wp-caption-text\">Unsere Bibliothek<\/figcaption><\/figure>\n","protected":false},"excerpt":{"rendered":"<p>Lesen ist f\u00fcr den Geist, was Gymnastik f\u00fcr den K\u00f6rper ist. Joseph Addison (1672-1719, englischer Schriftsteller und Politiker) Seit der Fertigstellung des Erweiterungsbaus zum Schuljahr 2011\/12 verf\u00fcgt unsere Schule \u00fcber eine eigene Bibliothek. Sie bietet [&hellip;]<\/p>\n","protected":false},"author":1,"featured_media":0,"parent":18980,"menu_order":3,"comment_status":"closed","ping_status":"closed","template":"","meta":{"ngg_post_thumbnail":0,"footnotes":""},"class_list":["post-7190","page","type-page","status-publish","hentry"],"_links":{"self":[{"href":"https:\/\/www.gymnasium-rhauderfehn.de\/index.php?rest_route=\/wp\/v2\/pages\/7190","targetHints":{"allow":["GET"]}}],"collection":[{"href":"https:\/\/www.gymnasium-rhauderfehn.de\/index.php?rest_route=\/wp\/v2\/pages"}],"about":[{"href":"https:\/\/www.gymnasium-rhauderfehn.de\/index.php?rest_route=\/wp\/v2\/types\/page"}],"author":[{"embeddable":true,"href":"https:\/\/www.gymnasium-rhauderfehn.de\/index.php?rest_route=\/wp\/v2\/users\/1"}],"replies":[{"embeddable":true,"href":"https:\/\/www.gymnasium-rhauderfehn.de\/index.php?rest_route=%2Fwp%2Fv2%2Fcomments&post=7190"}],"version-history":[{"count":8,"href":"https:\/\/www.gymnasium-rhauderfehn.de\/index.php?rest_route=\/wp\/v2\/pages\/7190\/revisions"}],"predecessor-version":[{"id":18854,"href":"https:\/\/www.gymnasium-rhauderfehn.de\/index.php?rest_route=\/wp\/v2\/pages\/7190\/revisions\/18854"}],"up":[{"embeddable":true,"href":"https:\/\/www.gymnasium-rhauderfehn.de\/index.php?rest_route=\/wp\/v2\/pages\/18980"}],"wp:attachment":[{"href":"https:\/\/www.gymnasium-rhauderfehn.de\/index.php?rest_route=%2Fwp%2Fv2%2Fmedia&parent=7190"}],"curies":[{"name":"wp","href":"https:\/\/api.w.org\/{rel}","templated":true}]}}