{"id":7246,"date":"2015-09-22T21:57:34","date_gmt":"2015-09-22T19:57:34","guid":{"rendered":"http:\/\/192.168.2.108:8888\/?page_id=7246"},"modified":"2025-03-17T10:54:20","modified_gmt":"2025-03-17T09:54:20","slug":"mensa","status":"publish","type":"page","link":"https:\/\/www.gymnasium-rhauderfehn.de\/?page_id=7246","title":{"rendered":"Mensa"},"content":{"rendered":"<h1>Die Mensa im Schulzentrum Rhauderfehn<\/h1>\n<figure id=\"attachment_7249\" aria-describedby=\"caption-attachment-7249\" style=\"width: 250px\" class=\"wp-caption alignleft\"><a href=\"https:\/\/www.gymnasium-rhauderfehn.de\/wp-content\/uploads\/2015\/09\/mensa1.jpg\"><img loading=\"lazy\" decoding=\"async\" class=\"wp-image-7249 size-full\" src=\"https:\/\/www.gymnasium-rhauderfehn.de\/wp-content\/uploads\/2015\/09\/mensa1.jpg\" alt=\"mensa1\" width=\"250\" height=\"166\" \/><\/a><figcaption id=\"caption-attachment-7249\" class=\"wp-caption-text\">Speisesaal<\/figcaption><\/figure>\n<p>Im gro\u00dfz\u00fcgigen, lichtdurchfluteten Speisesaal des Schulzentrums k\u00f6nnen die Sch\u00fcler*innen aller Schulen an der Werftstra\u00dfe ihre Mittagsmahlzeit einnehmen.<br \/>\nZubereitet und geliefert wird das Essen von der Lebenshife Leer e.V.\u00a0 (<a href=\"http:\/\/www.lebenshilfe-leer.de\">www.lebenshilfe-leer.de<\/a>).<\/p>\n<p>Es gibt drei Men\u00fcs zur Auswahl, darunter ein vegetarisches. Das Mittagessen kostet zurzeit 4,50 EUR.<\/p>\n<p>&nbsp;<\/p>\n<p>&nbsp;<\/p>\n<p>&nbsp;<\/p>\n<p>Das Essen kann jeweils am Vortag bis 12 Uhr \u00fcber den Terminal im Schulgeb\u00e4ude oder \u00fcber das Internet bestellt und storniert werden. Bestellt wird \u00fcber die Website <a href=\"https:\/\/www.meinessen.net\/LKLeer\/Vorbesteller\/Default.aspx\">www.meinessen.net<\/a> (Login gem\u00e4\u00df Mensakarte). Die Chipkarten f\u00fcr die Bestellung gibt es im Sekretariat der Schule. Um diese zu nutzen, muss vorab ein Geldbetrag auf folgendes Konto \u00fcberwiesen werden: Landkreis Leer, DE79 2855 0000 0000 8033 61, Verwendungszweck: Benutzer\/Kartennummer. Alternativ ist ein Aufladen \u00fcber paypal m\u00f6glich.<\/p>\n<p>Weiterhin kann auch am Mensa-Tresen mit Bargeld eine Essensmarke erstanden werden (bis 11:45 Uhr des Vortages).<\/p>\n<p>F\u00fcr einkommensschwache Familien ist auf Antrag (dieser ist in der Schule erh\u00e4ltlich) eine Reduzierung des Preises auf 1 EUR Eigenanteil m\u00f6glich.<\/p>\n<p>&nbsp;<\/p>\n<p>&nbsp;<\/p>\n<figure id=\"attachment_7250\" aria-describedby=\"caption-attachment-7250\" style=\"width: 250px\" class=\"wp-caption alignright\"><a href=\"https:\/\/www.gymnasium-rhauderfehn.de\/wp-content\/uploads\/2015\/09\/mensa2.jpg\"><img loading=\"lazy\" decoding=\"async\" class=\"wp-image-7250 size-full\" src=\"https:\/\/www.gymnasium-rhauderfehn.de\/wp-content\/uploads\/2015\/09\/mensa2.jpg\" alt=\"mensa2\" width=\"250\" height=\"166\" \/><\/a><figcaption id=\"caption-attachment-7250\" class=\"wp-caption-text\">Essensausgabe<\/figcaption><\/figure>\n<p>Die Betriebsleiterin unserer Mensa bereitet zus\u00e4tzlich t\u00e4glich ein freiverk\u00e4ufliches Tagesangebot (5 Euro) zu. Die Gerichte werden 1-2 Wochen per Aushang in der Mensa angek\u00fcndigt und m\u00fcssen sp\u00e4testens um 10:30 Uhr desselben Tages in der Mensa bestellt werden.<br \/>\nAuch in den gro\u00dfen Pausen am Vormittag k\u00f6nnen die Sch\u00fcler*innen sich in der Mensa aufhalten; dann werden Snacks und Getr\u00e4nke angeboten.<\/p>\n<p>Sch\u00fcler*innen, die Freistunden haben, k\u00f6nnen diese ebenfalls in der Mensa verbringen, wenn sie nicht die Bibliothek oder das Selbstlernzentrum aufsuchen.<\/p>\n<p>&nbsp;<\/p>\n<figure id=\"attachment_7251\" aria-describedby=\"caption-attachment-7251\" style=\"width: 200px\" class=\"wp-caption alignleft\"><a href=\"https:\/\/www.gymnasium-rhauderfehn.de\/wp-content\/uploads\/2015\/09\/mensa3.jpg\"><img loading=\"lazy\" decoding=\"async\" class=\"wp-image-7251 size-full\" src=\"https:\/\/www.gymnasium-rhauderfehn.de\/wp-content\/uploads\/2015\/09\/mensa3.jpg\" alt=\"mensa3\" width=\"200\" height=\"150\" \/><\/a><figcaption id=\"caption-attachment-7251\" class=\"wp-caption-text\">Au\u00dfenbereich<\/figcaption><\/figure>\n<p>Besucher der Mensa beachten bitte die Einhaltung der <a href=\"https:\/\/www.gymnasium-rhauderfehn.de\/wp-content\/uploads\/2022\/03\/Mensaordnung-2.pdf\">Mensaordnung<\/a>.<\/p>\n<p>&nbsp;<\/p>\n<p>Die Mensa kann in Absprache mit der Mensaleitung und dem Hausmeister ab 17.00 Uhr f\u00fcr besondere Anl\u00e4sse (Klassenfeiern etc.) genutzt werden.<\/p>\n<p>Hier gehts zum <a href=\"https:\/\/www.gymnasium-rhauderfehn.de\/?page_id=7321\">Speiseplan<\/a>!<\/p>\n","protected":false},"excerpt":{"rendered":"<p>Die Mensa im Schulzentrum Rhauderfehn Im gro\u00dfz\u00fcgigen, lichtdurchfluteten Speisesaal des Schulzentrums k\u00f6nnen die Sch\u00fcler*innen aller Schulen an der Werftstra\u00dfe ihre Mittagsmahlzeit einnehmen. Zubereitet und geliefert wird das Essen von der Lebenshife Leer e.V.\u00a0 (www.lebenshilfe-leer.de). Es [&hellip;]<\/p>\n","protected":false},"author":1,"featured_media":0,"parent":18980,"menu_order":4,"comment_status":"closed","ping_status":"closed","template":"","meta":{"ngg_post_thumbnail":0,"footnotes":""},"class_list":["post-7246","page","type-page","status-publish","hentry"],"_links":{"self":[{"href":"https:\/\/www.gymnasium-rhauderfehn.de\/index.php?rest_route=\/wp\/v2\/pages\/7246","targetHints":{"allow":["GET"]}}],"collection":[{"href":"https:\/\/www.gymnasium-rhauderfehn.de\/index.php?rest_route=\/wp\/v2\/pages"}],"about":[{"href":"https:\/\/www.gymnasium-rhauderfehn.de\/index.php?rest_route=\/wp\/v2\/types\/page"}],"author":[{"embeddable":true,"href":"https:\/\/www.gymnasium-rhauderfehn.de\/index.php?rest_route=\/wp\/v2\/users\/1"}],"replies":[{"embeddable":true,"href":"https:\/\/www.gymnasium-rhauderfehn.de\/index.php?rest_route=%2Fwp%2Fv2%2Fcomments&post=7246"}],"version-history":[{"count":27,"href":"https:\/\/www.gymnasium-rhauderfehn.de\/index.php?rest_route=\/wp\/v2\/pages\/7246\/revisions"}],"predecessor-version":[{"id":21446,"href":"https:\/\/www.gymnasium-rhauderfehn.de\/index.php?rest_route=\/wp\/v2\/pages\/7246\/revisions\/21446"}],"up":[{"embeddable":true,"href":"https:\/\/www.gymnasium-rhauderfehn.de\/index.php?rest_route=\/wp\/v2\/pages\/18980"}],"wp:attachment":[{"href":"https:\/\/www.gymnasium-rhauderfehn.de\/index.php?rest_route=%2Fwp%2Fv2%2Fmedia&parent=7246"}],"curies":[{"name":"wp","href":"https:\/\/api.w.org\/{rel}","templated":true}]}}