{"id":7272,"date":"2015-09-22T22:24:36","date_gmt":"2015-09-22T20:24:36","guid":{"rendered":"http:\/\/192.168.2.108:8888\/?page_id=7272"},"modified":"2025-11-06T21:02:35","modified_gmt":"2025-11-06T20:02:35","slug":"schuelervertretung","status":"publish","type":"page","link":"https:\/\/www.gymnasium-rhauderfehn.de\/?page_id=7272","title":{"rendered":"Sch\u00fclervertretung"},"content":{"rendered":"<h1><\/h1>\n<p>&#8222;Was genau macht eigentlich die Sch\u00fclervertretung?&#8220; Diese oder \u00e4hnliche Fragen stellen sich viele Sch\u00fcler, wenn es in jedem neuen Schuljahr zur Wahl der Sch\u00fclervertreter der einzelnen Klassen kommt.<\/p>\n<p><strong>Ja, was machen wir und warum gibt es uns eigentlich?<\/strong><\/p>\n<p>An jeder allgemeinbildenden Schule in Deutschland ist laut Schulgesetz eine Vertretung der Sch\u00fclerschaft vorgesehen. Diese Sch\u00fclervertretung ist das Bindeglied zwischen der Sch\u00fclerschaft und den Lehrern. Sie vertritt vorrangig die Interessen der Sch\u00fcler. Die SV ist also auf der einen Seite eine Anlaufstelle f\u00fcr Sch\u00fcler, wenn diese Fragen oder Probleme haben, auf der anderen Seite aber nat\u00fcrlich auch Ansprechpartner f\u00fcr Lehrer oder die Schulleitung.<\/p>\n<p><a href=\"https:\/\/www.gymnasium-rhauderfehn.de\/?page_id=7922\">Die SV macht aber wesentlich mehr.<\/a> Wir sehen es als unsere Aufgabe an, das Schulleben durch die Organisation von kleinen Projekten, Aktionen, Schulveranstaltungen oder auch Gro\u00dfprojekten zu bereichern.<\/p>\n<p><strong>Durch die SV k\u00f6nnen wir Sch\u00fcler aktiv an der Gestaltung unserer Schule mitwirken.<\/strong><\/p>\n<p>Dies k\u00f6nnen wir zum Beispiel, indem wir<\/p>\n<ul>\n<li>Vorschl\u00e4ge f\u00fcr die Gestaltung des Schullebens machen<\/li>\n<li>bei regelm\u00e4\u00dfigen Treffen von der Schulleitung angeh\u00f6rt aber auch \u00fcber Angelegenheiten, die von allgemeiner Bedeutung sind, informiert werden<\/li>\n<li>Gremien, AGs, Referate und Organisationsgruppen bilden<\/li>\n<li>regelm\u00e4\u00dfige Sitzungen abhalten<\/li>\n<li>Vorschl\u00e4ge f\u00fcr Aktionen und Projekte machen.<\/li>\n<\/ul>\n<p>Die Rechte und Pflichten der Sch\u00fclervertretung sind auch im <a href=\"https:\/\/www.nds-voris.de\/jportal\/;jsessionid=8535E3C6E4C65ADF423A54D1F6956785.jp28?quelle=jlink&amp;query=SchulG+ND&amp;psml=bsvorisprod.psml&amp;max=true&amp;aiz=true#jlr-SchulGNDpG8\">nieders\u00e4chsischen Schulgesetz<\/a> festgehalten, <strong>denn wir sind ein wichtiger Teil der Schule<\/strong>.<\/p>\n<p>Wichtig f\u00fcr die Mitarbeit in der SV ist die Motivation unsere Schule <strong>aktiv mitzugestalten<\/strong> und sich f\u00fcr das, was uns betrifft, einzusetzen. Alles, die dazu Lust haben, k\u00f6nnen sich als Sch\u00fclervertreter ihrer Klasse w\u00e4hlen lassen und sich dann in der SV Vollversammlung zur Wahl in den Sprecherrat melden.<\/p>\n<p>Die SV-Vollversammlungen findet zu festgelegten Zeitpunkten im Schuljahr statt. Hier treffen alle Mitglieder der SV zusammen, um wichtige Angelegenheiten zu kl\u00e4ren, Ideen zu sammeln, Projekte auf den Weg zu bringen und die Meinung der Sch\u00fcler durch die jeweiligen Vertreter der Klasse zu sammeln. Mehr \u00fcber den Aufbau der SV erf\u00e4hrt man z. B. \u00fcber dieses <a href=\"https:\/\/www.gymnasium-rhauderfehn.de\/wp-content\/uploads\/2022\/04\/Aufbau-SV.pdf\">Schema<\/a>.<\/p>\n<p>Wie genau eine Sitzung abl\u00e4uft und wie abgestimmt wird, kann der <a href=\"https:\/\/www.gymnasium-rhauderfehn.de\/wp-content\/uploads\/2022\/07\/Geschaeftsordnung-SV-neu-1.pdf\">Gesch\u00e4ftsordnung<\/a> entnommen werden.<\/p>\n<p>Die <strong>Kontaktaufnahme mit der SV<\/strong> ist per Mail unter <a href=\"mailto:schuelervertretung@gymnasium-rhauderfehn.eu\">schueler.vertretung@gymnasium-rhauderfehn.eu<\/a> oder in den <strong>Sprechstunden (Montags in der ersten und Donnerstag in der zweiten gro\u00dfen Pause in B108)<\/strong> m\u00f6glich. Ihr d\u00fcrft nat\u00fcrlich auch jederzeit die <a href=\"https:\/\/www.gymnasium-rhauderfehn.de\/?page_id=7920\">Mitglieder des Sprecherrates<\/a> oder die SV-Beratungslehrerin Wiebke Rademacher pers\u00f6nlich ansprechen.<\/p>\n<hr \/>\n<h1>Weitere Informationen zur SV<\/h1><ul><li><a href = \"https:\/\/www.gymnasium-rhauderfehn.de\/?page_id=7920\">Sch\u00fclervertreter<\/a><\/li><li><a href = \"https:\/\/www.gymnasium-rhauderfehn.de\/?page_id=7922\">Aktivit\u00e4ten<\/a><\/li><\/ul>\n<p>&nbsp;<\/p>\n<p>&nbsp;<\/p>\n","protected":false},"excerpt":{"rendered":"<p>&#8222;Was genau macht eigentlich die Sch\u00fclervertretung?&#8220; Diese oder \u00e4hnliche Fragen stellen sich viele Sch\u00fcler, wenn es in jedem neuen Schuljahr zur Wahl der Sch\u00fclervertreter der einzelnen Klassen kommt. Ja, was machen wir und warum gibt [&hellip;]<\/p>\n","protected":false},"author":1,"featured_media":0,"parent":0,"menu_order":20,"comment_status":"closed","ping_status":"closed","template":"","meta":{"ngg_post_thumbnail":0,"footnotes":""},"class_list":["post-7272","page","type-page","status-publish","hentry"],"_links":{"self":[{"href":"https:\/\/www.gymnasium-rhauderfehn.de\/index.php?rest_route=\/wp\/v2\/pages\/7272","targetHints":{"allow":["GET"]}}],"collection":[{"href":"https:\/\/www.gymnasium-rhauderfehn.de\/index.php?rest_route=\/wp\/v2\/pages"}],"about":[{"href":"https:\/\/www.gymnasium-rhauderfehn.de\/index.php?rest_route=\/wp\/v2\/types\/page"}],"author":[{"embeddable":true,"href":"https:\/\/www.gymnasium-rhauderfehn.de\/index.php?rest_route=\/wp\/v2\/users\/1"}],"replies":[{"embeddable":true,"href":"https:\/\/www.gymnasium-rhauderfehn.de\/index.php?rest_route=%2Fwp%2Fv2%2Fcomments&post=7272"}],"version-history":[{"count":20,"href":"https:\/\/www.gymnasium-rhauderfehn.de\/index.php?rest_route=\/wp\/v2\/pages\/7272\/revisions"}],"predecessor-version":[{"id":22082,"href":"https:\/\/www.gymnasium-rhauderfehn.de\/index.php?rest_route=\/wp\/v2\/pages\/7272\/revisions\/22082"}],"wp:attachment":[{"href":"https:\/\/www.gymnasium-rhauderfehn.de\/index.php?rest_route=%2Fwp%2Fv2%2Fmedia&parent=7272"}],"curies":[{"name":"wp","href":"https:\/\/api.w.org\/{rel}","templated":true}]}}