{"id":7354,"date":"2015-09-25T16:44:03","date_gmt":"2015-09-25T14:44:03","guid":{"rendered":"http:\/\/localhost:8888\/?page_id=7354"},"modified":"2022-04-18T20:04:27","modified_gmt":"2022-04-18T18:04:27","slug":"berufsberatung","status":"publish","type":"page","link":"https:\/\/www.gymnasium-rhauderfehn.de\/?page_id=7354","title":{"rendered":"Berufs- und Studienorientierung"},"content":{"rendered":"<p>Das Albrecht-Weinberg-Gymnasium Rhauderfehn unterst\u00fctzt die Sch\u00fclerinnen und Sch\u00fcler bei der Berufs- und Studienorientierung.<\/p>\n<h1><\/h1><ul><li><a href = \"https:\/\/www.gymnasium-rhauderfehn.de\/?page_id=8346\">Angebote am Gymnasium<\/a><\/li><li><a href = \"https:\/\/www.gymnasium-rhauderfehn.de\/?page_id=8348\">Berufsberatung<\/a><\/li><li><a href = \"https:\/\/www.gymnasium-rhauderfehn.de\/?page_id=8350\">Links<\/a><\/li><\/ul>\n<hr>\n<div id=\"postlisting\"><h1>Aktuelle Beitr\u00e4ge zur Berufs- und Studienorientierung<\/h1><div class=\"plposts\"><div class=\"plposthead\"><h3><a href=\"https:\/\/www.gymnasium-rhauderfehn.de\/?p=22441\">Jg. 10 nimmt an den &#8222;Berufswelten&#8220; teil<\/a><\/h3><p class=\"info\"><i class=\"fa fa-calendar\"><\/i> 24. Februar 2026 <i class=\"fa fa-user\"><\/i> Imke Noormann<\/p><\/div><div class=\"plpostcontent\"><p class=\"content\">Der 24.02.2026 stand f\u00fcr den 10. Jahrgang ganz im Zeichen der beruflichen Orientierung. Wie in jedem Jahr haben unsere Sch\u00fcler*innen am Projekttag &#8222;Berufswelten&#8220; teilgenommen,\u00a0 der vom Verein Chance: Azubi e.V. organisiert wird. Im Zuge dieses [&hellip;]<\/p><\/div><\/div><div class=\"plposts\"><div class=\"plposthead\"><h3><a href=\"https:\/\/www.gymnasium-rhauderfehn.de\/?p=22348\">Jg. 11 teilt Praktikumserfahrungen<\/a><\/h3><p class=\"info\"><i class=\"fa fa-calendar\"><\/i> 16. Januar 2026 <i class=\"fa fa-user\"><\/i> Imke Noormann<\/p><\/div><div class=\"plpostcontent\"><p class=\"content\">Im vergangenen Herbst haben die 11. Klassen ihr Betriebspraktikum absolviert. Zu den dort gewonnen Erfahrungen haben die Elftkl\u00e4ssler*innen digitale Pr\u00e4sentationen, Flyer, Videos und Podcasts erstellt und im Zuge der diesj\u00e4hrigen Praktikumsmesse ausgestellt. Die Praktikumsmesse wurde [&hellip;]<\/p><\/div><\/div><div class=\"plposts\"><div class=\"plposthead\"><h3><a href=\"https:\/\/www.gymnasium-rhauderfehn.de\/?p=22254\">Besichtigung der Meyer Werft<\/a><\/h3><p class=\"info\"><i class=\"fa fa-calendar\"><\/i> 8. Dezember 2025 <i class=\"fa fa-user\"><\/i> Imke Noormann<\/p><\/div><div class=\"plpostcontent\"><p class=\"content\">Am 04.12.2025 stand f\u00fcr die 11. Klassen eine besondere Verbindung zwischen Theorie und Praxis auf dem Plan: Bei einer Betriebsbesichtigung der Meyer Werft in Papenburg konnten die Sch\u00fcler*innen einen der gr\u00f6\u00dften Arbeitgeber in der Region [&hellip;]<\/p><\/div><\/div><div class=\"plposts\"><div class=\"plposthead\"><h3><a href=\"https:\/\/www.gymnasium-rhauderfehn.de\/?p=22177\">Erasmus+ Auslandspraktika 2025 \u2013 AWG-Sch\u00fcler:innen sammeln europaweite Berufserfahrungen<\/a><\/h3><p class=\"info\"><i class=\"fa fa-calendar\"><\/i> 19. November 2025 <i class=\"fa fa-user\"><\/i> Melanie Rolfes<\/p><\/div><div class=\"plpostcontent\"><p class=\"content\">13 Sch\u00fcler:innen des Albrecht-Weinberg-Gymnasiums kehrten nach zwei- bis vierw\u00f6chigen Erasmus+-Praktika aus sieben europ\u00e4ischen L\u00e4ndern zur\u00fcck. Die Einsatzstellen zeigten eindrucksvoll, wie vielf\u00e4ltig berufliche Lernorte in Europa sein k\u00f6nnen:In Al\u00e8s (Frankreich) sammelten Marie, Laura, Julia und Charlotte [&hellip;]<\/p><\/div><\/div><div class=\"plposts\"><div class=\"plposthead\"><h3><a href=\"https:\/\/www.gymnasium-rhauderfehn.de\/?p=21845\">Studienfeldbezogener Beratungstest in Jg. 12<\/a><\/h3><p class=\"info\"><i class=\"fa fa-calendar\"><\/i> 26. Juni 2025 <i class=\"fa fa-user\"><\/i> Imke Noormann<\/p><\/div><div class=\"plpostcontent\"><p class=\"content\">Am 25. und 26. Mai haben rund 35 Sch\u00fcler*innen des Jahrgangs 12 die M\u00f6glichkeit genutzt, am Studienfeldbezogenen Beratungstest (SFBT) teilzunehmen. Im Rahmen dieses Angebots, das das AWG in Kooperation mit der Agentur f\u00fcr Arbeit j\u00e4hrlich [&hellip;]<\/p><\/div><\/div><div class=\"plposts\"><div class=\"plposthead\"><h3><a href=\"https:\/\/www.gymnasium-rhauderfehn.de\/?p=21511\">Berufliche Orientierung: Startschuss f\u00fcr Jg. 9<\/a><\/h3><p class=\"info\"><i class=\"fa fa-calendar\"><\/i> 4. April 2025 <i class=\"fa fa-user\"><\/i> Imke Noormann<\/p><\/div><div class=\"plpostcontent\"><p class=\"content\">Vom 02. bis 04.04.2025 fand das BO-Projekt f\u00fcr die Jahrgangsstufe 9 statt, das am AWG gleichzeitig den Startschuss f\u00fcr die Berufsorientierung im schulischen Kontext darstellt. Im Rahmen des Projektes haben die Sch\u00fcler*innen unseren Berufsberater Joachim [&hellip;]<\/p><\/div><\/div><\/div>\n<p>&nbsp;<\/p>\n","protected":false},"excerpt":{"rendered":"<p>Das Albrecht-Weinberg-Gymnasium Rhauderfehn unterst\u00fctzt die Sch\u00fclerinnen und Sch\u00fcler bei der Berufs- und Studienorientierung. &nbsp;<\/p>\n","protected":false},"author":1,"featured_media":0,"parent":84,"menu_order":3,"comment_status":"closed","ping_status":"closed","template":"","meta":{"ngg_post_thumbnail":0,"footnotes":""},"class_list":["post-7354","page","type-page","status-publish","hentry"],"_links":{"self":[{"href":"https:\/\/www.gymnasium-rhauderfehn.de\/index.php?rest_route=\/wp\/v2\/pages\/7354","targetHints":{"allow":["GET"]}}],"collection":[{"href":"https:\/\/www.gymnasium-rhauderfehn.de\/index.php?rest_route=\/wp\/v2\/pages"}],"about":[{"href":"https:\/\/www.gymnasium-rhauderfehn.de\/index.php?rest_route=\/wp\/v2\/types\/page"}],"author":[{"embeddable":true,"href":"https:\/\/www.gymnasium-rhauderfehn.de\/index.php?rest_route=\/wp\/v2\/users\/1"}],"replies":[{"embeddable":true,"href":"https:\/\/www.gymnasium-rhauderfehn.de\/index.php?rest_route=%2Fwp%2Fv2%2Fcomments&post=7354"}],"version-history":[{"count":32,"href":"https:\/\/www.gymnasium-rhauderfehn.de\/index.php?rest_route=\/wp\/v2\/pages\/7354\/revisions"}],"predecessor-version":[{"id":7424,"href":"https:\/\/www.gymnasium-rhauderfehn.de\/index.php?rest_route=\/wp\/v2\/pages\/7354\/revisions\/7424"}],"up":[{"embeddable":true,"href":"https:\/\/www.gymnasium-rhauderfehn.de\/index.php?rest_route=\/wp\/v2\/pages\/84"}],"wp:attachment":[{"href":"https:\/\/www.gymnasium-rhauderfehn.de\/index.php?rest_route=%2Fwp%2Fv2%2Fmedia&parent=7354"}],"curies":[{"name":"wp","href":"https:\/\/api.w.org\/{rel}","templated":true}]}}