{"id":7590,"date":"2015-11-01T12:34:55","date_gmt":"2015-11-01T11:34:55","guid":{"rendered":"https:\/\/www.gymnasium-rhauderfehn.de\/?page_id=7590"},"modified":"2025-02-02T09:23:55","modified_gmt":"2025-02-02T08:23:55","slug":"internationale-kontakte","status":"publish","type":"page","link":"https:\/\/www.gymnasium-rhauderfehn.de\/?page_id=7590","title":{"rendered":"Internationale Kontakte"},"content":{"rendered":"<h1>\u00dcbersicht \u00fcber unsere internationalen Kontakte:<\/h1>\n<p>&nbsp;<\/p>\n<p>Wer &#8222;internationale Luft&#8220; schnuppern will, hat am Albrecht-Weinberg-Gymnasium Rhauderfehn viele M\u00f6glichkeiten. Im Rahmen unserer verschiedenen Austauschfahrten (z.B. im Rahmen von Erasmus+, dem Franz\u00f6sisch- oder Schwedenaustausch) k\u00f6nnen unsere Sch\u00fclerinnen und Sch\u00fcler f\u00fcr eine kurze Zeit in Gastfamilien den Alltag anderer L\u00e4nder und Kulturen kennenlernen. Als Gastfamilie beim Gegenbesuch in Deutschland wird der Kontakt gefestigt.<\/p>\n<p>Aber auch l\u00e4ngere Kontakte sind eine wunderbare M\u00f6glichkeit, internationale Kontakte zu kn\u00fcpfen. Unsere Sch\u00fclerinnen und Sch\u00fcler k\u00f6nnen f\u00fcr mehrere Monate im Ausland zur Schule gehen, ihr Betriebspraktikum absolvieren oder selbst als Gastfamilie einen Gastsch\u00fcler f\u00fcr mehrere Monate bis hin zu einem Schuljahr zu Hause aufnehmen. Die verschiedenen gemeinn\u00fctzigen Organisationen stehen dabei beratend und unterst\u00fctzend zur Seite. Weitere Informationen erteilen <a href=\"mailto:melanie.rolfes@gymnasium-rhauderfehn.eu\">Frau Rolfes<\/a>\u00a0 und <a href=\"mailto:katrin.marinesse@gymnasium-rhauderfehn.eu\">Frau Marinesse<\/a>.<\/p>\n<p>Hier ein paar Beispiele:<\/p>\n<p>Jeelka Hessenius berichtet \u00fcber ihre Zeit in Spanien w\u00e4hrend der Corona-Pandemie im Fr\u00fchjahr 2020: <a href=\"https:\/\/www.gymnasium-rhauderfehn.de\/wp-content\/uploads\/2020\/09\/Spanien-Erfahrungsbericht-Jeelka.pdf\">Spanien Erfahrungsbericht Jeelka<\/a><\/p>\n<p>Fenja Rohden war einige Monate in Dover, GB, in einer Gastfamilie: <a href=\"https:\/\/www.gymnasium-rhauderfehn.de\/wp-content\/uploads\/2022\/10\/Erfahrungsbericht-Fenja-Rohden-.pdf\">Erfahrungsbericht Fenja Rohden<\/a><\/p>\n<p>&nbsp;<\/p>\n<h1><\/h1><ul><li><a href = \"https:\/\/www.gymnasium-rhauderfehn.de\/?page_id=8255\">Sch\u00fcleraustausch mit Mariestad (Schweden)<\/a><\/li><\/ul>\n","protected":false},"excerpt":{"rendered":"<p>\u00dcbersicht \u00fcber unsere internationalen Kontakte: &nbsp; Wer &#8222;internationale Luft&#8220; schnuppern will, hat am Albrecht-Weinberg-Gymnasium Rhauderfehn viele M\u00f6glichkeiten. Im Rahmen unserer verschiedenen Austauschfahrten (z.B. im Rahmen von Erasmus+, dem Franz\u00f6sisch- oder Schwedenaustausch) k\u00f6nnen unsere Sch\u00fclerinnen und [&hellip;]<\/p>\n","protected":false},"author":1,"featured_media":0,"parent":224,"menu_order":2,"comment_status":"closed","ping_status":"closed","template":"","meta":{"ngg_post_thumbnail":0,"footnotes":""},"class_list":["post-7590","page","type-page","status-publish","hentry"],"_links":{"self":[{"href":"https:\/\/www.gymnasium-rhauderfehn.de\/index.php?rest_route=\/wp\/v2\/pages\/7590","targetHints":{"allow":["GET"]}}],"collection":[{"href":"https:\/\/www.gymnasium-rhauderfehn.de\/index.php?rest_route=\/wp\/v2\/pages"}],"about":[{"href":"https:\/\/www.gymnasium-rhauderfehn.de\/index.php?rest_route=\/wp\/v2\/types\/page"}],"author":[{"embeddable":true,"href":"https:\/\/www.gymnasium-rhauderfehn.de\/index.php?rest_route=\/wp\/v2\/users\/1"}],"replies":[{"embeddable":true,"href":"https:\/\/www.gymnasium-rhauderfehn.de\/index.php?rest_route=%2Fwp%2Fv2%2Fcomments&post=7590"}],"version-history":[{"count":15,"href":"https:\/\/www.gymnasium-rhauderfehn.de\/index.php?rest_route=\/wp\/v2\/pages\/7590\/revisions"}],"predecessor-version":[{"id":21262,"href":"https:\/\/www.gymnasium-rhauderfehn.de\/index.php?rest_route=\/wp\/v2\/pages\/7590\/revisions\/21262"}],"up":[{"embeddable":true,"href":"https:\/\/www.gymnasium-rhauderfehn.de\/index.php?rest_route=\/wp\/v2\/pages\/224"}],"wp:attachment":[{"href":"https:\/\/www.gymnasium-rhauderfehn.de\/index.php?rest_route=%2Fwp%2Fv2%2Fmedia&parent=7590"}],"curies":[{"name":"wp","href":"https:\/\/api.w.org\/{rel}","templated":true}]}}