{"id":7920,"date":"2015-11-16T15:57:49","date_gmt":"2015-11-16T14:57:49","guid":{"rendered":"https:\/\/www.gymnasium-rhauderfehn.de\/?page_id=7920"},"modified":"2025-11-06T21:00:40","modified_gmt":"2025-11-06T20:00:40","slug":"schuelervertreter","status":"publish","type":"page","link":"https:\/\/www.gymnasium-rhauderfehn.de\/?page_id=7920","title":{"rendered":"Sch\u00fclervertreter"},"content":{"rendered":"<h2 style=\"text-align: center;\">Auf dieser Seite lernt ihr die verschiedenen Mitglieder der Sch\u00fclervertretung kennen.<\/h2>\n<figure id=\"attachment_22080\" aria-describedby=\"caption-attachment-22080\" style=\"width: 323px\" class=\"wp-caption aligncenter\"><a href=\"https:\/\/www.gymnasium-rhauderfehn.de\/wp-content\/uploads\/2025\/11\/PHOTO-2025-09-29-20-10-26-1.jpg\"><img loading=\"lazy\" decoding=\"async\" class=\" wp-image-22080\" src=\"https:\/\/www.gymnasium-rhauderfehn.de\/wp-content\/uploads\/2025\/11\/PHOTO-2025-09-29-20-10-26-1-300x225.jpg\" alt=\"\" width=\"323\" height=\"242\" srcset=\"https:\/\/www.gymnasium-rhauderfehn.de\/wp-content\/uploads\/2025\/11\/PHOTO-2025-09-29-20-10-26-1-300x225.jpg 300w, https:\/\/www.gymnasium-rhauderfehn.de\/wp-content\/uploads\/2025\/11\/PHOTO-2025-09-29-20-10-26-1-1024x768.jpg 1024w, https:\/\/www.gymnasium-rhauderfehn.de\/wp-content\/uploads\/2025\/11\/PHOTO-2025-09-29-20-10-26-1-768x576.jpg 768w, https:\/\/www.gymnasium-rhauderfehn.de\/wp-content\/uploads\/2025\/11\/PHOTO-2025-09-29-20-10-26-1-1536x1152.jpg 1536w, https:\/\/www.gymnasium-rhauderfehn.de\/wp-content\/uploads\/2025\/11\/PHOTO-2025-09-29-20-10-26-1.jpg 2048w\" sizes=\"auto, (max-width: 323px) 100vw, 323px\" \/><\/a><figcaption id=\"caption-attachment-22080\" class=\"wp-caption-text\">Die Sch\u00fclervertretung des Albrecht-Weinberg-Gymnasium im Schuljahr 25\/26<\/figcaption><\/figure>\n<p>&nbsp;<\/p>\n<p style=\"text-align: left;\">Die Sch\u00fclervertretung des Albrecht-Weinberg-Gymnasium Rhauderfehn setzt sich zusammen aus zwei gew\u00e4hlten Sch\u00fclervertreter*innen aus jeder Klasse unserer Schule. In der Oberstufe gibt es pro 20 Sch\u00fcler*innen einen Sch\u00fclervertreter\/ eine Sch\u00fclervertreterin. Die gesamte Sch\u00fclervertretung trifft sich mehrmals im Schuljahr zu Vollversammlungen, zum Beispiel um den Sch\u00fclersprecherrat und die Sch\u00fclersprecher zu w\u00e4hlen, sich \u00fcber die wichtigsten Anliegen der Sch\u00fcler*innen auszutauschen und um \u00fcber verschiedene Entscheidungen zu informieren.<\/p>\n<figure id=\"attachment_22079\" aria-describedby=\"caption-attachment-22079\" style=\"width: 308px\" class=\"wp-caption alignleft\"><a href=\"https:\/\/www.gymnasium-rhauderfehn.de\/wp-content\/uploads\/2025\/11\/PHOTO-2025-09-29-20-10-25-2.jpg\"><img loading=\"lazy\" decoding=\"async\" class=\"wp-image-22079 \" src=\"https:\/\/www.gymnasium-rhauderfehn.de\/wp-content\/uploads\/2025\/11\/PHOTO-2025-09-29-20-10-25-2-300x225.jpg\" alt=\"\" width=\"308\" height=\"231\" srcset=\"https:\/\/www.gymnasium-rhauderfehn.de\/wp-content\/uploads\/2025\/11\/PHOTO-2025-09-29-20-10-25-2-300x225.jpg 300w, https:\/\/www.gymnasium-rhauderfehn.de\/wp-content\/uploads\/2025\/11\/PHOTO-2025-09-29-20-10-25-2-1024x768.jpg 1024w, https:\/\/www.gymnasium-rhauderfehn.de\/wp-content\/uploads\/2025\/11\/PHOTO-2025-09-29-20-10-25-2-768x576.jpg 768w, https:\/\/www.gymnasium-rhauderfehn.de\/wp-content\/uploads\/2025\/11\/PHOTO-2025-09-29-20-10-25-2-1536x1152.jpg 1536w, https:\/\/www.gymnasium-rhauderfehn.de\/wp-content\/uploads\/2025\/11\/PHOTO-2025-09-29-20-10-25-2.jpg 1600w\" sizes=\"auto, (max-width: 308px) 100vw, 308px\" \/><\/a><figcaption id=\"caption-attachment-22079\" class=\"wp-caption-text\">Der Sprecherrat 25\/26: Femke Pohl, Charlotte Kuhlemann, S\u00f6nke Thoben, Nienke Berghaus, Frau Rademacher, Theke Berghaus, Tom Schneider. Es fehlt Lars Kuhlemann.<\/figcaption><\/figure>\n<p style=\"text-align: left;\">Der Sch\u00fclersprecherrat wird gew\u00e4hlt aus den Sch\u00fclervertretern aller Klassen des Albrecht- Weinberg-Gymnasiums Rhauderfehn und ist das Sprachrohr der Sch\u00fclervertretung. Wir treffen uns regelm\u00e4\u00dfig und besprechen aktuelle Themen des Schullebens. Au\u00dferdem engagieren wir uns f\u00fcr die Belange der Sch\u00fclerinnen und Sch\u00fcler, planen verschiedene Aktionen,\u00a0 und besprechen regelm\u00e4\u00dfig die Ideen und Probleme mit Lehrern und Schulleitung.<\/p>\n<p>Derzeit setzt sich der Sprecherrat zusammen aus Tom Schneider (Jg.11), Charlotte Kuhlemann, S\u00f6nke Thoben (Jg. 10), Femke Pohl (Jg. 9), Lars Kuhlemann (Jg. 9), Nienke Berghaus (Jg.9) \u00a0und den beiden Sch\u00fclersprechern.<\/p>\n<figure id=\"attachment_22078\" aria-describedby=\"caption-attachment-22078\" style=\"width: 225px\" class=\"wp-caption alignright\"><a href=\"https:\/\/www.gymnasium-rhauderfehn.de\/wp-content\/uploads\/2025\/11\/PHOTO-2025-09-29-20-10-25-4.jpg\"><img loading=\"lazy\" decoding=\"async\" class=\"size-medium wp-image-22078\" src=\"https:\/\/www.gymnasium-rhauderfehn.de\/wp-content\/uploads\/2025\/11\/PHOTO-2025-09-29-20-10-25-4-225x300.jpg\" alt=\"\" width=\"225\" height=\"300\" srcset=\"https:\/\/www.gymnasium-rhauderfehn.de\/wp-content\/uploads\/2025\/11\/PHOTO-2025-09-29-20-10-25-4-225x300.jpg 225w, https:\/\/www.gymnasium-rhauderfehn.de\/wp-content\/uploads\/2025\/11\/PHOTO-2025-09-29-20-10-25-4-768x1024.jpg 768w, https:\/\/www.gymnasium-rhauderfehn.de\/wp-content\/uploads\/2025\/11\/PHOTO-2025-09-29-20-10-25-4-1152x1536.jpg 1152w, https:\/\/www.gymnasium-rhauderfehn.de\/wp-content\/uploads\/2025\/11\/PHOTO-2025-09-29-20-10-25-4.jpg 1200w\" sizes=\"auto, (max-width: 225px) 100vw, 225px\" \/><\/a><figcaption id=\"caption-attachment-22078\" class=\"wp-caption-text\">Unsere beiden Sch\u00fclersprecherinnen Charlotte Kuhlemann und Theske Berghaus<\/figcaption><\/figure>\n<p>&nbsp;<\/p>\n<p style=\"text-align: left;\">Unsere beiden Sch\u00fclersprecherinnen Theske Berghaus (Jg. 13) und Charlotte Kuhlemann (Jg. 11) wurden aus der Mitte der Sch\u00fclervertreter gew\u00e4hlt. Sie bleiben im Amt, bis sie die Schule verlassen oder freiwillig zur\u00fccktreten (h\u00f6chsten aber 3 Jahre), danach kann neu gew\u00e4hlt werden. Die Sch\u00fclersprecher*innen erscheinen zu regelm\u00e4\u00dfigen Treffen mit der Schulleitung, \u00fcbernehmen Verantwortung im Sprecherrat und engagieren sich im besonderen Ma\u00dfe f\u00fcr die Sch\u00fclervertretung.<\/p>\n<p>&nbsp;<\/p>\n<p>&nbsp;<\/p>\n<p>&nbsp;<\/p>\n<p>&nbsp;<\/p>\n<p style=\"text-align: left;\">Frau Rademacher wurde von der SV Vollversammlung als SV Beratungslehrerin gew\u00e4hlt. Sie ist bei den regelm\u00e4\u00dfigen Treffen dabei und unterst\u00fctzt die SV bei ihren Anliegen und der Organisation der verschiedenen Aktionen.<\/p>\n","protected":false},"excerpt":{"rendered":"<p>Auf dieser Seite lernt ihr die verschiedenen Mitglieder der Sch\u00fclervertretung kennen. &nbsp; Die Sch\u00fclervertretung des Albrecht-Weinberg-Gymnasium Rhauderfehn setzt sich zusammen aus zwei gew\u00e4hlten Sch\u00fclervertreter*innen aus jeder Klasse unserer Schule. In der Oberstufe gibt es pro [&hellip;]<\/p>\n","protected":false},"author":1,"featured_media":0,"parent":7272,"menu_order":1,"comment_status":"closed","ping_status":"closed","template":"","meta":{"ngg_post_thumbnail":0,"footnotes":""},"class_list":["post-7920","page","type-page","status-publish","hentry"],"_links":{"self":[{"href":"https:\/\/www.gymnasium-rhauderfehn.de\/index.php?rest_route=\/wp\/v2\/pages\/7920","targetHints":{"allow":["GET"]}}],"collection":[{"href":"https:\/\/www.gymnasium-rhauderfehn.de\/index.php?rest_route=\/wp\/v2\/pages"}],"about":[{"href":"https:\/\/www.gymnasium-rhauderfehn.de\/index.php?rest_route=\/wp\/v2\/types\/page"}],"author":[{"embeddable":true,"href":"https:\/\/www.gymnasium-rhauderfehn.de\/index.php?rest_route=\/wp\/v2\/users\/1"}],"replies":[{"embeddable":true,"href":"https:\/\/www.gymnasium-rhauderfehn.de\/index.php?rest_route=%2Fwp%2Fv2%2Fcomments&post=7920"}],"version-history":[{"count":18,"href":"https:\/\/www.gymnasium-rhauderfehn.de\/index.php?rest_route=\/wp\/v2\/pages\/7920\/revisions"}],"predecessor-version":[{"id":22081,"href":"https:\/\/www.gymnasium-rhauderfehn.de\/index.php?rest_route=\/wp\/v2\/pages\/7920\/revisions\/22081"}],"up":[{"embeddable":true,"href":"https:\/\/www.gymnasium-rhauderfehn.de\/index.php?rest_route=\/wp\/v2\/pages\/7272"}],"wp:attachment":[{"href":"https:\/\/www.gymnasium-rhauderfehn.de\/index.php?rest_route=%2Fwp%2Fv2%2Fmedia&parent=7920"}],"curies":[{"name":"wp","href":"https:\/\/api.w.org\/{rel}","templated":true}]}}