{"id":7958,"date":"2016-01-04T16:41:38","date_gmt":"2016-01-04T15:41:38","guid":{"rendered":"https:\/\/www.gymnasium-rhauderfehn.de\/?page_id=7958"},"modified":"2023-09-20T08:21:27","modified_gmt":"2023-09-20T06:21:27","slug":"begabtenfoerderung","status":"publish","type":"page","link":"https:\/\/www.gymnasium-rhauderfehn.de\/?page_id=7958","title":{"rendered":"Begabtenf\u00f6rderung"},"content":{"rendered":"<blockquote><p>\u201eDie Dogmatisierung von \u201eGleichheit\u201c und Gleichberechtigung f\u00fchrt dann zu neuer Ungerechtigkeit, wenn damit die Unterschiedlichkeit aus den Augen verloren wird und somit eine optimale F\u00f6rderung und Entwicklung der Verschiedenen verfehlt wird.\u201c<\/p>\n<p>(Nieders\u00e4chsisches Kultusministerium, Sept. 2006)<\/p><\/blockquote>\n<hr \/>\n<p>Diesen Gedanken greift das Albrecht-Weinberg-Gymnasium Rhauderfehn auf, indem es in Form von F\u00f6rderstunden leistungsschw\u00e4chere Sch\u00fcler:innen unterst\u00fctzt.<\/p>\n<p>Leistungsstarke Sch\u00fcler:innen werden aber ebenso \u201ein den Blick\u201c genommen. Die Schule versucht sie zu motivieren und ihnen M\u00f6glichkeiten zu einer positiven pers\u00f6nlichen Entwicklung zu geben. Dies geschieht durch zahlreiche Angebote, aber auch durch eine Schulphilosophie, die die Eigenst\u00e4ndigkeit und Kreativit\u00e4t der Sch\u00fcler:innen f\u00f6rdert, indem beispielsweise ihr Mitbestimmungsrecht\u00a0 durch einen Sch\u00fclerrat unterst\u00fctzt wird, von Sch\u00fcler:innen initiierte Projekte begr\u00fc\u00dft werden und durch Austauschprogramme interkulturelle Kontakte erm\u00f6glicht werden.<\/p>\n<p>Bei Fragen zum Thema oder zu den Angeboten wenden Sie sich\/wendet Euch bitte an <a href=\"mailto:herma.jans@gymnasium-rhauderfehn.eu\">herma.jans@gymnasium-rhauderfehn.eu<\/a><\/p>\n<h1>Kooperationsverbund<\/h1>\n<p>Das Albrecht-Weinberg Gymnasium Rhauderfehn arbeitet in einem Kooperationsverbund mit den Grundschulen Ostrhauderfehn und Flachsmeer zusammen. Ziel des Verbundes ist ein fr\u00fchzeitiges Erkennen und kontinuierliches F\u00f6rdern besonderer Begabungen. Die Arbeit des Kooperationverbundes wird durch eine Steuergruppe koordiniert, in der Vertreter:innen aller Schulen vertreten sind.<\/p>\n<h1>Auswahl der Sch\u00fcler:innen<\/h1>\n<p>Die f\u00fcr die F\u00f6rderung in Frage kommenden Sch\u00fclerinnen und Sch\u00fcler werden durch die sie unterrichtenden Lehrkr\u00e4fte ausgew\u00e4hlt. Dies geschieht in der Regel anl\u00e4sslich der p\u00e4dagogischen Dienstbesprechungen. In diesem Gremium kann nicht nur \u00fcber das Notenbild, sondern auch durch die Beobachtung im Unterricht eine p\u00e4dagogische Entscheidung zur Empfehlung der F\u00f6rderung getroffen werden. Besondere Begabungen in einzelnen Fachbereichen k\u00f6nnen so erkannt und speziell gef\u00f6rdert werden. Intelligenztests und psychologische Gutachten spielen bei der Auswahl der gef\u00f6rderten Sch\u00fcler:innen\u00a0 keine Rolle.<\/p>\n<p>Aus Sicht der Schule soll als besonders begabt ein junger Mensch angesehen werden, der dauerhaft Leistungen auf einem oder mehreren Wissensgebieten zeigt, die \u00fcber das Niveau seines Jahrgangs hinausgehen und der durch ungew\u00f6hnliche \u00c4u\u00dferungen verbl\u00fcfft, die auf tiefgehendes Verst\u00e4ndnis oder kreative Probleml\u00f6sung schlie\u00dfen lassen. Einen qualitativen Sprung zwischen Begabten und Hochbegabten gibt es nicht, die Grenzen sind kontinuierlich. An unserer Schule wird deshalb allgemein von besonders Begabten gesprochen.<\/p>\n<p>Die Sch\u00fclerinnen und Sch\u00fcler, die in der p\u00e4dagogischen Dienstbesprechung benannt werden, bekommen die M\u00f6glichkeit, aus dem Programm zur Begabtenf\u00f6rderung ein f\u00fcr sie geeignetes Projekt zu w\u00e4hlen (siehe F\u00f6rderung durch Enrichment).<\/p>\n<h1>F\u00f6rderung durch Enrichment<\/h1>\n<p>Als favorisiertes Modell zur F\u00f6rderung besonders Begabter dient ein sogenanntes Enrichment-Programm. In diesem werden Inhalte thematisiert, die im normalen Unterricht nicht vorkommen. Enrichment (\u201eBereicherung\u201c) ersetzt also nicht das \u00fcbliche Unterrichtsangebot, sondern es erg\u00e4nzt es.<\/p>\n<p>Die Enrichmentangebote werden auf unterschiedliche Weise organisiert. Es gibt \u201ePull-out-Angebote\u201c, AGs oder Blockseminare und auch Mischformen.<\/p>\n<p>Erl\u00e4uterung zu den Organisationsformen:<\/p>\n<ul>\n<li>\u201ePull-out\u201c<br \/>\nSch\u00fcler:innen arbeiten an einem Wettbewerb oder einem Projekt unter Betreuung einer Lehrkraft w\u00e4hrend der regul\u00e4ren Unterrichtszeit. Der vers\u00e4umte Unterrichtsstoff muss selbstst\u00e4ndig nachgeholt werden.<\/li>\n<li>AG<br \/>\nSch\u00fcler:innen arbeiten in einer AG, die speziell f\u00fcr besonders Begabte eingerichtet wird. Das Lern- und Arbeitstempo sowie das Niveau sind auf \u201eSchnell-Lernende\u201c abgestimmt. Die Kursst\u00e4rke sollte eine Gr\u00f6\u00dfe von 10-12 Personen nicht \u00fcberschreiten.<\/li>\n<li>Blockseminare<br \/>\nSch\u00fcler:innen arbeiten 2-3 Tage intensiv an einem Thema. Sie werden hierf\u00fcr vom Schulunterricht freigestellt.<\/li>\n<\/ul>\n<p>Unser Programm des Schuljahres 2023-24 findet sich<a href=\"https:\/\/www.gymnasium-rhauderfehn.de\/wp-content\/uploads\/2023\/09\/Projekte-2023-24.pdf\"> hier<\/a>.<\/p>\n<p>Akademien:<\/p>\n<p>Bei den Sch\u00fcler:innenakademien handelt es sich um au\u00dferschulische Programme zur F\u00f6rderung besonders begabter Sch\u00fcler:innen. Ihnen wird damit ein Rahmen zur Entfaltung ihrer Kreativit\u00e4t und ihrer Begabungen geboten. Es werden Kurse mit unterschiedlicher thematischer Ausrichtung angeboten.<\/p>\n<p><a href=\"https:\/\/www.deutsche-juniorakademien.de\/index.php?page=dja_termine_ns\">Deutsche JuniorAkademie\u00a0 <\/a>Das Angebot richtet sich an Sch\u00fcler:innen der Jahrg\u00e4nge 8-10.<\/p>\n<p><a href=\"http:\/\/www.deutsche-schuelerakademie.de\/\">Deutsche Sch\u00fclerakademie<\/a> Das Angebot richtet sich an Sch\u00fcler:innen des 12. Jahrgangs.<\/p>\n<p>Projektberichte:<\/p>\n<p>Hier kann ein Einblick in\u00a0einzelne Projekte vergangener Schuljahre gewonnen werden:<\/p>\n<ul>\n<li><a href=\"https:\/\/www.gymnasium-rhauderfehn.de\/wp-content\/uploads\/2016\/01\/Alte-Rechenmethoden-Unterricht-im-Schulmuseum.pdf\">Alte Rechenmethoden &#8211; Unterricht im Schulmuseum<\/a><\/li>\n<li><a href=\"https:\/\/www.gymnasium-rhauderfehn.de\/?p=14163\">Exkursion Westerhever<\/a><\/li>\n<\/ul>\n<h1>F\u00f6rderung durch Acceleration<\/h1>\n<p>Acceleration, d.h. das \u00dcberspringen eines Schuljahres, z\u00e4hlt ebenfalls zu den Begabtenf\u00f6rderma\u00dfnahmen unserer Schule.<\/p>\n<p>In den Verordnungen \u00fcber die Durchl\u00e4ssigkeit sowie \u00fcber Versetzungen und \u00dcberweisungen an den allgemein bildenden Schulen (Durchl\u00e4ssigkeits- und Versetzungsverordnung) wird in \u00a76 geregelt, dass auf Beschluss der Klassenkonferenz und mit Einverst\u00e4ndnis der Erziehungsberechtigten ein Sch\u00fcler einen Schuljahrgang \u00fcberspringen kann, wenn er nach den gezeigten Leistungen und bei W\u00fcrdigung der Gesamtpers\u00f6nlichkeit f\u00e4hig erscheint, nach einer \u00dcbergangszeit in dem k\u00fcnftigen Schuljahrgang erfolgreich mitzuarbeiten.<\/p>\n<p>Die Sch\u00fcler:innen, die diese M\u00f6glichkeit in Anspruch nehmen, werden intensiv beraten und der Einstieg in die h\u00f6here Jahrgangsstufe wird p\u00e4dagogisch begleitet. Grunds\u00e4tzlich gilt an unserer Schule jedoch der Grundsatz:<\/p>\n<p style=\"text-align: center;\"><strong><em>Enrichment vor Acceleration.<\/em><\/strong><\/p>\n<h1>Weiterf\u00fchrende Links:<\/h1>\n<p><a href=\"http:\/\/www.mk.niedersachsen.de\/startseite\/schule\/lehrkraefte\/unterricht\/begabungsfoerderung\/begabungsfoerderung--6499.html\">Begabungen erkennen und f\u00f6rdern (Brosch\u00fcre des nieders\u00e4chsischen Kultusministeriums)<\/a><\/p>\n<h1>Unterst\u00fctzung:<\/h1>\n<p><span class=\"alignleft\">Die Projekte der Begabtenf\u00f6rderung werden vom F\u00f6rderverein unserer Schule unterst\u00fctzt.<\/span><\/p>\n<h1><\/h1>\n<h1><\/h1>\n<h1><\/h1>\n<h1><\/h1>\n<h1><\/h1>\n<h1><\/h1>\n<div class=\"rg_ilmbg\"><\/div>\n<h1><\/h1>\n<p>&nbsp;<\/p>\n<h1><\/h1>\n<p>&nbsp;<\/p>\n","protected":false},"excerpt":{"rendered":"<p>\u201eDie Dogmatisierung von \u201eGleichheit\u201c und Gleichberechtigung f\u00fchrt dann zu neuer Ungerechtigkeit, wenn damit die Unterschiedlichkeit aus den Augen verloren wird und somit eine optimale F\u00f6rderung und Entwicklung der Verschiedenen verfehlt wird.\u201c (Nieders\u00e4chsisches Kultusministerium, Sept. 2006) [&hellip;]<\/p>\n","protected":false},"author":1,"featured_media":0,"parent":19004,"menu_order":2,"comment_status":"closed","ping_status":"closed","template":"","meta":{"ngg_post_thumbnail":0,"footnotes":""},"class_list":["post-7958","page","type-page","status-publish","hentry"],"_links":{"self":[{"href":"https:\/\/www.gymnasium-rhauderfehn.de\/index.php?rest_route=\/wp\/v2\/pages\/7958","targetHints":{"allow":["GET"]}}],"collection":[{"href":"https:\/\/www.gymnasium-rhauderfehn.de\/index.php?rest_route=\/wp\/v2\/pages"}],"about":[{"href":"https:\/\/www.gymnasium-rhauderfehn.de\/index.php?rest_route=\/wp\/v2\/types\/page"}],"author":[{"embeddable":true,"href":"https:\/\/www.gymnasium-rhauderfehn.de\/index.php?rest_route=\/wp\/v2\/users\/1"}],"replies":[{"embeddable":true,"href":"https:\/\/www.gymnasium-rhauderfehn.de\/index.php?rest_route=%2Fwp%2Fv2%2Fcomments&post=7958"}],"version-history":[{"count":17,"href":"https:\/\/www.gymnasium-rhauderfehn.de\/index.php?rest_route=\/wp\/v2\/pages\/7958\/revisions"}],"predecessor-version":[{"id":19006,"href":"https:\/\/www.gymnasium-rhauderfehn.de\/index.php?rest_route=\/wp\/v2\/pages\/7958\/revisions\/19006"}],"up":[{"embeddable":true,"href":"https:\/\/www.gymnasium-rhauderfehn.de\/index.php?rest_route=\/wp\/v2\/pages\/19004"}],"wp:attachment":[{"href":"https:\/\/www.gymnasium-rhauderfehn.de\/index.php?rest_route=%2Fwp%2Fv2%2Fmedia&parent=7958"}],"curies":[{"name":"wp","href":"https:\/\/api.w.org\/{rel}","templated":true}]}}