{"id":8191,"date":"2016-01-06T19:44:18","date_gmt":"2016-01-06T18:44:18","guid":{"rendered":"https:\/\/www.gymnasium-rhauderfehn.de\/?page_id=8191"},"modified":"2025-04-13T12:06:55","modified_gmt":"2025-04-13T10:06:55","slug":"informationen-zum-fach-sport","status":"publish","type":"page","link":"https:\/\/www.gymnasium-rhauderfehn.de\/?page_id=8191","title":{"rendered":"Sport"},"content":{"rendered":"<p style=\"text-align: justify; background: white;\">Der Sportunterricht soll bei<span class=\"apple-converted-space\"><span style=\"font-size: 7.0pt;\">\u00a0<\/span><\/span>\u201eallen Sch\u00fclerinnen und Sch\u00fclern die Freude an der Bewegung und am gemeinschaftlichen Sporttreiben wecken und die Einsicht vermitteln, dass sich kontinuierliches Sporttreiben, verbunden mit einer gesunden Lebensf\u00fchrung, positiv auf ihre k\u00f6rperliche, soziale, emotionale und geistige Entwicklung auswirkt. Gleichzeitig soll Sport in der Schule Fairness, Toleranz, Teamgeist und Leistungsbereitschaft f\u00f6rdern.\u201c\u00a0(Kerncurriculum Sport f\u00fcr die Sek I. Nds. Kultusministerium 2007)<\/p>\n<p style=\"text-align: justify; background: white;\">Um dies umzusetzen besitzt die Fachschaft Sport am Gymnasium Rhauderfehn ein breit aufgestelltes <a href=\"https:\/\/www.gymnasium-rhauderfehn.de\/wp-content\/uploads\/2016\/01\/20160101_v1.0_Fachgruppe_Sport_Schulinternes_Curriculum_SekI_Nov_2014.pdf\">schulinternes Curriculum<\/a><a href=\"https:\/\/www.gymnasium-rhauderfehn.de\/wp-content\/uploads\/2016\/01\/20160101_v1.0_Fachgruppe_Sport_Schulinternes_Curriculum_SekI_Nov_2014.pdf\"> f\u00fcr die Klassen 5-10<\/a>\u00a0und ein der Schule angepasstes <a href=\"https:\/\/www.gymnasium-rhauderfehn.de\/wp-content\/uploads\/2016\/01\/Schulinternes-Currikulum-Sport-Oberstufe.pdf\">Curriculum f\u00fcr die Sekundarstufe II<\/a> .<\/p>\n<p style=\"text-align: justify; background: white;\">Seit dem Schuljahr ist das Gymnasium \u201eSportfreundliche Schule\u201c, eine Auszeichnung, die im Rahmen des Aktionsplans 2011-2014 \u201eLernen braucht Bewegung &#8211; Niedersachsen setzt Akzente\u201c der Schule f\u00fcr ihr gro\u00dfes Engagement im Bereich Sport verliehen wurde.<\/p>\n<h1>Jahrgangsstufenturniere<\/h1>\n<p style=\"text-align: justify; background: white;\">In allen Jahrgangsstufen veranstalten wir gemeinsam mit der Kreisrealschule Overledingerland und teilweise auch mit der Erich-K\u00e4stner-Schule Jahrgangstufenturniere:<\/p>\n<figure id=\"attachment_8383\" aria-describedby=\"caption-attachment-8383\" style=\"width: 285px\" class=\"wp-caption alignright\"><a href=\"https:\/\/www.gymnasium-rhauderfehn.de\/wp-content\/uploads\/2016\/01\/20160101_v1.0_Hanballturnier1.jpeg\"><img loading=\"lazy\" decoding=\"async\" class=\"wp-image-8383\" src=\"https:\/\/www.gymnasium-rhauderfehn.de\/wp-content\/uploads\/2016\/01\/20160101_v1.0_Hanballturnier1-300x200.jpeg\" alt=\"20160101_v1.0_Hanballturnier\" width=\"285\" height=\"192\" \/><\/a><figcaption id=\"caption-attachment-8383\" class=\"wp-caption-text\">Handballturnier 2015<\/figcaption><\/figure>\n<ul>\n<li style=\"text-align: justify; background: white;\">Brennballturnier f\u00fcr den 5. Jahrgang<\/li>\n<li style=\"text-align: justify; background: white;\">Fu\u00dfballturnier f\u00fcr den 6. Jahrgang<\/li>\n<li style=\"text-align: justify; background: white;\">Handballturnier f\u00fcr den 7. Jahrgang<\/li>\n<li style=\"text-align: justify; background: white;\">Basketballturnier f\u00fcr den 8. Jahrgang<\/li>\n<li style=\"text-align: justify; background: white;\">Volleyballturnier f\u00fcr den 9. Jahrgang<\/li>\n<li style=\"text-align: justify; background: white;\">Fu\u00dfball-Nikolausturnier und Badminton-Weihnachtsturnier f\u00fcr den 10. Jahrgang und die Oberstufe<\/li>\n<\/ul>\n<h1>Pausensport<\/h1>\n<figure id=\"attachment_8385\" aria-describedby=\"caption-attachment-8385\" style=\"width: 294px\" class=\"wp-caption alignleft\"><img loading=\"lazy\" decoding=\"async\" class=\"wp-image-8385\" src=\"https:\/\/www.gymnasium-rhauderfehn.de\/wp-content\/uploads\/2016\/01\/20150101_v1.0_Pausensport-300x225.jpg\" alt=\"20160101_v1.0_Pausensport\" width=\"294\" height=\"223\" \/><figcaption id=\"caption-attachment-8385\" class=\"wp-caption-text\">Ger\u00e4teausleihe aus dem Bauwagen<\/figcaption><\/figure>\n<p style=\"text-align: justify; background: white;\">Durch die Besch\u00e4ftigung eines Freiwilligen im Bereich Sport (BFD) sind wir in der Lage weitere sportliche Zusatzangebote anzubieten. Hier zu nennen w\u00e4re vor allem der in den gro\u00dfen Pausen stattfindende Pausensport in der Turnhalle f\u00fcr die 5. und 6. Klassen. Dieses Angebot wurde 2014 bei gutem Wetter auf die Au\u00dfenanlagen der Schule erweitert.<br \/>\nDabei k\u00f6nnen Sch\u00fclerinnen und Sch\u00fcler aller Jahrg\u00e4nge Sportger\u00e4te aus einem Bauwagen ausleihen.<\/p>\n<h1>Sport-AGs<\/h1>\n<p style=\"text-align: justify; background: white;\">Im Rahmen unseres Ganztagsangebotes bieten wir ein gro\u00dfes Angebot an Sport-AGs an:<\/p>\n<ul>\n<li style=\"text-align: justify; background: white;\">Handball<\/li>\n<li style=\"text-align: justify; background: white;\">Fu\u00dfball<\/li>\n<li style=\"text-align: justify; background: white;\">Karate<\/li>\n<li style=\"text-align: justify; background: white;\">Kickboxen<\/li>\n<li style=\"text-align: justify; background: white;\">Volleyball<\/li>\n<li style=\"text-align: justify; background: white;\">Basketball<\/li>\n<\/ul>\n<h1 style=\"text-align: justify; background: white;\">Sportliche Schulausfl\u00fcge<\/h1>\n<p style=\"text-align: justify; background: white;\">Neben dem Sportunterricht und den AGs werden bei Schulausfl\u00fcgen mit sportlichem Schwerpunkt auch die vielf\u00e4ltigen Sportm\u00f6glichkeiten in der Region genutzt:<\/p>\n<figure id=\"attachment_8388\" aria-describedby=\"caption-attachment-8388\" style=\"width: 300px\" class=\"wp-caption alignright\"><img loading=\"lazy\" decoding=\"async\" class=\"wp-image-8388 size-medium\" src=\"https:\/\/www.gymnasium-rhauderfehn.de\/wp-content\/uploads\/2016\/01\/20160101_v1.0_Jahrgangsbeste_78_BuJuSp_2015-300x225.jpg\" alt=\"20160101_v1.0_Jahrgangsbeste_78_BuJuSp_2015\" width=\"300\" height=\"225\" srcset=\"https:\/\/www.gymnasium-rhauderfehn.de\/wp-content\/uploads\/2016\/01\/20160101_v1.0_Jahrgangsbeste_78_BuJuSp_2015-300x225.jpg 300w, https:\/\/www.gymnasium-rhauderfehn.de\/wp-content\/uploads\/2016\/01\/20160101_v1.0_Jahrgangsbeste_78_BuJuSp_2015-1024x768.jpg 1024w, https:\/\/www.gymnasium-rhauderfehn.de\/wp-content\/uploads\/2016\/01\/20160101_v1.0_Jahrgangsbeste_78_BuJuSp_2015-400x300.jpg 400w\" sizes=\"auto, (max-width: 300px) 100vw, 300px\" \/><figcaption id=\"caption-attachment-8388\" class=\"wp-caption-text\">Jahrgangsbeste der Klassen 7 und 8 BuJuSp 2015<\/figcaption><\/figure>\n<ul>\n<li style=\"text-align: justify; background: white;\">Drachenboot<\/li>\n<li style=\"text-align: justify; background: white;\">Segeltouren<\/li>\n<li style=\"text-align: justify; background: white;\">Wasserski<\/li>\n<li style=\"text-align: justify; background: white;\">Hochseilklettergarten<\/li>\n<li style=\"text-align: justify; background: white;\">Soccerhalle<\/li>\n<li style=\"text-align: justify; background: white;\">Kanutouren<\/li>\n<li style=\"text-align: justify; background: white;\">Fahrradausfl\u00fcge<\/li>\n<\/ul>\n<p style=\"text-align: justify; background: white;\">Falls Sie Interesse haben,\u00a0einen\u00a0Freiwilligendienst an unserer Schule zu absolvieren, dann schreiben Sie eine Bewerbung an <a href=\"mailto:leitung@gymnasium-rhauderfehn.de\">leitung@gymnasium-rhauderfehn.de<\/a> !<\/p>\n","protected":false},"excerpt":{"rendered":"<p>Der Sportunterricht soll bei\u00a0\u201eallen Sch\u00fclerinnen und Sch\u00fclern die Freude an der Bewegung und am gemeinschaftlichen Sporttreiben wecken und die Einsicht vermitteln, dass sich kontinuierliches Sporttreiben, verbunden mit einer gesunden Lebensf\u00fchrung, positiv auf ihre k\u00f6rperliche, soziale, [&hellip;]<\/p>\n","protected":false},"author":1,"featured_media":0,"parent":28,"menu_order":5,"comment_status":"closed","ping_status":"closed","template":"","meta":{"ngg_post_thumbnail":0,"footnotes":""},"class_list":["post-8191","page","type-page","status-publish","hentry"],"_links":{"self":[{"href":"https:\/\/www.gymnasium-rhauderfehn.de\/index.php?rest_route=\/wp\/v2\/pages\/8191","targetHints":{"allow":["GET"]}}],"collection":[{"href":"https:\/\/www.gymnasium-rhauderfehn.de\/index.php?rest_route=\/wp\/v2\/pages"}],"about":[{"href":"https:\/\/www.gymnasium-rhauderfehn.de\/index.php?rest_route=\/wp\/v2\/types\/page"}],"author":[{"embeddable":true,"href":"https:\/\/www.gymnasium-rhauderfehn.de\/index.php?rest_route=\/wp\/v2\/users\/1"}],"replies":[{"embeddable":true,"href":"https:\/\/www.gymnasium-rhauderfehn.de\/index.php?rest_route=%2Fwp%2Fv2%2Fcomments&post=8191"}],"version-history":[{"count":18,"href":"https:\/\/www.gymnasium-rhauderfehn.de\/index.php?rest_route=\/wp\/v2\/pages\/8191\/revisions"}],"predecessor-version":[{"id":21536,"href":"https:\/\/www.gymnasium-rhauderfehn.de\/index.php?rest_route=\/wp\/v2\/pages\/8191\/revisions\/21536"}],"up":[{"embeddable":true,"href":"https:\/\/www.gymnasium-rhauderfehn.de\/index.php?rest_route=\/wp\/v2\/pages\/28"}],"wp:attachment":[{"href":"https:\/\/www.gymnasium-rhauderfehn.de\/index.php?rest_route=%2Fwp%2Fv2%2Fmedia&parent=8191"}],"curies":[{"name":"wp","href":"https:\/\/api.w.org\/{rel}","templated":true}]}}