{"id":8255,"date":"2016-01-08T12:09:19","date_gmt":"2016-01-08T11:09:19","guid":{"rendered":"https:\/\/www.gymnasium-rhauderfehn.de\/?page_id=8255"},"modified":"2020-03-20T10:21:47","modified_gmt":"2020-03-20T09:21:47","slug":"schueleraustausch-mit-mariestad-schweden","status":"publish","type":"page","link":"https:\/\/www.gymnasium-rhauderfehn.de\/?page_id=8255","title":{"rendered":"Sch\u00fcleraustausch mit Mariestad (Schweden)"},"content":{"rendered":"<h1>Austausch mit der Ekhamraskola in Mariestad, Schweden<\/h1>\n<p>Seit einigen Jahren findet ein j\u00e4hrlicher Austausch mit der Ekhamraskola in Mariestad statt. Es k\u00f6nnen jeweils etwa 12-20 Sch\u00fclerinnen und Sch\u00fcler 8. und 9. Klassen an dem Austausch mit der schwedischen Schule teilnehmen.<\/p>\n<h2>Ziele des Austauschprogramms<\/h2>\n<p>Der Austausch soll die sprachliche Kompetenz im Bereich Englisch verbessern sowie in sprachlicher Hinsicht sensibilisieren f\u00fcr die gemeinsamen Wurzeln und zahlreichen Gemeinsamkeiten der Sprachen Schwedisch, Deutsch, Englisch, Niederl\u00e4ndisch und auch Niederdeutsch. Die teilnehmenden Jugendlichen sollen durch den pers\u00f6nlichen Kontakt zu ihren Austauschpartnern einen direkten Einblick in den Alltag und das Schulsystem eines anderen europ\u00e4ischen Landes erhalten, wodurch Offenheit und Toleranz im Sinne des Europagedanken unserer Schule gef\u00f6rdert werden soll. \u00dcber die Pr\u00e4sentation der eigenen Heimat bzw. des eigenen Wohnortes einem Gast gegen\u00fcber erweitert und differenziert sich au\u00dferdem der Blick auf das eigene Lebensumfeld. Durch gemeinsame Arbeit an spezifischen Inhalten im Hinblick auf das Themenfeld Europa sollen dar\u00fcber hinaus kooperative internationale Lernerlebnisse geschaffen werden.<\/p>\n<p>Die Sch\u00fclerinnen und Sch\u00fcler nehmen f\u00fcr eine Woche einen schwedischen Gast bei sich zu Hause auf und werden von diesem dann im Gegenzug eine Woche lang in Schweden beherbergt. Die Jugendlichen lernen so, sich in das schulische Leben und in den Alltag der Gastgeberfamilie zu integrieren und dabei entstehende Herausforderungen zu meistern. Der Austausch wird durch E-Mail-Kontakte vor- und nachbereitet und hat jedes Jahr einen anderen thematischen Schwerpunkt.<\/p>\n<h3><strong>Programm<\/strong><\/h3>\n<p>Das Programm ist jedes Jahr anders, enth\u00e4lt aber sowohl in Rhauderfehn als auch in Mariestad jeweils Exkursionen, gemeinsame Aktivit\u00e4ten mit der gesamten Austauschgruppe, Freizeit mit den Austauschpartnern sowie Zeit in der jeweiligen Schule.<\/p>\n<h3><strong>Anmeldung und Reise<\/strong><\/h3>\n<p>Informationen zu Terminen, Reisemitteln und Preisen werden bei Ank\u00fcndigung des Austausches bekannt gegeben. Die Sch\u00fcler\/innen werden per E-Mail informiert, wann ein neuer Austausch geplant ist und wie sie sich anmelden k\u00f6nnen.<\/p>\n","protected":false},"excerpt":{"rendered":"<p>Austausch mit der Ekhamraskola in Mariestad, Schweden Seit einigen Jahren findet ein j\u00e4hrlicher Austausch mit der Ekhamraskola in Mariestad statt. Es k\u00f6nnen jeweils etwa 12-20 Sch\u00fclerinnen und Sch\u00fcler 8. und 9. Klassen an dem Austausch [&hellip;]<\/p>\n","protected":false},"author":1,"featured_media":0,"parent":7590,"menu_order":2,"comment_status":"closed","ping_status":"closed","template":"","meta":{"ngg_post_thumbnail":0,"footnotes":""},"class_list":["post-8255","page","type-page","status-publish","hentry"],"_links":{"self":[{"href":"https:\/\/www.gymnasium-rhauderfehn.de\/index.php?rest_route=\/wp\/v2\/pages\/8255","targetHints":{"allow":["GET"]}}],"collection":[{"href":"https:\/\/www.gymnasium-rhauderfehn.de\/index.php?rest_route=\/wp\/v2\/pages"}],"about":[{"href":"https:\/\/www.gymnasium-rhauderfehn.de\/index.php?rest_route=\/wp\/v2\/types\/page"}],"author":[{"embeddable":true,"href":"https:\/\/www.gymnasium-rhauderfehn.de\/index.php?rest_route=\/wp\/v2\/users\/1"}],"replies":[{"embeddable":true,"href":"https:\/\/www.gymnasium-rhauderfehn.de\/index.php?rest_route=%2Fwp%2Fv2%2Fcomments&post=8255"}],"version-history":[{"count":2,"href":"https:\/\/www.gymnasium-rhauderfehn.de\/index.php?rest_route=\/wp\/v2\/pages\/8255\/revisions"}],"predecessor-version":[{"id":15792,"href":"https:\/\/www.gymnasium-rhauderfehn.de\/index.php?rest_route=\/wp\/v2\/pages\/8255\/revisions\/15792"}],"up":[{"embeddable":true,"href":"https:\/\/www.gymnasium-rhauderfehn.de\/index.php?rest_route=\/wp\/v2\/pages\/7590"}],"wp:attachment":[{"href":"https:\/\/www.gymnasium-rhauderfehn.de\/index.php?rest_route=%2Fwp%2Fv2%2Fmedia&parent=8255"}],"curies":[{"name":"wp","href":"https:\/\/api.w.org\/{rel}","templated":true}]}}