{"id":8346,"date":"2016-01-08T19:57:56","date_gmt":"2016-01-08T18:57:56","guid":{"rendered":"https:\/\/www.gymnasium-rhauderfehn.de\/?page_id=8346"},"modified":"2022-03-26T11:07:41","modified_gmt":"2022-03-26T10:07:41","slug":"angebote-am-gymnasium","status":"publish","type":"page","link":"https:\/\/www.gymnasium-rhauderfehn.de\/?page_id=8346","title":{"rendered":"Angebote am Gymnasium"},"content":{"rendered":"<p>Das AWG unterst\u00fctzt die Sch\u00fclerinnen und Sch\u00fcler bei der Berufs- und Studienorientierung. Folgende Angebote werden an unserer Schule regelm\u00e4\u00dfig gemacht:<\/p>\n<p><strong>Jahrgang 5 &#8211; 8:<\/strong><\/p>\n<ul>\n<li>fakultative Teilnahme am Zukunftstag<\/li>\n<\/ul>\n<p><strong>Jahrgang 9:<\/strong><\/p>\n<ul>\n<li>Besuch des Berufsinformationszentrums (BIZ) in Leer mit Vortrag des Berufsberaters und Durchf\u00fchrung eines Interessenstests<\/li>\n<li>Projekttag zum Erstellen eines Bewerbungsschreibens mit Lebenslauf in digitaler Form<\/li>\n<li>verbindliches Tagespraktikum am Zukunftstag<\/li>\n<\/ul>\n<p><strong>Jahrgang 10:<\/strong><\/p>\n<ul>\n<li>Besuch der Praktikumsmesse: Vorstellung der Praktikumserfahrungen durch Jahrgang 11<\/li>\n<li>Projekttag \u201eBerufswelten\u201c, federf\u00fchrend organisiert durch den Verein \u201eChance:Azubi\u201c<\/li>\n<\/ul>\n<p><strong>Jahrgang 11 (Einf\u00fchrungsphase):<br \/>\n<\/strong><\/p>\n<ul>\n<li>zweiw\u00f6chiges Betriebspraktikum<\/li>\n<li>schriftliche Ausarbeitung zum Praktikum<\/li>\n<li>Vorbereitung der Praktikumsmesse: Vorstellung der Praktikumserfahrungen f\u00fcr Jahrgang 10<\/li>\n<li>Durchf\u00fchrung eines Kompetenzfeststellungsverfahrens<\/li>\n<li>Infoveranstaltung des Berufsberaters zu M\u00f6glichkeiten nach dem Abitur<\/li>\n<li>Unterricht zur Vorbereitung der Berufs- oder Studienwahl im Umfang von einer Wochenstunde<\/li>\n<\/ul>\n<p><strong>Jahrgang 12\/ 13 (Qualifikationsphase): <\/strong><\/p>\n<ul>\n<li>Vortrag des Berufsberaters \u201eAbi \u2013 und was dann?\u201c (Jg. 12)<\/li>\n<li>Besuch der Studien- und Ausbildungsmesse \u201evocatium\u201c in Oldenburg (Jg. 12)<\/li>\n<li>Projekt: \u201eKarriereziel: Ingenieurin\u201c in Kooperation mit der Hochschule Emden (Jg. 13)<\/li>\n<li>Angebot von Studienfeldbezogenen Beratungstests (SFBT) durch die Agentur f\u00fcr Arbeit<\/li>\n<li>Informationsveranstaltung zum Thema Freiwilligendienst\/Auslandsjahr (Jg. 13)<\/li>\n<li>Infotag &#8222;Wege nach dem Abitur\u201c im Zweijahresrhythmus: Universit\u00e4ten, Fachhochschulen, Berufsakademien und regionale Ausbildungsbetriebe stellen sich am Gymnasium Rhauderfehn vor<\/li>\n<li>Abendveranstaltung in Kooperation mit der Initiative Arbeiterkind.de: \u201eStudieren \u2013 wie geht das? Eine Veranstaltung f\u00fcr Eltern und Sch\u00fcler*innen\u201c<\/li>\n<li>Informationsveranstaltung f\u00fcr AbiturientInnen zur Studienfinanzierung mittels Stipendien<\/li>\n<\/ul>\n<p><strong>F\u00fcr alle Sch\u00fclerinnen und Sch\u00fcler gilt unabh\u00e4ngig von der Jahrgangsstufe:<\/strong><\/p>\n<ul>\n<li>Der <a href=\"https:\/\/www.gymnasium-rhauderfehn.de\/?page_id=8348\">Berufsberater der Bundesagentur f\u00fcr Arbeit <\/a>steht jeden ersten Donnerstag im Monat den Sch\u00fclerinnen und Sch\u00fclern in einer Sprechstunde als Ansprechpartner zur Verf\u00fcgung.<\/li>\n<li>Vor dem Oberstufensekretariat steht umfangreiches Material zur Berufs- und Studieninformation bereit (u.a. der Studien- und Berufsf\u00fchrer der BA).<\/li>\n<li>In der Bibliothek finden sich interessante und aktuelle B\u00fccher zum Thema Studien- und Berufswahl.<\/li>\n<li>An der Pinnwand gegen\u00fcber den Schauk\u00e4sten der Oberstufe sowie per Email wird regelm\u00e4\u00dfig \u00fcber aktuelle Veranstaltungen oder Angebote zur Studien-und Berufswahl informiert.<\/li>\n<\/ul>\n<p>Seitens des Lehrerkollegiums ist Frau Noormann als Beauftragte f\u00fcr Berufsorientierung benannt worden.<\/p>\n","protected":false},"excerpt":{"rendered":"<p>Das AWG unterst\u00fctzt die Sch\u00fclerinnen und Sch\u00fcler bei der Berufs- und Studienorientierung. Folgende Angebote werden an unserer Schule regelm\u00e4\u00dfig gemacht: Jahrgang 5 &#8211; 8: fakultative Teilnahme am Zukunftstag Jahrgang 9: Besuch des Berufsinformationszentrums (BIZ) in [&hellip;]<\/p>\n","protected":false},"author":45,"featured_media":0,"parent":7354,"menu_order":1,"comment_status":"closed","ping_status":"closed","template":"","meta":{"ngg_post_thumbnail":0,"footnotes":""},"class_list":["post-8346","page","type-page","status-publish","hentry"],"_links":{"self":[{"href":"https:\/\/www.gymnasium-rhauderfehn.de\/index.php?rest_route=\/wp\/v2\/pages\/8346","targetHints":{"allow":["GET"]}}],"collection":[{"href":"https:\/\/www.gymnasium-rhauderfehn.de\/index.php?rest_route=\/wp\/v2\/pages"}],"about":[{"href":"https:\/\/www.gymnasium-rhauderfehn.de\/index.php?rest_route=\/wp\/v2\/types\/page"}],"author":[{"embeddable":true,"href":"https:\/\/www.gymnasium-rhauderfehn.de\/index.php?rest_route=\/wp\/v2\/users\/45"}],"replies":[{"embeddable":true,"href":"https:\/\/www.gymnasium-rhauderfehn.de\/index.php?rest_route=%2Fwp%2Fv2%2Fcomments&post=8346"}],"version-history":[{"count":23,"href":"https:\/\/www.gymnasium-rhauderfehn.de\/index.php?rest_route=\/wp\/v2\/pages\/8346\/revisions"}],"predecessor-version":[{"id":18828,"href":"https:\/\/www.gymnasium-rhauderfehn.de\/index.php?rest_route=\/wp\/v2\/pages\/8346\/revisions\/18828"}],"up":[{"embeddable":true,"href":"https:\/\/www.gymnasium-rhauderfehn.de\/index.php?rest_route=\/wp\/v2\/pages\/7354"}],"wp:attachment":[{"href":"https:\/\/www.gymnasium-rhauderfehn.de\/index.php?rest_route=%2Fwp%2Fv2%2Fmedia&parent=8346"}],"curies":[{"name":"wp","href":"https:\/\/api.w.org\/{rel}","templated":true}]}}